{"id":3760,"date":"2025-10-09T00:00:00","date_gmt":"2025-10-08T22:00:00","guid":{"rendered":"https:\/\/yotavis.ch\/product\/sna5014a\/"},"modified":"2026-04-24T13:29:51","modified_gmt":"2026-04-24T11:29:51","slug":"sna5014a","status":"publish","type":"product","link":"https:\/\/yotavis.ch\/fr\/produit\/sna5014a\/","title":{"rendered":"SNA5014A"},"content":{"rendered":"<p>Le Siglent SNA5014A fonctionne dans une gamme de fr\u00e9quences de 9 kHz \u00e0 8,5 GHz, offrant un large spectre pour diverses applications. Il est dot\u00e9 de quatre ports, ce qui permet d'effectuer plusieurs connexions et mesures simultan\u00e9ment. L'appareil offre une r\u00e9solution de fr\u00e9quence de 1 Hz, ce qui permet une analyse pr\u00e9cise des fr\u00e9quences. Sa largeur de bande de fr\u00e9quence interm\u00e9diaire (IFBW) s'\u00e9tend de 10 Hz \u00e0 3 MHz, ce qui permet un examen d\u00e9taill\u00e9 du signal. La plage dynamique du SNA5014A est de 125 dB, ce qui facilite la d\u00e9tection des signaux pr\u00e9sentant des diff\u00e9rences d'amplitude significatives. La gamme de niveaux de sortie s'\u00e9tend de -55 dBm \u00e0 +10 dBm, ce qui permet de s'adapter \u00e0 une grande vari\u00e9t\u00e9 d'intensit\u00e9s de signaux. En outre, l'instrument est \u00e9quip\u00e9 d'un \u00e9cran tactile de 12,1 pouces, ce qui am\u00e9liore l'interaction et le contr\u00f4le de l'utilisateur. Gr\u00e2ce \u00e0 cette combinaison de sp\u00e9cifications, le SNA5014A convient aux t\u00e2ches compl\u00e8tes d'analyse des fr\u00e9quences et des signaux.<\/p>","protected":false},"excerpt":{"rendered":"<p>Frequency Range: 9 kHz~8.5 GHz, 4 ports\uff0cFrequencey Resolution 1 Hz, IFBW 10 Hz~3 MHz, Dynamic Range 125 dB, Output Level Range -55 dBm ~ +10 dBm, 12.1&#8221; Touch Screen<\/p>","protected":false},"featured_media":6385,"comment_status":"closed","ping_status":"closed","template":"","meta":{"_acf_changed":false,"slim_seo":{"title":"SNA5014A - YOTAVIS AG","description":"Frequency Range: 9 kHz~8.5 GHz, 4 ports\uff0cFrequencey Resolution 1 Hz, IFBW 10 Hz~3 MHz, Dynamic Range 125 dB, Output Level Range -55 dBm ~ +10 dBm, 12.1'' Touch S"}},"product_brand":[506],"product_cat":[523,525],"product_tag":[],"class_list":{"0":"post-3760","1":"product","2":"type-product","3":"status-publish","4":"has-post-thumbnail","6":"product_brand-siglent","7":"product_cat-analyser","8":"product_cat-vna","9":"pa_dynamic-range-db-248","10":"pa_frequency-max-mhz-463","11":"pa_frequency-min-hz-177","12":"pa_handheld-no","13":"pa_ports-249","15":"first","16":"instock","17":"taxable","18":"shipping-taxable","19":"purchasable","20":"product-type-simple"},"acf":[],"_links":{"self":[{"href":"https:\/\/yotavis.ch\/fr\/wp-json\/wp\/v2\/product\/3760","targetHints":{"allow":["GET"]}}],"collection":[{"href":"https:\/\/yotavis.ch\/fr\/wp-json\/wp\/v2\/product"}],"about":[{"href":"https:\/\/yotavis.ch\/fr\/wp-json\/wp\/v2\/types\/product"}],"replies":[{"embeddable":true,"href":"https:\/\/yotavis.ch\/fr\/wp-json\/wp\/v2\/comments?post=3760"}],"wp:featuredmedia":[{"embeddable":true,"href":"https:\/\/yotavis.ch\/fr\/wp-json\/wp\/v2\/media\/6385"}],"wp:attachment":[{"href":"https:\/\/yotavis.ch\/fr\/wp-json\/wp\/v2\/media?parent=3760"}],"wp:term":[{"taxonomy":"product_brand","embeddable":true,"href":"https:\/\/yotavis.ch\/fr\/wp-json\/wp\/v2\/product_brand?post=3760"},{"taxonomy":"product_cat","embeddable":true,"href":"https:\/\/yotavis.ch\/fr\/wp-json\/wp\/v2\/product_cat?post=3760"},{"taxonomy":"product_tag","embeddable":true,"href":"https:\/\/yotavis.ch\/fr\/wp-json\/wp\/v2\/product_tag?post=3760"}],"curies":[{"name":"wp","href":"https:\/\/api.w.org\/{rel}","templated":true}]}}