{"id":3763,"date":"2025-10-09T00:00:00","date_gmt":"2025-10-08T22:00:00","guid":{"rendered":"https:\/\/yotavis.ch\/product\/sna6022a\/"},"modified":"2026-04-24T13:29:54","modified_gmt":"2026-04-24T11:29:54","slug":"sna6022a","status":"publish","type":"product","link":"https:\/\/yotavis.ch\/fr\/produit\/sna6022a\/","title":{"rendered":"SNA6022A"},"content":{"rendered":"<p>Le Siglent SNA6022A est un analyseur de r\u00e9seau vectoriel dot\u00e9 d'une gamme de fr\u00e9quences allant de 100 kHz \u00e0 13,5 GHz. Il est \u00e9quip\u00e9 de deux ports, ce qui lui conf\u00e8re des capacit\u00e9s de mesure polyvalentes. L'appareil offre une plage dynamique de 135 dB, permettant une analyse d\u00e9taill\u00e9e des signaux sur toute la bande passante. Con\u00e7u pour une utilisation sur table, le SNA6022A fournit des mesures pr\u00e9cises des param\u00e8tres de r\u00e9seau dans les limites de fr\u00e9quence sp\u00e9cifi\u00e9es. Sa capacit\u00e9 de fr\u00e9quence maximale s'\u00e9tend jusqu'\u00e0 13,5 GHz, tandis que la fr\u00e9quence minimale commence \u00e0 100 kHz. L'analyseur n'est pas portable, ce qui signifie qu'il est destin\u00e9 \u00e0 des environnements stationnaires de laboratoire ou de production. Ce mod\u00e8le convient aux applications n\u00e9cessitant une analyse vectorielle pr\u00e9cise du r\u00e9seau sur un large spectre de fr\u00e9quences.<\/p>","protected":false},"excerpt":{"rendered":"<p>100k~13.5GHz, 2 ports VNA<\/p>","protected":false},"featured_media":6392,"comment_status":"closed","ping_status":"closed","template":"","meta":{"_acf_changed":false,"slim_seo":{"title":"SNA6022A - YOTAVIS AG","description":"100k~13.5GHz, 2 ports VNA"}},"product_brand":[506],"product_cat":[523,525],"product_tag":[],"class_list":{"0":"post-3763","1":"product","2":"type-product","3":"status-publish","4":"has-post-thumbnail","6":"product_brand-siglent","7":"product_cat-analyser","8":"product_cat-vna","9":"pa_dynamic-range-db-251","10":"pa_frequency-max-mhz-464","11":"pa_frequency-min-hz-250","12":"pa_handheld-no","13":"pa_ports-188","15":"first","16":"instock","17":"taxable","18":"shipping-taxable","19":"purchasable","20":"product-type-simple"},"acf":[],"_links":{"self":[{"href":"https:\/\/yotavis.ch\/fr\/wp-json\/wp\/v2\/product\/3763","targetHints":{"allow":["GET"]}}],"collection":[{"href":"https:\/\/yotavis.ch\/fr\/wp-json\/wp\/v2\/product"}],"about":[{"href":"https:\/\/yotavis.ch\/fr\/wp-json\/wp\/v2\/types\/product"}],"replies":[{"embeddable":true,"href":"https:\/\/yotavis.ch\/fr\/wp-json\/wp\/v2\/comments?post=3763"}],"wp:featuredmedia":[{"embeddable":true,"href":"https:\/\/yotavis.ch\/fr\/wp-json\/wp\/v2\/media\/6392"}],"wp:attachment":[{"href":"https:\/\/yotavis.ch\/fr\/wp-json\/wp\/v2\/media?parent=3763"}],"wp:term":[{"taxonomy":"product_brand","embeddable":true,"href":"https:\/\/yotavis.ch\/fr\/wp-json\/wp\/v2\/product_brand?post=3763"},{"taxonomy":"product_cat","embeddable":true,"href":"https:\/\/yotavis.ch\/fr\/wp-json\/wp\/v2\/product_cat?post=3763"},{"taxonomy":"product_tag","embeddable":true,"href":"https:\/\/yotavis.ch\/fr\/wp-json\/wp\/v2\/product_tag?post=3763"}],"curies":[{"name":"wp","href":"https:\/\/api.w.org\/{rel}","templated":true}]}}