{"id":3766,"date":"2025-10-09T00:00:00","date_gmt":"2025-10-08T22:00:00","guid":{"rendered":"https:\/\/yotavis.ch\/product\/sna6034a\/"},"modified":"2026-04-24T13:29:57","modified_gmt":"2026-04-24T11:29:57","slug":"sna6034a","status":"publish","type":"product","link":"https:\/\/yotavis.ch\/fr\/produit\/sna6034a\/","title":{"rendered":"SNA6034A"},"content":{"rendered":"<p>Le Siglent SNA6034A est un analyseur de r\u00e9seau vectoriel qui fonctionne sur une gamme de fr\u00e9quences allant de 100 kHz \u00e0 26,5 GHz. Il est dot\u00e9 de quatre ports, ce qui permet des configurations de mesure polyvalentes. L'appareil offre une plage dynamique de 135 dB, ce qui permet une analyse d\u00e9taill\u00e9e des signaux sur l'ensemble des fr\u00e9quences de fonctionnement. Con\u00e7u comme un instrument de table, il n'est pas portatif, ce qui indique qu'il convient aux environnements de laboratoire ou industriels. La fr\u00e9quence maximale de 26,5 GHz lui permet de traiter des applications \u00e0 haute fr\u00e9quence, tandis que la fr\u00e9quence minimale de 100 kHz permet \u00e9galement des mesures \u00e0 basse fr\u00e9quence. Gr\u00e2ce \u00e0 cette combinaison de caract\u00e9ristiques, le SNA6034A convient \u00e0 un large \u00e9ventail de sc\u00e9narios de test impliquant des composants RF et hyperfr\u00e9quences.<\/p>","protected":false},"excerpt":{"rendered":"<p>100k~26.5GHz, 4 ports VNA<\/p>","protected":false},"featured_media":6398,"comment_status":"closed","ping_status":"closed","template":"","meta":{"_acf_changed":false,"slim_seo":{"title":"SNA6034A - YOTAVIS AG","description":"100k~26.5GHz, 4 ports VNA"}},"product_brand":[506],"product_cat":[523,525],"product_tag":[],"class_list":{"0":"post-3766","1":"product","2":"type-product","3":"status-publish","4":"has-post-thumbnail","6":"product_brand-siglent","7":"product_cat-analyser","8":"product_cat-vna","9":"pa_dynamic-range-db-251","10":"pa_frequency-max-mhz-465","11":"pa_frequency-min-hz-250","12":"pa_handheld-no","13":"pa_ports-249","15":"first","16":"instock","17":"taxable","18":"shipping-taxable","19":"purchasable","20":"product-type-simple"},"acf":[],"_links":{"self":[{"href":"https:\/\/yotavis.ch\/fr\/wp-json\/wp\/v2\/product\/3766","targetHints":{"allow":["GET"]}}],"collection":[{"href":"https:\/\/yotavis.ch\/fr\/wp-json\/wp\/v2\/product"}],"about":[{"href":"https:\/\/yotavis.ch\/fr\/wp-json\/wp\/v2\/types\/product"}],"replies":[{"embeddable":true,"href":"https:\/\/yotavis.ch\/fr\/wp-json\/wp\/v2\/comments?post=3766"}],"wp:featuredmedia":[{"embeddable":true,"href":"https:\/\/yotavis.ch\/fr\/wp-json\/wp\/v2\/media\/6398"}],"wp:attachment":[{"href":"https:\/\/yotavis.ch\/fr\/wp-json\/wp\/v2\/media?parent=3766"}],"wp:term":[{"taxonomy":"product_brand","embeddable":true,"href":"https:\/\/yotavis.ch\/fr\/wp-json\/wp\/v2\/product_brand?post=3766"},{"taxonomy":"product_cat","embeddable":true,"href":"https:\/\/yotavis.ch\/fr\/wp-json\/wp\/v2\/product_cat?post=3766"},{"taxonomy":"product_tag","embeddable":true,"href":"https:\/\/yotavis.ch\/fr\/wp-json\/wp\/v2\/product_tag?post=3766"}],"curies":[{"name":"wp","href":"https:\/\/api.w.org\/{rel}","templated":true}]}}