{"id":3768,"date":"2025-10-09T00:00:00","date_gmt":"2025-10-08T22:00:00","guid":{"rendered":"https:\/\/yotavis.ch\/product\/sna6124a\/"},"modified":"2026-04-24T13:29:58","modified_gmt":"2026-04-24T11:29:58","slug":"sna6124a","status":"publish","type":"product","link":"https:\/\/yotavis.ch\/fr\/produit\/sna6124a\/","title":{"rendered":"SNA6124A"},"content":{"rendered":"<p>Le SNA6124A de Siglent est un analyseur de r\u00e9seau vectoriel dot\u00e9 d'une gamme de fr\u00e9quences de 100 kHz \u00e0 13,5 GHz et de quatre ports. Il offre un acc\u00e8s direct au r\u00e9cepteur, ce qui permet une analyse d\u00e9taill\u00e9e du signal. L'appareil dispose d'une plage de r\u00e9glage du niveau de sortie standard de -55 \u00e0 +10 dBm, offrant une grande flexibilit\u00e9 dans le contr\u00f4le de la sortie du signal. Sa plage dynamique atteint 135 dB, ce qui permet des mesures de haute pr\u00e9cision. L'analyseur est dot\u00e9 d'un \u00e9cran tactile de 12,1 pouces, ce qui am\u00e9liore l'interaction avec l'utilisateur et la facilit\u00e9 d'utilisation. Avec une capacit\u00e9 de fr\u00e9quence maximale de 13 500 MHz et une fr\u00e9quence minimale de 100 000 Hz, il couvre un large spectre adapt\u00e9 \u00e0 diverses applications de test. La combinaison de ces caract\u00e9ristiques fait du SNA6124A un instrument polyvalent pour les t\u00e2ches d'analyse de r\u00e9seau.<\/p>","protected":false},"excerpt":{"rendered":"<p>100k~13.5GHz, 4 ports VNA  with direct receiver access; stanadard setting range of output level: -55 ~ +10 dBm; dynamic range 135 dB; 12.1&#8221; touch screen<\/p>","protected":false},"featured_media":6400,"comment_status":"closed","ping_status":"closed","template":"","meta":{"_acf_changed":false,"slim_seo":{"title":"SNA6124A - YOTAVIS AG","description":"100k~13.5GHz, 4 ports VNA with direct receiver access; stanadard setting range of output level: -55 ~ +10 dBm; dynamic range 135 dB; 12.1'' touch screen"}},"product_brand":[506],"product_cat":[523,525],"product_tag":[],"class_list":{"0":"post-3768","1":"product","2":"type-product","3":"status-publish","4":"has-post-thumbnail","6":"product_brand-siglent","7":"product_cat-analyser","8":"product_cat-vna","9":"pa_dynamic-range-db-251","10":"pa_frequency-max-mhz-464","11":"pa_frequency-min-hz-250","12":"pa_handheld-no","13":"pa_ports-249","15":"first","16":"instock","17":"taxable","18":"shipping-taxable","19":"purchasable","20":"product-type-simple"},"acf":[],"_links":{"self":[{"href":"https:\/\/yotavis.ch\/fr\/wp-json\/wp\/v2\/product\/3768","targetHints":{"allow":["GET"]}}],"collection":[{"href":"https:\/\/yotavis.ch\/fr\/wp-json\/wp\/v2\/product"}],"about":[{"href":"https:\/\/yotavis.ch\/fr\/wp-json\/wp\/v2\/types\/product"}],"replies":[{"embeddable":true,"href":"https:\/\/yotavis.ch\/fr\/wp-json\/wp\/v2\/comments?post=3768"}],"wp:featuredmedia":[{"embeddable":true,"href":"https:\/\/yotavis.ch\/fr\/wp-json\/wp\/v2\/media\/6400"}],"wp:attachment":[{"href":"https:\/\/yotavis.ch\/fr\/wp-json\/wp\/v2\/media?parent=3768"}],"wp:term":[{"taxonomy":"product_brand","embeddable":true,"href":"https:\/\/yotavis.ch\/fr\/wp-json\/wp\/v2\/product_brand?post=3768"},{"taxonomy":"product_cat","embeddable":true,"href":"https:\/\/yotavis.ch\/fr\/wp-json\/wp\/v2\/product_cat?post=3768"},{"taxonomy":"product_tag","embeddable":true,"href":"https:\/\/yotavis.ch\/fr\/wp-json\/wp\/v2\/product_tag?post=3768"}],"curies":[{"name":"wp","href":"https:\/\/api.w.org\/{rel}","templated":true}]}}