{"id":3769,"date":"2025-10-09T00:00:00","date_gmt":"2025-10-08T22:00:00","guid":{"rendered":"https:\/\/yotavis.ch\/product\/sna6132a\/"},"modified":"2026-04-24T13:29:58","modified_gmt":"2026-04-24T11:29:58","slug":"sna6132a","status":"publish","type":"product","link":"https:\/\/yotavis.ch\/fr\/produit\/sna6132a\/","title":{"rendered":"SNA6132A"},"content":{"rendered":"<p>Le SNA6132A de Siglent est un analyseur de r\u00e9seau vectoriel dot\u00e9 d'une gamme de fr\u00e9quences de 100 kHz \u00e0 26,5 GHz et de deux ports. Il offre un acc\u00e8s direct au r\u00e9cepteur, ce qui permet une analyse d\u00e9taill\u00e9e du signal. L'appareil comprend un \u00e9cran tactile de 12,1 pouces pour l'interaction et le contr\u00f4le de l'utilisateur. Son niveau de sortie standard s'\u00e9tend de -55 dBm \u00e0 +10 dBm, ce qui permet une grande flexibilit\u00e9 dans la sortie du signal. La plage dynamique de l'analyseur est de 135 dB, ce qui permet des mesures de haute pr\u00e9cision sur l'ensemble du spectre de fr\u00e9quences. Ce mod\u00e8le est con\u00e7u pour \u00eatre utilis\u00e9 dans diverses applications de test et de mesure n\u00e9cessitant une analyse vectorielle pr\u00e9cise du r\u00e9seau dans les plages de fr\u00e9quence et d'amplitude sp\u00e9cifi\u00e9es.<\/p>","protected":false},"excerpt":{"rendered":"<p>100k~26.5GHz, 2 ports VNA  with direct receiver access; stanadard setting range of output level: -55 ~ +10 dBm; dynamic range 135 dB; 12.1&#8221; touch screen<\/p>","protected":false},"featured_media":6401,"comment_status":"closed","ping_status":"closed","template":"","meta":{"_acf_changed":false,"slim_seo":{"title":"SNA6132A - YOTAVIS AG","description":"100k~26.5GHz, 2 ports VNA with direct receiver access; stanadard setting range of output level: -55 ~ +10 dBm; dynamic range 135 dB; 12.1'' touch screen"}},"product_brand":[506],"product_cat":[523,525],"product_tag":[],"class_list":{"0":"post-3769","1":"product","2":"type-product","3":"status-publish","4":"has-post-thumbnail","6":"product_brand-siglent","7":"product_cat-analyser","8":"product_cat-vna","9":"pa_dynamic-range-db-251","10":"pa_frequency-max-mhz-465","11":"pa_frequency-min-hz-250","12":"pa_handheld-no","13":"pa_ports-188","15":"first","16":"instock","17":"taxable","18":"shipping-taxable","19":"purchasable","20":"product-type-simple"},"acf":[],"_links":{"self":[{"href":"https:\/\/yotavis.ch\/fr\/wp-json\/wp\/v2\/product\/3769","targetHints":{"allow":["GET"]}}],"collection":[{"href":"https:\/\/yotavis.ch\/fr\/wp-json\/wp\/v2\/product"}],"about":[{"href":"https:\/\/yotavis.ch\/fr\/wp-json\/wp\/v2\/types\/product"}],"replies":[{"embeddable":true,"href":"https:\/\/yotavis.ch\/fr\/wp-json\/wp\/v2\/comments?post=3769"}],"wp:featuredmedia":[{"embeddable":true,"href":"https:\/\/yotavis.ch\/fr\/wp-json\/wp\/v2\/media\/6401"}],"wp:attachment":[{"href":"https:\/\/yotavis.ch\/fr\/wp-json\/wp\/v2\/media?parent=3769"}],"wp:term":[{"taxonomy":"product_brand","embeddable":true,"href":"https:\/\/yotavis.ch\/fr\/wp-json\/wp\/v2\/product_brand?post=3769"},{"taxonomy":"product_cat","embeddable":true,"href":"https:\/\/yotavis.ch\/fr\/wp-json\/wp\/v2\/product_cat?post=3769"},{"taxonomy":"product_tag","embeddable":true,"href":"https:\/\/yotavis.ch\/fr\/wp-json\/wp\/v2\/product_tag?post=3769"}],"curies":[{"name":"wp","href":"https:\/\/api.w.org\/{rel}","templated":true}]}}