{"id":3770,"date":"2025-10-09T00:00:00","date_gmt":"2025-10-08T22:00:00","guid":{"rendered":"https:\/\/yotavis.ch\/product\/sna6134a\/"},"modified":"2026-04-24T13:29:58","modified_gmt":"2026-04-24T11:29:58","slug":"sna6134a","status":"publish","type":"product","link":"https:\/\/yotavis.ch\/fr\/produit\/sna6134a\/","title":{"rendered":"SNA6134A"},"content":{"rendered":"<p>Le SNA6134A de Siglent est un analyseur de r\u00e9seau vectoriel dot\u00e9 d'une gamme de fr\u00e9quences de 100 kHz \u00e0 26,5 GHz et de quatre ports. Il offre un acc\u00e8s direct au r\u00e9cepteur, ce qui permet une analyse d\u00e9taill\u00e9e du signal. L'appareil dispose d'un niveau de sortie standard allant de -55 dBm \u00e0 +10 dBm, offrant une grande flexibilit\u00e9 dans le contr\u00f4le de la sortie du signal. Il poss\u00e8de une plage dynamique de 135 dB, ce qui permet des mesures de haute pr\u00e9cision sur une large gamme d'intensit\u00e9s de signaux. L'analyseur est dot\u00e9 d'un \u00e9cran tactile de 12,1 pouces qui facilite l'interaction et le contr\u00f4le par l'utilisateur. Avec une capacit\u00e9 de fr\u00e9quence maximale de 26 500 MHz et une fr\u00e9quence minimale de 100 000 Hz, il couvre un large spectre adapt\u00e9 \u00e0 diverses applications de test. Ce mod\u00e8le est con\u00e7u pour une utilisation sur banc et ne dispose pas de la fonctionnalit\u00e9 portable.<\/p>","protected":false},"excerpt":{"rendered":"<p>100k~26.5GHz, 4 ports VNA  with direct receiver access; stanadard setting range of output level: -55 ~ +10 dBm; dynamic range 135 dB; 12.1&#8221; touch screen<\/p>","protected":false},"featured_media":6402,"comment_status":"closed","ping_status":"closed","template":"","meta":{"_acf_changed":false,"slim_seo":{"title":"SNA6134A - YOTAVIS AG","description":"100k~26.5GHz, VNA 4 ports avec acc\u00e8s direct au r\u00e9cepteur ; plage de r\u00e9glage standard du niveau de sortie : -55 ~ +10 dBm ; plage dynamique 135 dB ; \u00e9cran tactile 12.1''."}},"product_brand":[506],"product_cat":[523,525],"product_tag":[],"class_list":{"0":"post-3770","1":"product","2":"type-product","3":"status-publish","4":"has-post-thumbnail","6":"product_brand-siglent","7":"product_cat-analyser","8":"product_cat-vna","9":"pa_dynamic-range-db-251","10":"pa_frequency-max-mhz-465","11":"pa_frequency-min-hz-250","12":"pa_handheld-no","13":"pa_ports-249","15":"first","16":"instock","17":"taxable","18":"shipping-taxable","19":"purchasable","20":"product-type-simple"},"acf":[],"_links":{"self":[{"href":"https:\/\/yotavis.ch\/fr\/wp-json\/wp\/v2\/product\/3770","targetHints":{"allow":["GET"]}}],"collection":[{"href":"https:\/\/yotavis.ch\/fr\/wp-json\/wp\/v2\/product"}],"about":[{"href":"https:\/\/yotavis.ch\/fr\/wp-json\/wp\/v2\/types\/product"}],"replies":[{"embeddable":true,"href":"https:\/\/yotavis.ch\/fr\/wp-json\/wp\/v2\/comments?post=3770"}],"wp:featuredmedia":[{"embeddable":true,"href":"https:\/\/yotavis.ch\/fr\/wp-json\/wp\/v2\/media\/6402"}],"wp:attachment":[{"href":"https:\/\/yotavis.ch\/fr\/wp-json\/wp\/v2\/media?parent=3770"}],"wp:term":[{"taxonomy":"product_brand","embeddable":true,"href":"https:\/\/yotavis.ch\/fr\/wp-json\/wp\/v2\/product_brand?post=3770"},{"taxonomy":"product_cat","embeddable":true,"href":"https:\/\/yotavis.ch\/fr\/wp-json\/wp\/v2\/product_cat?post=3770"},{"taxonomy":"product_tag","embeddable":true,"href":"https:\/\/yotavis.ch\/fr\/wp-json\/wp\/v2\/product_tag?post=3770"}],"curies":[{"name":"wp","href":"https:\/\/api.w.org\/{rel}","templated":true}]}}