{"id":3771,"date":"2025-10-09T00:00:00","date_gmt":"2025-10-08T22:00:00","guid":{"rendered":"https:\/\/yotavis.ch\/product\/shn914a\/"},"modified":"2026-04-24T13:30:00","modified_gmt":"2026-04-24T11:30:00","slug":"shn914a","status":"publish","type":"product","link":"https:\/\/yotavis.ch\/fr\/produit\/shn914a\/","title":{"rendered":"SHN914A"},"content":{"rendered":"<p>Le SHN914A de Siglent fonctionne dans une gamme de fr\u00e9quences de 30 kHz \u00e0 14 GHz, avec deux ports pour une connectivit\u00e9 polyvalente. Il offre une plage dynamique typique de 110 dB, permettant une mesure pr\u00e9cise du signal sur un large spectre. La plage de r\u00e9glage de la sortie s'\u00e9tend de -45 \u00e0 +10 dBm, ce qui offre une grande souplesse dans les niveaux de sortie des signaux. Ce mod\u00e8le est \u00e9quip\u00e9 d'un \u00e9cran tactile de 8,4 pouces, am\u00e9liorant l'interaction et le contr\u00f4le de l'utilisateur. La capacit\u00e9 de fr\u00e9quence maximale est de 14 000 MHz, ce qui permet de prendre en charge les applications \u00e0 haute fr\u00e9quence. Gr\u00e2ce \u00e0 sa conception \u00e0 double port et \u00e0 sa large plage dynamique, le SHN914A convient \u00e0 divers sc\u00e9narios de test et de mesure n\u00e9cessitant une analyse d\u00e9taill\u00e9e de la fr\u00e9quence et de l'amplitude.<\/p>","protected":false},"excerpt":{"rendered":"<p>30 kHz ~ 14 GHz, 2 ports, 110 dB (typ.) dynamic range, -45 ~ +10 dBm output setting range, 8.4&#8221; touch screen<\/p>","protected":false},"featured_media":6409,"comment_status":"closed","ping_status":"closed","template":"","meta":{"_acf_changed":false,"slim_seo":{"title":"SHN914A - YOTAVIS AG","description":"30 kHz ~ 14 GHz, 2 ports, 110 dB (typ.) de dynamique, -45 ~ +10 dBm de r\u00e9glage de sortie, \u00e9cran tactile 8.4"}},"product_brand":[506],"product_cat":[523,525],"product_tag":[],"class_list":{"0":"post-3771","1":"product","2":"type-product","3":"status-publish","4":"has-post-thumbnail","6":"product_brand-siglent","7":"product_cat-analyser","8":"product_cat-vna","9":"pa_dynamic-range-db-253","10":"pa_frequency-max-mhz-466","11":"pa_frequency-min-hz-252","12":"pa_handheld-yes","13":"pa_ports-188","15":"first","16":"instock","17":"taxable","18":"shipping-taxable","19":"purchasable","20":"product-type-simple"},"acf":[],"_links":{"self":[{"href":"https:\/\/yotavis.ch\/fr\/wp-json\/wp\/v2\/product\/3771","targetHints":{"allow":["GET"]}}],"collection":[{"href":"https:\/\/yotavis.ch\/fr\/wp-json\/wp\/v2\/product"}],"about":[{"href":"https:\/\/yotavis.ch\/fr\/wp-json\/wp\/v2\/types\/product"}],"replies":[{"embeddable":true,"href":"https:\/\/yotavis.ch\/fr\/wp-json\/wp\/v2\/comments?post=3771"}],"wp:featuredmedia":[{"embeddable":true,"href":"https:\/\/yotavis.ch\/fr\/wp-json\/wp\/v2\/media\/6409"}],"wp:attachment":[{"href":"https:\/\/yotavis.ch\/fr\/wp-json\/wp\/v2\/media?parent=3771"}],"wp:term":[{"taxonomy":"product_brand","embeddable":true,"href":"https:\/\/yotavis.ch\/fr\/wp-json\/wp\/v2\/product_brand?post=3771"},{"taxonomy":"product_cat","embeddable":true,"href":"https:\/\/yotavis.ch\/fr\/wp-json\/wp\/v2\/product_cat?post=3771"},{"taxonomy":"product_tag","embeddable":true,"href":"https:\/\/yotavis.ch\/fr\/wp-json\/wp\/v2\/product_tag?post=3771"}],"curies":[{"name":"wp","href":"https:\/\/api.w.org\/{rel}","templated":true}]}}