{"id":3773,"date":"2025-10-09T00:00:00","date_gmt":"2025-10-08T22:00:00","guid":{"rendered":"https:\/\/yotavis.ch\/product\/shn926a\/"},"modified":"2026-04-24T13:30:01","modified_gmt":"2026-04-24T11:30:01","slug":"shn926a","status":"publish","type":"product","link":"https:\/\/yotavis.ch\/fr\/produit\/shn926a\/","title":{"rendered":"SHN926A"},"content":{"rendered":"<p>Le Siglent SHN926A fonctionne sur une gamme de fr\u00e9quences allant de 30 kHz \u00e0 26,5 GHz, avec deux ports pour une connectivit\u00e9 polyvalente. Il dispose d'une plage dynamique typique de 110 dB, permettant une mesure pr\u00e9cise du signal sur un large spectre. La plage de r\u00e9glage de la sortie s'\u00e9tend de -45 dBm \u00e0 +10 dBm, ce qui permet de r\u00e9pondre \u00e0 diverses exigences en mati\u00e8re de test. Ce mod\u00e8le est \u00e9quip\u00e9 d'un \u00e9cran tactile de 8,4 pouces, am\u00e9liorant l'interaction et le contr\u00f4le de l'utilisateur. La capacit\u00e9 de fr\u00e9quence maximale est de 26 500 MHz, ce qui permet de prendre en charge les applications \u00e0 haute fr\u00e9quence. Gr\u00e2ce \u00e0 sa conception \u00e0 double port et \u00e0 sa large plage dynamique, le SHN926A est adapt\u00e9 \u00e0 l'analyse d\u00e9taill\u00e9e des signaux et aux t\u00e2ches de mesure. Les r\u00e9glages de la puissance de sortie et l'interface de l'\u00e9cran tactile contribuent \u00e0 la fonctionnalit\u00e9 de l'appareil dans des environnements de test complexes.<\/p>","protected":false},"excerpt":{"rendered":"<p>30 kHz ~ 26.5 GHz, 2 ports, 110 dB (typ.) dynamic range, -45 ~ +10 dBm output setting range, 8.4&#8221; touch screen<\/p>","protected":false},"featured_media":6409,"comment_status":"closed","ping_status":"closed","template":"","meta":{"_acf_changed":false,"slim_seo":{"title":"SHN926A - YOTAVIS AG","description":"30 kHz ~ 26.5 GHz, 2 ports, 110 dB (typ.) de dynamique, -45 ~ +10 dBm de r\u00e9glage de sortie, \u00e9cran tactile 8.4"}},"product_brand":[506],"product_cat":[523,525],"product_tag":[],"class_list":{"0":"post-3773","1":"product","2":"type-product","3":"status-publish","4":"has-post-thumbnail","6":"product_brand-siglent","7":"product_cat-analyser","8":"product_cat-vna","9":"pa_dynamic-range-db-253","10":"pa_frequency-max-mhz-465","11":"pa_frequency-min-hz-252","12":"pa_handheld-yes","13":"pa_ports-188","15":"first","16":"instock","17":"taxable","18":"shipping-taxable","19":"purchasable","20":"product-type-simple"},"acf":[],"_links":{"self":[{"href":"https:\/\/yotavis.ch\/fr\/wp-json\/wp\/v2\/product\/3773","targetHints":{"allow":["GET"]}}],"collection":[{"href":"https:\/\/yotavis.ch\/fr\/wp-json\/wp\/v2\/product"}],"about":[{"href":"https:\/\/yotavis.ch\/fr\/wp-json\/wp\/v2\/types\/product"}],"replies":[{"embeddable":true,"href":"https:\/\/yotavis.ch\/fr\/wp-json\/wp\/v2\/comments?post=3773"}],"wp:featuredmedia":[{"embeddable":true,"href":"https:\/\/yotavis.ch\/fr\/wp-json\/wp\/v2\/media\/6409"}],"wp:attachment":[{"href":"https:\/\/yotavis.ch\/fr\/wp-json\/wp\/v2\/media?parent=3773"}],"wp:term":[{"taxonomy":"product_brand","embeddable":true,"href":"https:\/\/yotavis.ch\/fr\/wp-json\/wp\/v2\/product_brand?post=3773"},{"taxonomy":"product_cat","embeddable":true,"href":"https:\/\/yotavis.ch\/fr\/wp-json\/wp\/v2\/product_cat?post=3773"},{"taxonomy":"product_tag","embeddable":true,"href":"https:\/\/yotavis.ch\/fr\/wp-json\/wp\/v2\/product_tag?post=3773"}],"curies":[{"name":"wp","href":"https:\/\/api.w.org\/{rel}","templated":true}]}}