{"id":3774,"date":"2025-10-09T00:00:00","date_gmt":"2025-10-08T22:00:00","guid":{"rendered":"https:\/\/yotavis.ch\/product\/adp-18\/"},"modified":"2026-04-24T13:30:02","modified_gmt":"2026-04-24T11:30:02","slug":"adp-18","status":"publish","type":"product","link":"https:\/\/yotavis.ch\/fr\/produit\/adp-18\/","title":{"rendered":"ADP-18"},"content":{"rendered":"<p>L'ADP-18 est une sonde TDR diff\u00e9rentielle r\u00e9glable con\u00e7ue pour fonctionner du courant continu jusqu'\u00e0 18 GHz, offrant une large bande passante adapt\u00e9e aux applications haute fr\u00e9quence. Fabriqu\u00e9e par Siglent, cette sonde est dot\u00e9e d'une interface SMA, ce qui garantit sa compatibilit\u00e9 avec un grand nombre d'\u00e9quipements de test et de mesure. Sa bande passante s'\u00e9tend jusqu'\u00e0 18 000 MHz, ce qui permet d'effectuer des mesures pr\u00e9cises de r\u00e9flectom\u00e9trie dans le domaine temporel sur une large gamme de fr\u00e9quences. La conception de la sonde permet de tester les signaux diff\u00e9rentiels, ce qui est essentiel pour l'analyse des circuits num\u00e9riques \u00e0 grande vitesse et des syst\u00e8mes de communication. Gr\u00e2ce \u00e0 sa configuration r\u00e9glable, l'ADP-18 peut \u00eatre adapt\u00e9e \u00e0 des exigences de test sp\u00e9cifiques, ce qui accro\u00eet sa polyvalence en laboratoire et sur le terrain. L'utilisation d'un connecteur SMA facilite les connexions s\u00fbres et fiables, minimisant la perte de signal et les interf\u00e9rences pendant les mesures. Cette sonde convient aux professionnels qui ont besoin d'une analyse d\u00e9taill\u00e9e de l'int\u00e9grit\u00e9 du signal et des caract\u00e9ristiques des lignes de transmission dans les syst\u00e8mes \u00e9lectroniques avanc\u00e9s.<\/p>","protected":false},"excerpt":{"rendered":"<p>Sonde TDR diff\u00e9rentielle r\u00e9glable DC~18 GHz<\/p>","protected":false},"featured_media":6411,"comment_status":"closed","ping_status":"closed","template":"","meta":{"_acf_changed":false,"slim_seo":{"title":"ADP-18 - YOTAVIS AG","description":"Sonde TDR diff\u00e9rentielle r\u00e9glable DC~18 GHz"}},"product_brand":[506],"product_cat":[535,509],"product_tag":[],"class_list":{"0":"post-3774","1":"product","2":"type-product","3":"status-publish","4":"has-post-thumbnail","6":"product_brand-siglent","7":"product_cat-differential-probes-en","8":"product_cat-probes-en","9":"pa_bandwidth-mhz-255","10":"pa_interface-sma","12":"first","13":"instock","14":"taxable","15":"shipping-taxable","16":"purchasable","17":"product-type-simple"},"acf":[],"_links":{"self":[{"href":"https:\/\/yotavis.ch\/fr\/wp-json\/wp\/v2\/product\/3774","targetHints":{"allow":["GET"]}}],"collection":[{"href":"https:\/\/yotavis.ch\/fr\/wp-json\/wp\/v2\/product"}],"about":[{"href":"https:\/\/yotavis.ch\/fr\/wp-json\/wp\/v2\/types\/product"}],"replies":[{"embeddable":true,"href":"https:\/\/yotavis.ch\/fr\/wp-json\/wp\/v2\/comments?post=3774"}],"wp:featuredmedia":[{"embeddable":true,"href":"https:\/\/yotavis.ch\/fr\/wp-json\/wp\/v2\/media\/6411"}],"wp:attachment":[{"href":"https:\/\/yotavis.ch\/fr\/wp-json\/wp\/v2\/media?parent=3774"}],"wp:term":[{"taxonomy":"product_brand","embeddable":true,"href":"https:\/\/yotavis.ch\/fr\/wp-json\/wp\/v2\/product_brand?post=3774"},{"taxonomy":"product_cat","embeddable":true,"href":"https:\/\/yotavis.ch\/fr\/wp-json\/wp\/v2\/product_cat?post=3774"},{"taxonomy":"product_tag","embeddable":true,"href":"https:\/\/yotavis.ch\/fr\/wp-json\/wp\/v2\/product_tag?post=3774"}],"curies":[{"name":"wp","href":"https:\/\/api.w.org\/{rel}","templated":true}]}}