{"id":3775,"date":"2025-10-09T00:00:00","date_gmt":"2025-10-08T22:00:00","guid":{"rendered":"https:\/\/yotavis.ch\/product\/adp-26\/"},"modified":"2026-04-24T13:30:02","modified_gmt":"2026-04-24T11:30:02","slug":"adp-26","status":"publish","type":"product","link":"https:\/\/yotavis.ch\/fr\/produit\/adp-26\/","title":{"rendered":"ADP-26"},"content":{"rendered":"<p>L'ADP-26 est une sonde TDR diff\u00e9rentielle r\u00e9glable con\u00e7ue pour fonctionner du DC jusqu'\u00e0 26,5 GHz. Elle est fabriqu\u00e9e par Siglent et offre une largeur de bande de 18 000 MHz. La sonde utilise une interface SMA, assurant la compatibilit\u00e9 avec une large gamme d'\u00e9quipements de test. Ce dispositif convient aux applications haute fr\u00e9quence n\u00e9cessitant des mesures pr\u00e9cises de r\u00e9flectom\u00e9trie dans le domaine temporel. Sa conception r\u00e9glable permet une grande flexibilit\u00e9 dans les diff\u00e9rents sc\u00e9narios de test. L'ADP-26 est con\u00e7u pour permettre une analyse d\u00e9taill\u00e9e des signaux dans la gamme de fr\u00e9quences sp\u00e9cifi\u00e9e.<\/p>","protected":false},"excerpt":{"rendered":"<p>Sonde TDR diff\u00e9rentielle r\u00e9glable DC~26,5 GHz<\/p>","protected":false},"featured_media":6413,"comment_status":"closed","ping_status":"closed","template":"","meta":{"_acf_changed":false,"slim_seo":{"title":"ADP-26 - YOTAVIS AG","description":"Sonde TDR diff\u00e9rentielle r\u00e9glable DC~26,5 GHz"}},"product_brand":[506],"product_cat":[535,509],"product_tag":[],"class_list":{"0":"post-3775","1":"product","2":"type-product","3":"status-publish","4":"has-post-thumbnail","6":"product_brand-siglent","7":"product_cat-differential-probes-en","8":"product_cat-probes-en","9":"pa_bandwidth-mhz-255","10":"pa_interface-sma","12":"first","13":"instock","14":"taxable","15":"shipping-taxable","16":"purchasable","17":"product-type-simple"},"acf":[],"_links":{"self":[{"href":"https:\/\/yotavis.ch\/fr\/wp-json\/wp\/v2\/product\/3775","targetHints":{"allow":["GET"]}}],"collection":[{"href":"https:\/\/yotavis.ch\/fr\/wp-json\/wp\/v2\/product"}],"about":[{"href":"https:\/\/yotavis.ch\/fr\/wp-json\/wp\/v2\/types\/product"}],"replies":[{"embeddable":true,"href":"https:\/\/yotavis.ch\/fr\/wp-json\/wp\/v2\/comments?post=3775"}],"wp:featuredmedia":[{"embeddable":true,"href":"https:\/\/yotavis.ch\/fr\/wp-json\/wp\/v2\/media\/6413"}],"wp:attachment":[{"href":"https:\/\/yotavis.ch\/fr\/wp-json\/wp\/v2\/media?parent=3775"}],"wp:term":[{"taxonomy":"product_brand","embeddable":true,"href":"https:\/\/yotavis.ch\/fr\/wp-json\/wp\/v2\/product_brand?post=3775"},{"taxonomy":"product_cat","embeddable":true,"href":"https:\/\/yotavis.ch\/fr\/wp-json\/wp\/v2\/product_cat?post=3775"},{"taxonomy":"product_tag","embeddable":true,"href":"https:\/\/yotavis.ch\/fr\/wp-json\/wp\/v2\/product_tag?post=3775"}],"curies":[{"name":"wp","href":"https:\/\/api.w.org\/{rel}","templated":true}]}}