{"id":3776,"date":"2025-10-09T00:00:00","date_gmt":"2025-10-08T22:00:00","guid":{"rendered":"https:\/\/yotavis.ch\/product\/asp-18\/"},"modified":"2026-04-24T13:30:04","modified_gmt":"2026-04-24T11:30:04","slug":"asp-18","status":"publish","type":"product","link":"https:\/\/yotavis.ch\/fr\/produit\/asp-18\/","title":{"rendered":"ASP-18"},"content":{"rendered":"<p>L'ASP-18 est une sonde TDR r\u00e9glable \u00e0 une extr\u00e9mit\u00e9, con\u00e7ue pour fonctionner du courant continu jusqu'\u00e0 18 GHz. Elle est fabriqu\u00e9e par Siglent et offre une largeur de bande de 26 500 MHz. La sonde utilise une interface SMA, couramment employ\u00e9e pour les connexions de signaux \u00e0 haute fr\u00e9quence. Ce produit convient aux applications n\u00e9cessitant des mesures pr\u00e9cises de r\u00e9flectom\u00e9trie dans le domaine temporel dans la gamme de fr\u00e9quences sp\u00e9cifi\u00e9e. La conception permet des ajustements pour s'adapter \u00e0 divers sc\u00e9narios de test, ce qui renforce sa polyvalence. La combinaison d'une large bande passante et d'une interface SMA fiable fait de l'ASP-18 un outil sp\u00e9cialis\u00e9 pour l'analyse d\u00e9taill\u00e9e des signaux dans les environnements haute fr\u00e9quence.<\/p>","protected":false},"excerpt":{"rendered":"<p>Sonde TDR r\u00e9glable \u00e0 une extr\u00e9mit\u00e9 DC~18 GHz<\/p>","protected":false},"featured_media":6416,"comment_status":"closed","ping_status":"closed","template":"","meta":{"_acf_changed":false,"slim_seo":{"title":"ASP-18 - YOTAVIS AG","description":"Sonde TDR r\u00e9glable \u00e0 une extr\u00e9mit\u00e9 DC~18 GHz"}},"product_brand":[506],"product_cat":[511,509],"product_tag":[],"class_list":{"0":"post-3776","1":"product","2":"type-product","3":"status-publish","4":"has-post-thumbnail","6":"product_brand-siglent","7":"product_cat-active-probes-en","8":"product_cat-probes-en","9":"pa_bandwidth-mhz-257","10":"pa_interface-sma","12":"first","13":"instock","14":"taxable","15":"shipping-taxable","16":"purchasable","17":"product-type-simple"},"acf":[],"_links":{"self":[{"href":"https:\/\/yotavis.ch\/fr\/wp-json\/wp\/v2\/product\/3776","targetHints":{"allow":["GET"]}}],"collection":[{"href":"https:\/\/yotavis.ch\/fr\/wp-json\/wp\/v2\/product"}],"about":[{"href":"https:\/\/yotavis.ch\/fr\/wp-json\/wp\/v2\/types\/product"}],"replies":[{"embeddable":true,"href":"https:\/\/yotavis.ch\/fr\/wp-json\/wp\/v2\/comments?post=3776"}],"wp:featuredmedia":[{"embeddable":true,"href":"https:\/\/yotavis.ch\/fr\/wp-json\/wp\/v2\/media\/6416"}],"wp:attachment":[{"href":"https:\/\/yotavis.ch\/fr\/wp-json\/wp\/v2\/media?parent=3776"}],"wp:term":[{"taxonomy":"product_brand","embeddable":true,"href":"https:\/\/yotavis.ch\/fr\/wp-json\/wp\/v2\/product_brand?post=3776"},{"taxonomy":"product_cat","embeddable":true,"href":"https:\/\/yotavis.ch\/fr\/wp-json\/wp\/v2\/product_cat?post=3776"},{"taxonomy":"product_tag","embeddable":true,"href":"https:\/\/yotavis.ch\/fr\/wp-json\/wp\/v2\/product_tag?post=3776"}],"curies":[{"name":"wp","href":"https:\/\/api.w.org\/{rel}","templated":true}]}}