{"id":3778,"date":"2025-10-09T00:00:00","date_gmt":"2025-10-08T22:00:00","guid":{"rendered":"https:\/\/yotavis.ch\/product\/ssm5122a\/"},"modified":"2026-04-24T13:30:05","modified_gmt":"2026-04-24T11:30:05","slug":"ssm5122a","status":"publish","type":"product","link":"https:\/\/yotavis.ch\/fr\/produit\/ssm5122a\/","title":{"rendered":"SSM5122A"},"content":{"rendered":"<p>Le Siglent SSM5122A dispose de 2 ports d'entr\u00e9e et de 12 ports de sortie, tous \u00e9quip\u00e9s de connecteurs femelles de 3,5 mm. Il fonctionne sur une large gamme de fr\u00e9quences de 9 kHz \u00e0 9 GHz, ce qui le rend adapt\u00e9 \u00e0 de nombreuses applications de distribution de signaux. L'appareil est con\u00e7u pour g\u00e9rer plusieurs sorties simultan\u00e9ment, ce qui garantit un acheminement efficace des signaux. Sa construction robuste garantit des performances fiables dans diff\u00e9rents environnements. Les connecteurs femelles de 3,5 mm assurent des connexions s\u00fbres et stables pour les signaux d'entr\u00e9e et de sortie. Ce mod\u00e8le fait partie de la gamme de produits Siglent, r\u00e9put\u00e9e pour la pr\u00e9cision et la qualit\u00e9 de ses \u00e9quipements de test \u00e9lectronique. Le SSM5122A est con\u00e7u pour les utilisateurs qui ont besoin de capacit\u00e9s de sortie \u00e9tendues combin\u00e9es \u00e0 une large gamme de fr\u00e9quences.<\/p>","protected":false},"excerpt":{"rendered":"<p>2 ports d'entr\u00e9e, 12 ports de sortie, 3,5 mm femelle, 9 kHz~9 GHz<\/p>","protected":false},"featured_media":6424,"comment_status":"closed","ping_status":"closed","template":"","meta":{"_acf_changed":false,"slim_seo":{"title":"SSM5122A - YOTAVIS AG","description":"2 ports d'entr\u00e9e, 12 ports de sortie, 3,5 mm femelle, 9 kHz~9 GHz"}},"product_brand":[506],"product_cat":[526,540],"product_tag":[],"class_list":{"0":"post-3778","1":"product","2":"type-product","3":"status-publish","4":"has-post-thumbnail","6":"product_brand-siglent","7":"product_cat-accessories","8":"product_cat-others-accessories","10":"first","11":"instock","12":"taxable","13":"shipping-taxable","14":"purchasable","15":"product-type-simple"},"acf":[],"_links":{"self":[{"href":"https:\/\/yotavis.ch\/fr\/wp-json\/wp\/v2\/product\/3778","targetHints":{"allow":["GET"]}}],"collection":[{"href":"https:\/\/yotavis.ch\/fr\/wp-json\/wp\/v2\/product"}],"about":[{"href":"https:\/\/yotavis.ch\/fr\/wp-json\/wp\/v2\/types\/product"}],"replies":[{"embeddable":true,"href":"https:\/\/yotavis.ch\/fr\/wp-json\/wp\/v2\/comments?post=3778"}],"wp:featuredmedia":[{"embeddable":true,"href":"https:\/\/yotavis.ch\/fr\/wp-json\/wp\/v2\/media\/6424"}],"wp:attachment":[{"href":"https:\/\/yotavis.ch\/fr\/wp-json\/wp\/v2\/media?parent=3778"}],"wp:term":[{"taxonomy":"product_brand","embeddable":true,"href":"https:\/\/yotavis.ch\/fr\/wp-json\/wp\/v2\/product_brand?post=3778"},{"taxonomy":"product_cat","embeddable":true,"href":"https:\/\/yotavis.ch\/fr\/wp-json\/wp\/v2\/product_cat?post=3778"},{"taxonomy":"product_tag","embeddable":true,"href":"https:\/\/yotavis.ch\/fr\/wp-json\/wp\/v2\/product_tag?post=3778"}],"curies":[{"name":"wp","href":"https:\/\/api.w.org\/{rel}","templated":true}]}}