{"id":3781,"date":"2025-10-09T00:00:00","date_gmt":"2025-10-08T22:00:00","guid":{"rendered":"https:\/\/yotavis.ch\/product\/ssm5144a\/"},"modified":"2026-04-24T13:30:06","modified_gmt":"2026-04-24T11:30:06","slug":"ssm5144a","status":"publish","type":"product","link":"https:\/\/yotavis.ch\/fr\/produit\/ssm5144a\/","title":{"rendered":"SSM5144A"},"content":{"rendered":"<p>Le SSM5144A de Siglent dispose de 4 ports d'entr\u00e9e et de 24 ports de sortie, con\u00e7us avec des connecteurs femelles de 3,5 mm. Il fonctionne sur une large gamme de fr\u00e9quences allant de 9 kHz \u00e0 9 GHz, ce qui lui permet de r\u00e9pondre \u00e0 de nombreux besoins en mati\u00e8re de traitement du signal. Ce dispositif convient aux applications n\u00e9cessitant plusieurs canaux d'entr\u00e9e et de sortie dans ce spectre de fr\u00e9quences. La configuration permet une distribution et un routage efficaces des signaux, ce qui permet de l'adapter \u00e0 des configurations complexes. Sa conception prend en charge les op\u00e9rations \u00e0 haute fr\u00e9quence, assurant la compatibilit\u00e9 avec un large \u00e9ventail d'\u00e9quipements de test et de mesure \u00e9lectroniques. L'utilisation de connecteurs femelles de 3,5 mm facilite l'\u00e9tablissement de connexions s\u00fbres et fiables. Dans l'ensemble, le SSM5144A constitue une interface polyvalente pour la gestion des signaux sur une large gamme de fr\u00e9quences.<\/p>","protected":false},"excerpt":{"rendered":"<p>4 ports d'entr\u00e9e, 24 ports de sortie, 3,5 mm femelle, 9 kHz~9 GHz<\/p>","protected":false},"featured_media":6424,"comment_status":"closed","ping_status":"closed","template":"","meta":{"_acf_changed":false,"slim_seo":{"title":"SSM5144A - YOTAVIS AG","description":"4 ports d'entr\u00e9e, 24 ports de sortie, 3,5 mm femelle, 9 kHz~9 GHz"}},"product_brand":[506],"product_cat":[526,540],"product_tag":[],"class_list":{"0":"post-3781","1":"product","2":"type-product","3":"status-publish","4":"has-post-thumbnail","6":"product_brand-siglent","7":"product_cat-accessories","8":"product_cat-others-accessories","10":"first","11":"instock","12":"taxable","13":"shipping-taxable","14":"purchasable","15":"product-type-simple"},"acf":[],"_links":{"self":[{"href":"https:\/\/yotavis.ch\/fr\/wp-json\/wp\/v2\/product\/3781","targetHints":{"allow":["GET"]}}],"collection":[{"href":"https:\/\/yotavis.ch\/fr\/wp-json\/wp\/v2\/product"}],"about":[{"href":"https:\/\/yotavis.ch\/fr\/wp-json\/wp\/v2\/types\/product"}],"replies":[{"embeddable":true,"href":"https:\/\/yotavis.ch\/fr\/wp-json\/wp\/v2\/comments?post=3781"}],"wp:featuredmedia":[{"embeddable":true,"href":"https:\/\/yotavis.ch\/fr\/wp-json\/wp\/v2\/media\/6424"}],"wp:attachment":[{"href":"https:\/\/yotavis.ch\/fr\/wp-json\/wp\/v2\/media?parent=3781"}],"wp:term":[{"taxonomy":"product_brand","embeddable":true,"href":"https:\/\/yotavis.ch\/fr\/wp-json\/wp\/v2\/product_brand?post=3781"},{"taxonomy":"product_cat","embeddable":true,"href":"https:\/\/yotavis.ch\/fr\/wp-json\/wp\/v2\/product_cat?post=3781"},{"taxonomy":"product_tag","embeddable":true,"href":"https:\/\/yotavis.ch\/fr\/wp-json\/wp\/v2\/product_tag?post=3781"}],"curies":[{"name":"wp","href":"https:\/\/api.w.org\/{rel}","templated":true}]}}