{"id":3783,"date":"2025-10-09T00:00:00","date_gmt":"2025-10-08T22:00:00","guid":{"rendered":"https:\/\/yotavis.ch\/product\/ssm5342a\/"},"modified":"2026-04-24T13:30:07","modified_gmt":"2026-04-24T11:30:07","slug":"ssm5342a","status":"publish","type":"product","link":"https:\/\/yotavis.ch\/fr\/produit\/ssm5342a\/","title":{"rendered":"SSM5342A"},"content":{"rendered":"<p>Le Siglent SSM5342A dispose de 4 ports d'entr\u00e9e et de 12 ports de sortie, tous \u00e9quip\u00e9s de connecteurs femelles de 3,5 mm. Il fonctionne dans une gamme de fr\u00e9quences allant de 100 kHz \u00e0 26,5 GHz, ce qui le rend adapt\u00e9 \u00e0 une grande vari\u00e9t\u00e9 d'applications de traitement du signal. L'appareil est con\u00e7u pour traiter simultan\u00e9ment plusieurs signaux, ce qui est facilit\u00e9 par ses multiples ports d'entr\u00e9e et de sortie. Son type de connecteur assure la compatibilit\u00e9 avec l'\u00e9quipement RF standard, ce qui permet une int\u00e9gration directe dans les installations existantes. La large gamme de fr\u00e9quences prend en charge les signaux basse et haute fr\u00e9quence, offrant ainsi une grande polyvalence dans les sc\u00e9narios de test et de mesure. Ce mod\u00e8le fait partie de la gamme de produits Siglent, r\u00e9put\u00e9e pour sa pr\u00e9cision et sa fiabilit\u00e9 en mati\u00e8re d'instrumentation \u00e9lectronique.<\/p>","protected":false},"excerpt":{"rendered":"<p>4 ports d'entr\u00e9e, 12 ports de sortie, 3,5 mm femelle, 100 kHz~26,5 GHz<\/p>","protected":false},"featured_media":6424,"comment_status":"closed","ping_status":"closed","template":"","meta":{"_acf_changed":false,"slim_seo":{"title":"SSM5342A - YOTAVIS AG","description":"4 ports d'entr\u00e9e, 12 ports de sortie, 3,5 mm femelle, 100 kHz~26,5 GHz"}},"product_brand":[506],"product_cat":[526,540],"product_tag":[],"class_list":{"0":"post-3783","1":"product","2":"type-product","3":"status-publish","4":"has-post-thumbnail","6":"product_brand-siglent","7":"product_cat-accessories","8":"product_cat-others-accessories","10":"first","11":"instock","12":"taxable","13":"shipping-taxable","14":"purchasable","15":"product-type-simple"},"acf":[],"_links":{"self":[{"href":"https:\/\/yotavis.ch\/fr\/wp-json\/wp\/v2\/product\/3783","targetHints":{"allow":["GET"]}}],"collection":[{"href":"https:\/\/yotavis.ch\/fr\/wp-json\/wp\/v2\/product"}],"about":[{"href":"https:\/\/yotavis.ch\/fr\/wp-json\/wp\/v2\/types\/product"}],"replies":[{"embeddable":true,"href":"https:\/\/yotavis.ch\/fr\/wp-json\/wp\/v2\/comments?post=3783"}],"wp:featuredmedia":[{"embeddable":true,"href":"https:\/\/yotavis.ch\/fr\/wp-json\/wp\/v2\/media\/6424"}],"wp:attachment":[{"href":"https:\/\/yotavis.ch\/fr\/wp-json\/wp\/v2\/media?parent=3783"}],"wp:term":[{"taxonomy":"product_brand","embeddable":true,"href":"https:\/\/yotavis.ch\/fr\/wp-json\/wp\/v2\/product_brand?post=3783"},{"taxonomy":"product_cat","embeddable":true,"href":"https:\/\/yotavis.ch\/fr\/wp-json\/wp\/v2\/product_cat?post=3783"},{"taxonomy":"product_tag","embeddable":true,"href":"https:\/\/yotavis.ch\/fr\/wp-json\/wp\/v2\/product_tag?post=3783"}],"curies":[{"name":"wp","href":"https:\/\/api.w.org\/{rel}","templated":true}]}}