{"id":3784,"date":"2025-10-09T00:00:00","date_gmt":"2025-10-08T22:00:00","guid":{"rendered":"https:\/\/yotavis.ch\/product\/ssu5181a\/"},"modified":"2026-04-24T13:30:07","modified_gmt":"2026-04-24T11:30:07","slug":"ssu5181a","status":"publish","type":"product","link":"https:\/\/yotavis.ch\/fr\/produit\/ssu5181a\/","title":{"rendered":"SSU5181A"},"content":{"rendered":"<p>Le SSU5181A de Siglent fonctionne sur une gamme de fr\u00e9quences allant du DC \u00e0 18 GHz et comprend un interrupteur m\u00e9canique SPDT. Il est \u00e9quip\u00e9 de connecteurs femelles SMA, assurant la compatibilit\u00e9 avec une vari\u00e9t\u00e9 de configurations RF. Ce produit est con\u00e7u pour traiter des signaux haute fr\u00e9quence jusqu'\u00e0 18 GHz, ce qui le rend adapt\u00e9 aux applications n\u00e9cessitant un routage pr\u00e9cis des signaux. Le type de commutateur m\u00e9canique est SPDT, ce qui permet une fonctionnalit\u00e9 de commutation unipolaire double. L'inclusion de connecteurs femelles SMA fournit une interface de connexion s\u00fbre et fiable. Ce dispositif fait partie de la gamme Siglent, connue pour ses \u00e9quipements de test RF et \u00e9lectroniques.<\/p>","protected":false},"excerpt":{"rendered":"<p>DC-18GHz, y compris un interrupteur m\u00e9canique SPDT, SMA femelle<\/p>","protected":false},"featured_media":6860,"comment_status":"closed","ping_status":"closed","template":"","meta":{"_acf_changed":false,"slim_seo":{"title":"SSU5181A - YOTAVIS AG","description":"DC-18GHz, y compris un interrupteur m\u00e9canique SPDT, SMA femelle"}},"product_brand":[506],"product_cat":[526,540],"product_tag":[],"class_list":{"0":"post-3784","1":"product","2":"type-product","3":"status-publish","4":"has-post-thumbnail","6":"product_brand-siglent","7":"product_cat-accessories","8":"product_cat-others-accessories","10":"first","11":"instock","12":"taxable","13":"shipping-taxable","14":"purchasable","15":"product-type-simple"},"acf":[],"_links":{"self":[{"href":"https:\/\/yotavis.ch\/fr\/wp-json\/wp\/v2\/product\/3784","targetHints":{"allow":["GET"]}}],"collection":[{"href":"https:\/\/yotavis.ch\/fr\/wp-json\/wp\/v2\/product"}],"about":[{"href":"https:\/\/yotavis.ch\/fr\/wp-json\/wp\/v2\/types\/product"}],"replies":[{"embeddable":true,"href":"https:\/\/yotavis.ch\/fr\/wp-json\/wp\/v2\/comments?post=3784"}],"wp:featuredmedia":[{"embeddable":true,"href":"https:\/\/yotavis.ch\/fr\/wp-json\/wp\/v2\/media\/6860"}],"wp:attachment":[{"href":"https:\/\/yotavis.ch\/fr\/wp-json\/wp\/v2\/media?parent=3784"}],"wp:term":[{"taxonomy":"product_brand","embeddable":true,"href":"https:\/\/yotavis.ch\/fr\/wp-json\/wp\/v2\/product_brand?post=3784"},{"taxonomy":"product_cat","embeddable":true,"href":"https:\/\/yotavis.ch\/fr\/wp-json\/wp\/v2\/product_cat?post=3784"},{"taxonomy":"product_tag","embeddable":true,"href":"https:\/\/yotavis.ch\/fr\/wp-json\/wp\/v2\/product_tag?post=3784"}],"curies":[{"name":"wp","href":"https:\/\/api.w.org\/{rel}","templated":true}]}}