{"id":3786,"date":"2025-10-09T00:00:00","date_gmt":"2025-10-08T22:00:00","guid":{"rendered":"https:\/\/yotavis.ch\/product\/ssu5183a\/"},"modified":"2026-04-24T13:30:08","modified_gmt":"2026-04-24T11:30:08","slug":"ssu5183a","status":"publish","type":"product","link":"https:\/\/yotavis.ch\/fr\/produit\/ssu5183a\/","title":{"rendered":"SSU5183A"},"content":{"rendered":"<p>Le SSU5183A de Siglent fonctionne sur une plage de fr\u00e9quences allant du courant continu \u00e0 18 GHz et comporte trois interrupteurs m\u00e9caniques SPDT. Il est \u00e9quip\u00e9 de connecteurs femelles SMA, assurant la compatibilit\u00e9 avec une vari\u00e9t\u00e9 de syst\u00e8mes RF. Ce produit est con\u00e7u pour traiter des signaux haute fr\u00e9quence jusqu'\u00e0 18 GHz, ce qui le rend adapt\u00e9 aux applications n\u00e9cessitant un routage pr\u00e9cis des signaux. L'inclusion de trois commutateurs unipolaires \u00e0 double lance permet des configurations flexibles du chemin du signal. La conception m\u00e9canique des commutateurs assure des performances de commutation fiables. Les connecteurs femelles SMA sont standard dans les applications RF, ce qui facilite l'int\u00e9gration dans les installations existantes. Ce dispositif est con\u00e7u pour \u00eatre utilis\u00e9 dans des environnements o\u00f9 la gestion des signaux haute fr\u00e9quence est essentielle.<\/p>","protected":false},"excerpt":{"rendered":"<p>DC-18GHz, y compris trois interrupteurs m\u00e9caniques SPDT, SMA femelle<\/p>","protected":false},"featured_media":6860,"comment_status":"closed","ping_status":"closed","template":"","meta":{"_acf_changed":false,"slim_seo":{"title":"SSU5183A - YOTAVIS AG","description":"DC-18GHz, y compris trois interrupteurs m\u00e9caniques SPDT, SMA femelle"}},"product_brand":[506],"product_cat":[526,540],"product_tag":[],"class_list":{"0":"post-3786","1":"product","2":"type-product","3":"status-publish","4":"has-post-thumbnail","6":"product_brand-siglent","7":"product_cat-accessories","8":"product_cat-others-accessories","10":"first","11":"instock","12":"taxable","13":"shipping-taxable","14":"purchasable","15":"product-type-simple"},"acf":[],"_links":{"self":[{"href":"https:\/\/yotavis.ch\/fr\/wp-json\/wp\/v2\/product\/3786","targetHints":{"allow":["GET"]}}],"collection":[{"href":"https:\/\/yotavis.ch\/fr\/wp-json\/wp\/v2\/product"}],"about":[{"href":"https:\/\/yotavis.ch\/fr\/wp-json\/wp\/v2\/types\/product"}],"replies":[{"embeddable":true,"href":"https:\/\/yotavis.ch\/fr\/wp-json\/wp\/v2\/comments?post=3786"}],"wp:featuredmedia":[{"embeddable":true,"href":"https:\/\/yotavis.ch\/fr\/wp-json\/wp\/v2\/media\/6860"}],"wp:attachment":[{"href":"https:\/\/yotavis.ch\/fr\/wp-json\/wp\/v2\/media?parent=3786"}],"wp:term":[{"taxonomy":"product_brand","embeddable":true,"href":"https:\/\/yotavis.ch\/fr\/wp-json\/wp\/v2\/product_brand?post=3786"},{"taxonomy":"product_cat","embeddable":true,"href":"https:\/\/yotavis.ch\/fr\/wp-json\/wp\/v2\/product_cat?post=3786"},{"taxonomy":"product_tag","embeddable":true,"href":"https:\/\/yotavis.ch\/fr\/wp-json\/wp\/v2\/product_tag?post=3786"}],"curies":[{"name":"wp","href":"https:\/\/api.w.org\/{rel}","templated":true}]}}