{"id":3787,"date":"2025-10-09T00:00:00","date_gmt":"2025-10-08T22:00:00","guid":{"rendered":"https:\/\/yotavis.ch\/product\/ssu5184a\/"},"modified":"2026-04-24T13:30:08","modified_gmt":"2026-04-24T11:30:08","slug":"ssu5184a","status":"publish","type":"product","link":"https:\/\/yotavis.ch\/fr\/produit\/ssu5184a\/","title":{"rendered":"SSU5184A"},"content":{"rendered":"<p>Le SSU5184A de Siglent fonctionne jusqu'\u00e0 une fr\u00e9quence de 18 GHz et comporte quatre interrupteurs m\u00e9caniques SPDT. Il est \u00e9quip\u00e9 de connecteurs femelles SMA, assurant la compatibilit\u00e9 avec une vari\u00e9t\u00e9 de syst\u00e8mes RF. Ce produit est con\u00e7u pour traiter des signaux haute fr\u00e9quence, ce qui le rend adapt\u00e9 aux applications n\u00e9cessitant une commutation pr\u00e9cise \u00e0 des fr\u00e9quences micro-ondes. L'inclusion de quatre commutateurs unipolaires et bipolaires permet des options de routage de signaux polyvalentes dans un facteur de forme compact. La nature m\u00e9canique des commutateurs assure des performances fiables sur des cycles r\u00e9p\u00e9t\u00e9s. La construction de l'appareil et le type de connecteur permettent une transmission stable et coh\u00e9rente des signaux. Dans l'ensemble, le SSU5184A est con\u00e7u pour \u00eatre utilis\u00e9 dans des environnements o\u00f9 la commutation \u00e0 haute fr\u00e9quence est essentielle.<\/p>","protected":false},"excerpt":{"rendered":"<p>DC-18GHz, y compris quatre interrupteurs m\u00e9caniques SPDT, SMA femelle<\/p>","protected":false},"featured_media":6860,"comment_status":"closed","ping_status":"closed","template":"","meta":{"_acf_changed":false,"slim_seo":{"title":"SSU5184A - YOTAVIS AG","description":"DC-18GHz, y compris quatre interrupteurs m\u00e9caniques SPDT, SMA femelle"}},"product_brand":[506],"product_cat":[526,540],"product_tag":[],"class_list":{"0":"post-3787","1":"product","2":"type-product","3":"status-publish","4":"has-post-thumbnail","6":"product_brand-siglent","7":"product_cat-accessories","8":"product_cat-others-accessories","10":"first","11":"instock","12":"taxable","13":"shipping-taxable","14":"purchasable","15":"product-type-simple"},"acf":[],"_links":{"self":[{"href":"https:\/\/yotavis.ch\/fr\/wp-json\/wp\/v2\/product\/3787","targetHints":{"allow":["GET"]}}],"collection":[{"href":"https:\/\/yotavis.ch\/fr\/wp-json\/wp\/v2\/product"}],"about":[{"href":"https:\/\/yotavis.ch\/fr\/wp-json\/wp\/v2\/types\/product"}],"replies":[{"embeddable":true,"href":"https:\/\/yotavis.ch\/fr\/wp-json\/wp\/v2\/comments?post=3787"}],"wp:featuredmedia":[{"embeddable":true,"href":"https:\/\/yotavis.ch\/fr\/wp-json\/wp\/v2\/media\/6860"}],"wp:attachment":[{"href":"https:\/\/yotavis.ch\/fr\/wp-json\/wp\/v2\/media?parent=3787"}],"wp:term":[{"taxonomy":"product_brand","embeddable":true,"href":"https:\/\/yotavis.ch\/fr\/wp-json\/wp\/v2\/product_brand?post=3787"},{"taxonomy":"product_cat","embeddable":true,"href":"https:\/\/yotavis.ch\/fr\/wp-json\/wp\/v2\/product_cat?post=3787"},{"taxonomy":"product_tag","embeddable":true,"href":"https:\/\/yotavis.ch\/fr\/wp-json\/wp\/v2\/product_tag?post=3787"}],"curies":[{"name":"wp","href":"https:\/\/api.w.org\/{rel}","templated":true}]}}