{"id":3788,"date":"2025-10-09T00:00:00","date_gmt":"2025-10-08T22:00:00","guid":{"rendered":"https:\/\/yotavis.ch\/product\/ssu5261a\/"},"modified":"2026-04-24T13:30:09","modified_gmt":"2026-04-24T11:30:09","slug":"ssu5261a","status":"publish","type":"product","link":"https:\/\/yotavis.ch\/fr\/produit\/ssu5261a\/","title":{"rendered":"SSU5261A"},"content":{"rendered":"<p>Le SSU5261A de Siglent fonctionne sur une plage de fr\u00e9quences allant du DC \u00e0 26,5 GHz et comprend un interrupteur m\u00e9canique SPDT. Il est \u00e9quip\u00e9 d'un connecteur femelle SMA, couramment utilis\u00e9 pour les applications RF. Ce produit est con\u00e7u pour traiter des signaux haute fr\u00e9quence jusqu'\u00e0 26,5 GHz, ce qui le rend adapt\u00e9 \u00e0 divers sc\u00e9narios de test et de mesure. L'inclusion d'un commutateur m\u00e9canique permet un acheminement fiable des signaux dans la gamme de fr\u00e9quences sp\u00e9cifi\u00e9e. Le connecteur femelle SMA assure la compatibilit\u00e9 avec une large gamme de c\u00e2bles et d'appareils RF. Ce mod\u00e8le ne sp\u00e9cifie pas la puissance, la tension, le courant ou d'autres param\u00e8tres \u00e9lectriques, se concentrant principalement sur ses capacit\u00e9s de fr\u00e9quence et le type de commutateur. Sa conception prend en charge les applications n\u00e9cessitant une commutation pr\u00e9cise \u00e0 des fr\u00e9quences micro-ondes.<\/p>","protected":false},"excerpt":{"rendered":"<p>DC-26,5 GHz, y compris un interrupteur m\u00e9canique SPDT, SMA femelle<\/p>","protected":false},"featured_media":6860,"comment_status":"closed","ping_status":"closed","template":"","meta":{"_acf_changed":false,"slim_seo":{"title":"SSU5261A - YOTAVIS AG","description":"DC-26,5 GHz, y compris un interrupteur m\u00e9canique SPDT, SMA femelle"}},"product_brand":[506],"product_cat":[526,540],"product_tag":[],"class_list":{"0":"post-3788","1":"product","2":"type-product","3":"status-publish","4":"has-post-thumbnail","6":"product_brand-siglent","7":"product_cat-accessories","8":"product_cat-others-accessories","10":"first","11":"instock","12":"taxable","13":"shipping-taxable","14":"purchasable","15":"product-type-simple"},"acf":[],"_links":{"self":[{"href":"https:\/\/yotavis.ch\/fr\/wp-json\/wp\/v2\/product\/3788","targetHints":{"allow":["GET"]}}],"collection":[{"href":"https:\/\/yotavis.ch\/fr\/wp-json\/wp\/v2\/product"}],"about":[{"href":"https:\/\/yotavis.ch\/fr\/wp-json\/wp\/v2\/types\/product"}],"replies":[{"embeddable":true,"href":"https:\/\/yotavis.ch\/fr\/wp-json\/wp\/v2\/comments?post=3788"}],"wp:featuredmedia":[{"embeddable":true,"href":"https:\/\/yotavis.ch\/fr\/wp-json\/wp\/v2\/media\/6860"}],"wp:attachment":[{"href":"https:\/\/yotavis.ch\/fr\/wp-json\/wp\/v2\/media?parent=3788"}],"wp:term":[{"taxonomy":"product_brand","embeddable":true,"href":"https:\/\/yotavis.ch\/fr\/wp-json\/wp\/v2\/product_brand?post=3788"},{"taxonomy":"product_cat","embeddable":true,"href":"https:\/\/yotavis.ch\/fr\/wp-json\/wp\/v2\/product_cat?post=3788"},{"taxonomy":"product_tag","embeddable":true,"href":"https:\/\/yotavis.ch\/fr\/wp-json\/wp\/v2\/product_tag?post=3788"}],"curies":[{"name":"wp","href":"https:\/\/api.w.org\/{rel}","templated":true}]}}