{"id":3791,"date":"2025-10-09T00:00:00","date_gmt":"2025-10-08T22:00:00","guid":{"rendered":"https:\/\/yotavis.ch\/product\/ssu5264a\/"},"modified":"2026-04-24T13:30:10","modified_gmt":"2026-04-24T11:30:10","slug":"ssu5264a","status":"publish","type":"product","link":"https:\/\/yotavis.ch\/fr\/produit\/ssu5264a\/","title":{"rendered":"SSU5264A"},"content":{"rendered":"<p>Le SSU5264A de Siglent fonctionne sur une plage de fr\u00e9quences allant du DC \u00e0 26,5 GHz et comprend quatre interrupteurs m\u00e9caniques SPDT. Il est \u00e9quip\u00e9 de connecteurs femelles SMA, couramment utilis\u00e9s pour les applications RF. Ce produit est con\u00e7u pour traiter des signaux haute fr\u00e9quence jusqu'\u00e0 26,5 GHz, ce qui le rend adapt\u00e9 \u00e0 divers sc\u00e9narios de test et de commutation. L'inclusion de quatre interrupteurs unipolaires et bipolaires permet des options de routage de signaux polyvalentes dans une unit\u00e9 compacte. La nature m\u00e9canique des interrupteurs garantit des performances fiables dans les applications de commutation. La conception de l'appareil permet de l'int\u00e9grer dans des syst\u00e8mes n\u00e9cessitant un contr\u00f4le pr\u00e9cis des chemins de signaux RF. Ses sp\u00e9cifications se concentrent sur la gamme de fr\u00e9quences et la configuration des commutateurs, sans d\u00e9tails suppl\u00e9mentaires sur la puissance, la tension ou le courant.<\/p>","protected":false},"excerpt":{"rendered":"<p>DC-26,5 GHz, y compris quatre interrupteurs m\u00e9caniques SPDT, SMA femelle<\/p>","protected":false},"featured_media":6860,"comment_status":"closed","ping_status":"closed","template":"","meta":{"_acf_changed":false,"slim_seo":{"title":"SSU5264A - YOTAVIS AG","description":"DC-26,5 GHz, y compris quatre interrupteurs m\u00e9caniques SPDT, SMA femelle"}},"product_brand":[506],"product_cat":[526,540],"product_tag":[],"class_list":{"0":"post-3791","1":"product","2":"type-product","3":"status-publish","4":"has-post-thumbnail","6":"product_brand-siglent","7":"product_cat-accessories","8":"product_cat-others-accessories","10":"first","11":"instock","12":"taxable","13":"shipping-taxable","14":"purchasable","15":"product-type-simple"},"acf":[],"_links":{"self":[{"href":"https:\/\/yotavis.ch\/fr\/wp-json\/wp\/v2\/product\/3791","targetHints":{"allow":["GET"]}}],"collection":[{"href":"https:\/\/yotavis.ch\/fr\/wp-json\/wp\/v2\/product"}],"about":[{"href":"https:\/\/yotavis.ch\/fr\/wp-json\/wp\/v2\/types\/product"}],"replies":[{"embeddable":true,"href":"https:\/\/yotavis.ch\/fr\/wp-json\/wp\/v2\/comments?post=3791"}],"wp:featuredmedia":[{"embeddable":true,"href":"https:\/\/yotavis.ch\/fr\/wp-json\/wp\/v2\/media\/6860"}],"wp:attachment":[{"href":"https:\/\/yotavis.ch\/fr\/wp-json\/wp\/v2\/media?parent=3791"}],"wp:term":[{"taxonomy":"product_brand","embeddable":true,"href":"https:\/\/yotavis.ch\/fr\/wp-json\/wp\/v2\/product_brand?post=3791"},{"taxonomy":"product_cat","embeddable":true,"href":"https:\/\/yotavis.ch\/fr\/wp-json\/wp\/v2\/product_cat?post=3791"},{"taxonomy":"product_tag","embeddable":true,"href":"https:\/\/yotavis.ch\/fr\/wp-json\/wp\/v2\/product_tag?post=3791"}],"curies":[{"name":"wp","href":"https:\/\/api.w.org\/{rel}","templated":true}]}}