{"id":3792,"date":"2025-10-09T00:00:00","date_gmt":"2025-10-08T22:00:00","guid":{"rendered":"https:\/\/yotavis.ch\/product\/ssu5265a\/"},"modified":"2026-04-24T13:30:10","modified_gmt":"2026-04-24T11:30:10","slug":"ssu5265a","status":"publish","type":"product","link":"https:\/\/yotavis.ch\/fr\/produit\/ssu5265a\/","title":{"rendered":"SSU5265A"},"content":{"rendered":"<p>Le SSU5265A de Siglent fonctionne sur une plage de fr\u00e9quences allant du DC \u00e0 26,5 GHz et comprend un commutateur m\u00e9canique SP6T. Il est \u00e9quip\u00e9 d'un connecteur femelle SMA, couramment utilis\u00e9 pour les applications RF. Ce produit est con\u00e7u pour traiter des signaux haute fr\u00e9quence jusqu'\u00e0 26,5 GHz, ce qui le rend adapt\u00e9 \u00e0 divers sc\u00e9narios de test et de mesure. Le commutateur m\u00e9canique permet de multiplier les chemins de signaux, ce qui accro\u00eet sa polyvalence en mati\u00e8re de routage des signaux. L'inclusion du commutateur SP6T indique qu'il peut s\u00e9lectionner entre six entr\u00e9es ou sorties de signaux diff\u00e9rentes. Le connecteur femelle SMA assure la compatibilit\u00e9 avec une large gamme de c\u00e2bles et d'appareils RF. Cette combinaison de caract\u00e9ristiques permet une gestion pr\u00e9cise et fiable des signaux dans les environnements \u00e0 haute fr\u00e9quence.<\/p>","protected":false},"excerpt":{"rendered":"<p>DC-26.5GHz, incluant un interrupteur m\u00e9canique SP6T, SMA femelle<\/p>","protected":false},"featured_media":6863,"comment_status":"closed","ping_status":"closed","template":"","meta":{"_acf_changed":false,"slim_seo":{"title":"SSU5265A - YOTAVIS AG","description":"DC-26.5GHz, incluant un interrupteur m\u00e9canique SP6T, SMA femelle"}},"product_brand":[506],"product_cat":[526,540],"product_tag":[],"class_list":{"0":"post-3792","1":"product","2":"type-product","3":"status-publish","4":"has-post-thumbnail","6":"product_brand-siglent","7":"product_cat-accessories","8":"product_cat-others-accessories","10":"first","11":"instock","12":"taxable","13":"shipping-taxable","14":"purchasable","15":"product-type-simple"},"acf":[],"_links":{"self":[{"href":"https:\/\/yotavis.ch\/fr\/wp-json\/wp\/v2\/product\/3792","targetHints":{"allow":["GET"]}}],"collection":[{"href":"https:\/\/yotavis.ch\/fr\/wp-json\/wp\/v2\/product"}],"about":[{"href":"https:\/\/yotavis.ch\/fr\/wp-json\/wp\/v2\/types\/product"}],"replies":[{"embeddable":true,"href":"https:\/\/yotavis.ch\/fr\/wp-json\/wp\/v2\/comments?post=3792"}],"wp:featuredmedia":[{"embeddable":true,"href":"https:\/\/yotavis.ch\/fr\/wp-json\/wp\/v2\/media\/6863"}],"wp:attachment":[{"href":"https:\/\/yotavis.ch\/fr\/wp-json\/wp\/v2\/media?parent=3792"}],"wp:term":[{"taxonomy":"product_brand","embeddable":true,"href":"https:\/\/yotavis.ch\/fr\/wp-json\/wp\/v2\/product_brand?post=3792"},{"taxonomy":"product_cat","embeddable":true,"href":"https:\/\/yotavis.ch\/fr\/wp-json\/wp\/v2\/product_cat?post=3792"},{"taxonomy":"product_tag","embeddable":true,"href":"https:\/\/yotavis.ch\/fr\/wp-json\/wp\/v2\/product_tag?post=3792"}],"curies":[{"name":"wp","href":"https:\/\/api.w.org\/{rel}","templated":true}]}}