{"id":3798,"date":"2025-10-09T00:00:00","date_gmt":"2025-10-08T22:00:00","guid":{"rendered":"https:\/\/yotavis.ch\/product\/f504ts\/"},"modified":"2026-04-24T13:30:16","modified_gmt":"2026-04-24T11:30:16","slug":"f504ts","status":"publish","type":"product","link":"https:\/\/yotavis.ch\/fr\/produit\/f504ts\/","title":{"rendered":"F504TS"},"content":{"rendered":"<p>Le kit d'\u00e9talonnage m\u00e9canique Siglent F504TS est con\u00e7u pour l'\u00e9talonnage OSLT couvrant la gamme de fr\u00e9quences DC \u00e0 9 GHz. Il comporte des connecteurs N-M\u00e2le et N-Femelle, facilitant les options de connectivit\u00e9 polyvalentes. Ce kit d'\u00e9talonnage est destin\u00e9 \u00e0 prendre en charge des t\u00e2ches d'\u00e9talonnage m\u00e9canique pr\u00e9cises dans la gamme de fr\u00e9quences sp\u00e9cifi\u00e9e. L'inclusion des capacit\u00e9s d'\u00e9talonnage OSLT indique son utilisation dans les proc\u00e9dures d'\u00e9talonnage en circuit ouvert, en circuit court, en charge et \u00e0 travers. Le produit porte la marque Siglent, un fabricant reconnu dans le domaine. La conception du kit permet des processus d'\u00e9talonnage pr\u00e9cis pour les appareils fonctionnant jusqu'\u00e0 9 GHz, assurant la compatibilit\u00e9 avec une large gamme d'\u00e9quipements de test. Sa construction m\u00e9canique est con\u00e7ue pour maintenir l'int\u00e9grit\u00e9 de l'\u00e9talonnage sur l'ensemble du spectre de fr\u00e9quences sp\u00e9cifi\u00e9.<\/p>","protected":false},"excerpt":{"rendered":"<p>Mechanical Calibration Kit: OSLT, DC &#8211; 9 GHz, N-Male and Female connector<\/p>","protected":false},"featured_media":6871,"comment_status":"closed","ping_status":"closed","template":"","meta":{"_acf_changed":false,"slim_seo":{"title":"F504TS - YOTAVIS AG","description":"Kit d'\u00e9talonnage m\u00e9canique : OSLT, DC - 9 GHz, connecteur N-m\u00e2le et femelle"}},"product_brand":[506],"product_cat":[526,528],"product_tag":[],"class_list":{"0":"post-3798","1":"product","2":"type-product","3":"status-publish","4":"has-post-thumbnail","6":"product_brand-siglent","7":"product_cat-accessories","8":"product_cat-calibration-kits","9":"pa_connector-type-n","11":"first","12":"instock","13":"taxable","14":"shipping-taxable","15":"purchasable","16":"product-type-simple"},"acf":[],"_links":{"self":[{"href":"https:\/\/yotavis.ch\/fr\/wp-json\/wp\/v2\/product\/3798","targetHints":{"allow":["GET"]}}],"collection":[{"href":"https:\/\/yotavis.ch\/fr\/wp-json\/wp\/v2\/product"}],"about":[{"href":"https:\/\/yotavis.ch\/fr\/wp-json\/wp\/v2\/types\/product"}],"replies":[{"embeddable":true,"href":"https:\/\/yotavis.ch\/fr\/wp-json\/wp\/v2\/comments?post=3798"}],"wp:featuredmedia":[{"embeddable":true,"href":"https:\/\/yotavis.ch\/fr\/wp-json\/wp\/v2\/media\/6871"}],"wp:attachment":[{"href":"https:\/\/yotavis.ch\/fr\/wp-json\/wp\/v2\/media?parent=3798"}],"wp:term":[{"taxonomy":"product_brand","embeddable":true,"href":"https:\/\/yotavis.ch\/fr\/wp-json\/wp\/v2\/product_brand?post=3798"},{"taxonomy":"product_cat","embeddable":true,"href":"https:\/\/yotavis.ch\/fr\/wp-json\/wp\/v2\/product_cat?post=3798"},{"taxonomy":"product_tag","embeddable":true,"href":"https:\/\/yotavis.ch\/fr\/wp-json\/wp\/v2\/product_tag?post=3798"}],"curies":[{"name":"wp","href":"https:\/\/api.w.org\/{rel}","templated":true}]}}