{"id":3799,"date":"2025-10-09T00:00:00","date_gmt":"2025-10-08T22:00:00","guid":{"rendered":"https:\/\/yotavis.ch\/product\/f505ts\/"},"modified":"2026-04-24T13:30:17","modified_gmt":"2026-04-24T11:30:17","slug":"f505ts","status":"publish","type":"product","link":"https:\/\/yotavis.ch\/fr\/produit\/f505ts\/","title":{"rendered":"F505TS"},"content":{"rendered":"<p>Le kit d'\u00e9talonnage m\u00e9canique Siglent F505TS est con\u00e7u pour l'\u00e9talonnage OSLT couvrant une gamme de fr\u00e9quences allant du DC \u00e0 18 GHz. Il comporte des connecteurs N-M\u00e2le et N-Femelle, assurant la compatibilit\u00e9 avec une vari\u00e9t\u00e9 de configurations de test. Ce kit d'\u00e9talonnage est destin\u00e9 \u00e0 fournir un \u00e9talonnage m\u00e9canique pr\u00e9cis pour les dispositifs fonctionnant dans la gamme de fr\u00e9quences sp\u00e9cifi\u00e9e. L'inclusion de connecteurs m\u00e2les et femelles permet des options de connexion polyvalentes pendant les proc\u00e9dures d'\u00e9talonnage. Le kit prend en charge les t\u00e2ches d'\u00e9talonnage qui n\u00e9cessitent des normes de r\u00e9f\u00e9rence pr\u00e9cises pour l'int\u00e9grit\u00e9 du signal et la pr\u00e9cision de la mesure. Sa conception facilite les processus d'\u00e9talonnage fiables et reproductibles dans les applications \u00e0 haute fr\u00e9quence. Le F505TS est un outil sp\u00e9cialis\u00e9 qui convient aux environnements o\u00f9 un \u00e9talonnage m\u00e9canique pr\u00e9cis est essentiel.<\/p>","protected":false},"excerpt":{"rendered":"<p>Mechanical Calibration Kit: OSLT, DC &#8211; 18 GHz, N-Male and Female connector<\/p>","protected":false},"featured_media":6871,"comment_status":"closed","ping_status":"closed","template":"","meta":{"_acf_changed":false,"slim_seo":{"title":"F505TS - YOTAVIS AG","description":"Kit d'\u00e9talonnage m\u00e9canique : OSLT, DC - 18 GHz, connecteur N-M\u00e2le et Femelle"}},"product_brand":[506],"product_cat":[526,528],"product_tag":[],"class_list":{"0":"post-3799","1":"product","2":"type-product","3":"status-publish","4":"has-post-thumbnail","6":"product_brand-siglent","7":"product_cat-accessories","8":"product_cat-calibration-kits","9":"pa_connector-type-n","11":"first","12":"instock","13":"taxable","14":"shipping-taxable","15":"purchasable","16":"product-type-simple"},"acf":[],"_links":{"self":[{"href":"https:\/\/yotavis.ch\/fr\/wp-json\/wp\/v2\/product\/3799","targetHints":{"allow":["GET"]}}],"collection":[{"href":"https:\/\/yotavis.ch\/fr\/wp-json\/wp\/v2\/product"}],"about":[{"href":"https:\/\/yotavis.ch\/fr\/wp-json\/wp\/v2\/types\/product"}],"replies":[{"embeddable":true,"href":"https:\/\/yotavis.ch\/fr\/wp-json\/wp\/v2\/comments?post=3799"}],"wp:featuredmedia":[{"embeddable":true,"href":"https:\/\/yotavis.ch\/fr\/wp-json\/wp\/v2\/media\/6871"}],"wp:attachment":[{"href":"https:\/\/yotavis.ch\/fr\/wp-json\/wp\/v2\/media?parent=3799"}],"wp:term":[{"taxonomy":"product_brand","embeddable":true,"href":"https:\/\/yotavis.ch\/fr\/wp-json\/wp\/v2\/product_brand?post=3799"},{"taxonomy":"product_cat","embeddable":true,"href":"https:\/\/yotavis.ch\/fr\/wp-json\/wp\/v2\/product_cat?post=3799"},{"taxonomy":"product_tag","embeddable":true,"href":"https:\/\/yotavis.ch\/fr\/wp-json\/wp\/v2\/product_tag?post=3799"}],"curies":[{"name":"wp","href":"https:\/\/api.w.org\/{rel}","templated":true}]}}