{"id":3800,"date":"2025-10-09T00:00:00","date_gmt":"2025-10-08T22:00:00","guid":{"rendered":"https:\/\/yotavis.ch\/product\/f606ts\/"},"modified":"2026-04-24T13:30:17","modified_gmt":"2026-04-24T11:30:17","slug":"f606ts","status":"publish","type":"product","link":"https:\/\/yotavis.ch\/fr\/produit\/f606ts\/","title":{"rendered":"F606TS"},"content":{"rendered":"<p>Le kit d'\u00e9talonnage m\u00e9canique Siglent F606TS est con\u00e7u pour l'\u00e9talonnage OSLT couvrant une gamme de fr\u00e9quences allant du DC \u00e0 27 GHz. Il comporte des connecteurs m\u00e2les et femelles de 3,5 mm, garantissant la compatibilit\u00e9 avec une grande vari\u00e9t\u00e9 d'\u00e9quipements de test. Ce kit est destin\u00e9 \u00e0 fournir un \u00e9talonnage m\u00e9canique pr\u00e9cis pour les mesures \u00e0 haute fr\u00e9quence. L'inclusion de connecteurs m\u00e2les et femelles permet des options de connexion polyvalentes pendant les proc\u00e9dures d'\u00e9talonnage. La gamme de fr\u00e9quences allant jusqu'\u00e0 27 GHz permet de l'utiliser dans des environnements de test RF et micro-ondes avanc\u00e9s. La conception m\u00e9canique permet d'obtenir des r\u00e9sultats d'\u00e9talonnage fiables et reproductibles. Ce kit d'\u00e9talonnage est un outil sp\u00e9cialis\u00e9 pour maintenir la pr\u00e9cision des mesures de signaux \u00e0 haute fr\u00e9quence.<\/p>","protected":false},"excerpt":{"rendered":"<p>Mechanical Calibration Kit: OSLT, DC &#8211; 27 GHz, 3.5mm-Male and Female connector<\/p>","protected":false},"featured_media":6874,"comment_status":"closed","ping_status":"closed","template":"","meta":{"_acf_changed":false,"slim_seo":{"title":"F606TS - YOTAVIS AG","description":"Kit d'\u00e9talonnage m\u00e9canique : OSLT, DC - 27 GHz, connecteur m\u00e2le et femelle 3,5 mm"}},"product_brand":[506],"product_cat":[526,528],"product_tag":[],"class_list":{"0":"post-3800","1":"product","2":"type-product","3":"status-publish","4":"has-post-thumbnail","6":"product_brand-siglent","7":"product_cat-accessories","8":"product_cat-calibration-kits","9":"pa_connector-35mm","11":"first","12":"instock","13":"taxable","14":"shipping-taxable","15":"purchasable","16":"product-type-simple"},"acf":[],"_links":{"self":[{"href":"https:\/\/yotavis.ch\/fr\/wp-json\/wp\/v2\/product\/3800","targetHints":{"allow":["GET"]}}],"collection":[{"href":"https:\/\/yotavis.ch\/fr\/wp-json\/wp\/v2\/product"}],"about":[{"href":"https:\/\/yotavis.ch\/fr\/wp-json\/wp\/v2\/types\/product"}],"replies":[{"embeddable":true,"href":"https:\/\/yotavis.ch\/fr\/wp-json\/wp\/v2\/comments?post=3800"}],"wp:featuredmedia":[{"embeddable":true,"href":"https:\/\/yotavis.ch\/fr\/wp-json\/wp\/v2\/media\/6874"}],"wp:attachment":[{"href":"https:\/\/yotavis.ch\/fr\/wp-json\/wp\/v2\/media?parent=3800"}],"wp:term":[{"taxonomy":"product_brand","embeddable":true,"href":"https:\/\/yotavis.ch\/fr\/wp-json\/wp\/v2\/product_brand?post=3800"},{"taxonomy":"product_cat","embeddable":true,"href":"https:\/\/yotavis.ch\/fr\/wp-json\/wp\/v2\/product_cat?post=3800"},{"taxonomy":"product_tag","embeddable":true,"href":"https:\/\/yotavis.ch\/fr\/wp-json\/wp\/v2\/product_tag?post=3800"}],"curies":[{"name":"wp","href":"https:\/\/api.w.org\/{rel}","templated":true}]}}