{"id":3801,"date":"2025-10-09T00:00:00","date_gmt":"2025-10-08T22:00:00","guid":{"rendered":"https:\/\/yotavis.ch\/product\/y504ms\/"},"modified":"2026-04-24T13:30:17","modified_gmt":"2026-04-24T11:30:17","slug":"y504ms","status":"publish","type":"product","link":"https:\/\/yotavis.ch\/fr\/produit\/y504ms\/","title":{"rendered":"Y504MS"},"content":{"rendered":"<p>Le Y504MS est un kit d'\u00e9talonnage m\u00e9canique int\u00e9gr\u00e9 con\u00e7u pour l'\u00e9talonnage OSLT couvrant les fr\u00e9quences de DC \u00e0 9 GHz. Il est dot\u00e9 d'un connecteur N-M\u00e2le, assurant la compatibilit\u00e9 avec une gamme d'\u00e9quipements de test. Fabriqu\u00e9 par Siglent, ce kit d'\u00e9talonnage est destin\u00e9 \u00e0 fournir un \u00e9talonnage m\u00e9canique pr\u00e9cis pour diverses applications de mesure. Le kit prend en charge les processus d'\u00e9talonnage qui n\u00e9cessitent des normes pr\u00e9cises et fiables sur une large gamme de fr\u00e9quences. Sa conception facilite l'utilisation en laboratoire et sur le terrain o\u00f9 l'int\u00e9grit\u00e9 de l'\u00e9talonnage est critique. Le Y504MS peut \u00eatre utilis\u00e9 avec des appareils fonctionnant dans la gamme de fr\u00e9quences sp\u00e9cifi\u00e9e, ce qui en fait un outil polyvalent pour les t\u00e2ches d'\u00e9talonnage. Ce produit fait partie de la gamme d'accessoires d'\u00e9talonnage de Siglent visant \u00e0 maintenir la pr\u00e9cision des mesures.<\/p>","protected":false},"excerpt":{"rendered":"<p>Integrated Mechanical Calibration Kit: OSLT, DC &#8211; 9 GHz, N-Male<\/p>","protected":false},"featured_media":6876,"comment_status":"closed","ping_status":"closed","template":"","meta":{"_acf_changed":false,"slim_seo":{"title":"Y504MS - YOTAVIS AG","description":"Kit d'\u00e9talonnage m\u00e9canique int\u00e9gr\u00e9 : OSLT, DC - 9 GHz, N-M\u00e2le"}},"product_brand":[506],"product_cat":[526,528],"product_tag":[],"class_list":{"0":"post-3801","1":"product","2":"type-product","3":"status-publish","4":"has-post-thumbnail","6":"product_brand-siglent","7":"product_cat-accessories","8":"product_cat-calibration-kits","9":"pa_connector-type-n","11":"first","12":"instock","13":"taxable","14":"shipping-taxable","15":"purchasable","16":"product-type-simple"},"acf":[],"_links":{"self":[{"href":"https:\/\/yotavis.ch\/fr\/wp-json\/wp\/v2\/product\/3801","targetHints":{"allow":["GET"]}}],"collection":[{"href":"https:\/\/yotavis.ch\/fr\/wp-json\/wp\/v2\/product"}],"about":[{"href":"https:\/\/yotavis.ch\/fr\/wp-json\/wp\/v2\/types\/product"}],"replies":[{"embeddable":true,"href":"https:\/\/yotavis.ch\/fr\/wp-json\/wp\/v2\/comments?post=3801"}],"wp:featuredmedia":[{"embeddable":true,"href":"https:\/\/yotavis.ch\/fr\/wp-json\/wp\/v2\/media\/6876"}],"wp:attachment":[{"href":"https:\/\/yotavis.ch\/fr\/wp-json\/wp\/v2\/media?parent=3801"}],"wp:term":[{"taxonomy":"product_brand","embeddable":true,"href":"https:\/\/yotavis.ch\/fr\/wp-json\/wp\/v2\/product_brand?post=3801"},{"taxonomy":"product_cat","embeddable":true,"href":"https:\/\/yotavis.ch\/fr\/wp-json\/wp\/v2\/product_cat?post=3801"},{"taxonomy":"product_tag","embeddable":true,"href":"https:\/\/yotavis.ch\/fr\/wp-json\/wp\/v2\/product_tag?post=3801"}],"curies":[{"name":"wp","href":"https:\/\/api.w.org\/{rel}","templated":true}]}}