{"id":3802,"date":"2025-10-09T00:00:00","date_gmt":"2025-10-08T22:00:00","guid":{"rendered":"https:\/\/yotavis.ch\/product\/y504fs\/"},"modified":"2026-04-24T13:30:18","modified_gmt":"2026-04-24T11:30:18","slug":"y504fs","status":"publish","type":"product","link":"https:\/\/yotavis.ch\/fr\/produit\/y504fs\/","title":{"rendered":"Y504FS"},"content":{"rendered":"<p>Le Y504FS est un kit d'\u00e9talonnage m\u00e9canique int\u00e9gr\u00e9 con\u00e7u pour l'\u00e9talonnage OSLT couvrant les fr\u00e9quences DC \u00e0 9 GHz. Il est dot\u00e9 d'un connecteur de type N-Femelle, ce qui garantit sa compatibilit\u00e9 avec diverses configurations de test. Fabriqu\u00e9 par Siglent, ce kit d'\u00e9talonnage est destin\u00e9 \u00e0 fournir un \u00e9talonnage m\u00e9canique pr\u00e9cis pour les instruments de mesure dans la gamme de fr\u00e9quences sp\u00e9cifi\u00e9e. Le kit prend en charge les t\u00e2ches d'\u00e9talonnage qui n\u00e9cessitent des normes de r\u00e9f\u00e9rence pr\u00e9cises pour les mesures d'ouverture, de court-circuit, de charge et de travers\u00e9e. Sa conception facilite les processus d'\u00e9talonnage fiables et reproductibles, qui sont essentiels pour maintenir la pr\u00e9cision des mesures dans les environnements de test RF et micro-ondes. La couverture de fr\u00e9quence jusqu'\u00e0 9 GHz le rend adapt\u00e9 \u00e0 une large gamme d'applications dans le domaine des tests et du d\u00e9veloppement \u00e9lectroniques. La nature int\u00e9gr\u00e9e du kit combine plusieurs normes d'\u00e9talonnage en une seule unit\u00e9, rationalisant le flux de travail d'\u00e9talonnage et r\u00e9duisant le besoin de plusieurs composants s\u00e9par\u00e9s.<\/p>","protected":false},"excerpt":{"rendered":"<p>Integrated Mechanical Calibration Kit: OSLT, DC &#8211; 9 GHz, N-Female<\/p>","protected":false},"featured_media":6877,"comment_status":"closed","ping_status":"closed","template":"","meta":{"_acf_changed":false,"slim_seo":{"title":"Y504FS - YOTAVIS AG","description":"Kit d'\u00e9talonnage m\u00e9canique int\u00e9gr\u00e9 : OSLT, DC - 9 GHz, N-Femelle"}},"product_brand":[506],"product_cat":[526,528],"product_tag":[],"class_list":{"0":"post-3802","1":"product","2":"type-product","3":"status-publish","4":"has-post-thumbnail","6":"product_brand-siglent","7":"product_cat-accessories","8":"product_cat-calibration-kits","9":"pa_connector-type-n","11":"first","12":"instock","13":"taxable","14":"shipping-taxable","15":"purchasable","16":"product-type-simple"},"acf":[],"_links":{"self":[{"href":"https:\/\/yotavis.ch\/fr\/wp-json\/wp\/v2\/product\/3802","targetHints":{"allow":["GET"]}}],"collection":[{"href":"https:\/\/yotavis.ch\/fr\/wp-json\/wp\/v2\/product"}],"about":[{"href":"https:\/\/yotavis.ch\/fr\/wp-json\/wp\/v2\/types\/product"}],"replies":[{"embeddable":true,"href":"https:\/\/yotavis.ch\/fr\/wp-json\/wp\/v2\/comments?post=3802"}],"wp:featuredmedia":[{"embeddable":true,"href":"https:\/\/yotavis.ch\/fr\/wp-json\/wp\/v2\/media\/6877"}],"wp:attachment":[{"href":"https:\/\/yotavis.ch\/fr\/wp-json\/wp\/v2\/media?parent=3802"}],"wp:term":[{"taxonomy":"product_brand","embeddable":true,"href":"https:\/\/yotavis.ch\/fr\/wp-json\/wp\/v2\/product_brand?post=3802"},{"taxonomy":"product_cat","embeddable":true,"href":"https:\/\/yotavis.ch\/fr\/wp-json\/wp\/v2\/product_cat?post=3802"},{"taxonomy":"product_tag","embeddable":true,"href":"https:\/\/yotavis.ch\/fr\/wp-json\/wp\/v2\/product_tag?post=3802"}],"curies":[{"name":"wp","href":"https:\/\/api.w.org\/{rel}","templated":true}]}}