{"id":3803,"date":"2025-10-09T00:00:00","date_gmt":"2025-10-08T22:00:00","guid":{"rendered":"https:\/\/yotavis.ch\/product\/kwr42a\/"},"modified":"2026-04-24T13:30:18","modified_gmt":"2026-04-24T11:30:18","slug":"kwr42a","status":"publish","type":"product","link":"https:\/\/yotavis.ch\/fr\/produit\/kwr42a\/","title":{"rendered":"KWR42A"},"content":{"rendered":"<p>Le KWR42A est un kit d'\u00e9talonnage de guide d'ondes con\u00e7u pour les fr\u00e9quences allant de 18 \u00e0 26,5 GHz. Fabriqu\u00e9 par Siglent, ce produit est dot\u00e9 d'un connecteur de guide d'ondes, ce qui garantit sa compatibilit\u00e9 avec les \u00e9quipements de mesure haute fr\u00e9quence appropri\u00e9s. Le kit est destin\u00e9 \u00e0 prendre en charge des t\u00e2ches d'\u00e9talonnage pr\u00e9cises dans la gamme de fr\u00e9quences sp\u00e9cifi\u00e9e. Il n'inclut pas de sp\u00e9cifications suppl\u00e9mentaires telles que la puissance, la tension, le courant ou les d\u00e9tails de la m\u00e9moire. La conception est ax\u00e9e sur la facilitation de l'\u00e9talonnage pr\u00e9cis des guides d'ondes sans incorporer de caract\u00e9ristiques telles que la commande \u00e0 distance ou les canaux num\u00e9riques. Ce kit d'\u00e9talonnage peut \u00eatre utilis\u00e9 dans des environnements o\u00f9 les mesures de guides d'ondes sont critiques. Il constitue un outil fiable pour maintenir la pr\u00e9cision des mesures dans le spectre de 18 \u00e0 26,5 GHz.<\/p>","protected":false},"excerpt":{"rendered":"<p>Kit d'\u00e9talonnage de guide d'ondes 18~26,5 GHz<\/p>","protected":false},"featured_media":6880,"comment_status":"closed","ping_status":"closed","template":"","meta":{"_acf_changed":false,"slim_seo":{"title":"KWR42A - YOTAVIS AG","description":"Kit d'\u00e9talonnage de guide d'ondes 18~26,5 GHz"}},"product_brand":[506],"product_cat":[526,528],"product_tag":[],"class_list":{"0":"post-3803","1":"product","2":"type-product","3":"status-publish","4":"has-post-thumbnail","6":"product_brand-siglent","7":"product_cat-accessories","8":"product_cat-calibration-kits","9":"pa_connector-waveguide","11":"first","12":"instock","13":"taxable","14":"shipping-taxable","15":"purchasable","16":"product-type-simple"},"acf":[],"_links":{"self":[{"href":"https:\/\/yotavis.ch\/fr\/wp-json\/wp\/v2\/product\/3803","targetHints":{"allow":["GET"]}}],"collection":[{"href":"https:\/\/yotavis.ch\/fr\/wp-json\/wp\/v2\/product"}],"about":[{"href":"https:\/\/yotavis.ch\/fr\/wp-json\/wp\/v2\/types\/product"}],"replies":[{"embeddable":true,"href":"https:\/\/yotavis.ch\/fr\/wp-json\/wp\/v2\/comments?post=3803"}],"wp:featuredmedia":[{"embeddable":true,"href":"https:\/\/yotavis.ch\/fr\/wp-json\/wp\/v2\/media\/6880"}],"wp:attachment":[{"href":"https:\/\/yotavis.ch\/fr\/wp-json\/wp\/v2\/media?parent=3803"}],"wp:term":[{"taxonomy":"product_brand","embeddable":true,"href":"https:\/\/yotavis.ch\/fr\/wp-json\/wp\/v2\/product_brand?post=3803"},{"taxonomy":"product_cat","embeddable":true,"href":"https:\/\/yotavis.ch\/fr\/wp-json\/wp\/v2\/product_cat?post=3803"},{"taxonomy":"product_tag","embeddable":true,"href":"https:\/\/yotavis.ch\/fr\/wp-json\/wp\/v2\/product_tag?post=3803"}],"curies":[{"name":"wp","href":"https:\/\/api.w.org\/{rel}","templated":true}]}}