{"id":3804,"date":"2025-10-09T00:00:00","date_gmt":"2025-10-08T22:00:00","guid":{"rendered":"https:\/\/yotavis.ch\/product\/sem5002a\/"},"modified":"2026-04-24T13:30:18","modified_gmt":"2026-04-24T11:30:18","slug":"sem5002a","status":"publish","type":"product","link":"https:\/\/yotavis.ch\/fr\/produit\/sem5002a\/","title":{"rendered":"SEM5002A"},"content":{"rendered":"<p>Le SEM5002A de Siglent dispose de deux ports et fonctionne dans une gamme de fr\u00e9quences allant de 9 kHz \u00e0 4,5 GHz. Il est \u00e9quip\u00e9 de connecteurs femelles SMA, assurant la compatibilit\u00e9 avec une vari\u00e9t\u00e9 de configurations de test RF. Cet appareil est con\u00e7u pour traiter des signaux sur un large spectre, ce qui le rend adapt\u00e9 \u00e0 diverses applications n\u00e9cessitant des mesures de fr\u00e9quence pr\u00e9cises. L'inclusion de deux ports permet des configurations de test et un routage des signaux flexibles. La gamme de fr\u00e9quences, qui commence \u00e0 9 kHz et s'\u00e9tend jusqu'\u00e0 4,5 GHz, couvre \u00e0 la fois les signaux de basse et de haute fr\u00e9quence. Les connecteurs femelles SMA assurent une connexion s\u00fbre et fiable pour les signaux RF. Ce produit est con\u00e7u pour les utilisateurs qui ont besoin d'un traitement pr\u00e9cis et stable des fr\u00e9quences dans la plage sp\u00e9cifi\u00e9e.<\/p>","protected":false},"excerpt":{"rendered":"<p>2 ports, 9 kHz~4,5 GHz, SMA femelle<\/p>","protected":false},"featured_media":6894,"comment_status":"closed","ping_status":"closed","template":"","meta":{"_acf_changed":false,"slim_seo":{"title":"SEM5002A - YOTAVIS AG","description":"2 ports, 9 kHz~4,5 GHz, SMA femelle"}},"product_brand":[506],"product_cat":[526,528],"product_tag":[],"class_list":{"0":"post-3804","1":"product","2":"type-product","3":"status-publish","4":"has-post-thumbnail","6":"product_brand-siglent","7":"product_cat-accessories","8":"product_cat-calibration-kits","9":"pa_connector-sma","11":"first","12":"instock","13":"taxable","14":"shipping-taxable","15":"purchasable","16":"product-type-simple"},"acf":[],"_links":{"self":[{"href":"https:\/\/yotavis.ch\/fr\/wp-json\/wp\/v2\/product\/3804","targetHints":{"allow":["GET"]}}],"collection":[{"href":"https:\/\/yotavis.ch\/fr\/wp-json\/wp\/v2\/product"}],"about":[{"href":"https:\/\/yotavis.ch\/fr\/wp-json\/wp\/v2\/types\/product"}],"replies":[{"embeddable":true,"href":"https:\/\/yotavis.ch\/fr\/wp-json\/wp\/v2\/comments?post=3804"}],"wp:featuredmedia":[{"embeddable":true,"href":"https:\/\/yotavis.ch\/fr\/wp-json\/wp\/v2\/media\/6894"}],"wp:attachment":[{"href":"https:\/\/yotavis.ch\/fr\/wp-json\/wp\/v2\/media?parent=3804"}],"wp:term":[{"taxonomy":"product_brand","embeddable":true,"href":"https:\/\/yotavis.ch\/fr\/wp-json\/wp\/v2\/product_brand?post=3804"},{"taxonomy":"product_cat","embeddable":true,"href":"https:\/\/yotavis.ch\/fr\/wp-json\/wp\/v2\/product_cat?post=3804"},{"taxonomy":"product_tag","embeddable":true,"href":"https:\/\/yotavis.ch\/fr\/wp-json\/wp\/v2\/product_tag?post=3804"}],"curies":[{"name":"wp","href":"https:\/\/api.w.org\/{rel}","templated":true}]}}