{"id":3808,"date":"2025-10-09T00:00:00","date_gmt":"2025-10-08T22:00:00","guid":{"rendered":"https:\/\/yotavis.ch\/product\/sem5004a\/"},"modified":"2026-04-24T13:30:22","modified_gmt":"2026-04-24T11:30:22","slug":"sem5004a","status":"publish","type":"product","link":"https:\/\/yotavis.ch\/fr\/produit\/sem5004a\/","title":{"rendered":"SEM5004A"},"content":{"rendered":"<p>Le SEM5004A de Siglent dispose de 4 ports et fonctionne dans une gamme de fr\u00e9quences allant de 9 kHz \u00e0 4,5 GHz. Il est \u00e9quip\u00e9 de connecteurs femelles SMA, assurant la compatibilit\u00e9 avec une vari\u00e9t\u00e9 de configurations de test RF. Ce produit est con\u00e7u pour traiter des signaux sur un large spectre, ce qui le rend adapt\u00e9 \u00e0 diverses applications n\u00e9cessitant un traitement pr\u00e9cis des fr\u00e9quences. La construction et les sp\u00e9cifications de l'appareil sont ax\u00e9es sur la fourniture d'une connectivit\u00e9 et de performances fiables dans la gamme de fr\u00e9quences d\u00e9sign\u00e9e. Ses ports multiples permettent des connexions simultan\u00e9es, ce qui facilite les sc\u00e9narios de test complexes. L'utilisation de connecteurs femelles SMA est standard dans les \u00e9quipements RF, offrant des connexions s\u00fbres et stables. Dans l'ensemble, le SEM5004A est con\u00e7u pour les utilisateurs qui ont besoin d'une solution multi-port avec une large gamme de fr\u00e9quences et des connecteurs RF standard.<\/p>","protected":false},"excerpt":{"rendered":"<p>4 ports, 9 kHz~4,5 GHz, SMA femelle<\/p>","protected":false},"featured_media":6903,"comment_status":"closed","ping_status":"closed","template":"","meta":{"_acf_changed":false,"slim_seo":{"title":"SEM5004A - YOTAVIS AG","description":"4 ports, 9 kHz~4,5 GHz, SMA femelle"}},"product_brand":[506],"product_cat":[526,528],"product_tag":[],"class_list":{"0":"post-3808","1":"product","2":"type-product","3":"status-publish","4":"has-post-thumbnail","6":"product_brand-siglent","7":"product_cat-accessories","8":"product_cat-calibration-kits","9":"pa_connector-sma","11":"first","12":"instock","13":"taxable","14":"shipping-taxable","15":"purchasable","16":"product-type-simple"},"acf":[],"_links":{"self":[{"href":"https:\/\/yotavis.ch\/fr\/wp-json\/wp\/v2\/product\/3808","targetHints":{"allow":["GET"]}}],"collection":[{"href":"https:\/\/yotavis.ch\/fr\/wp-json\/wp\/v2\/product"}],"about":[{"href":"https:\/\/yotavis.ch\/fr\/wp-json\/wp\/v2\/types\/product"}],"replies":[{"embeddable":true,"href":"https:\/\/yotavis.ch\/fr\/wp-json\/wp\/v2\/comments?post=3808"}],"wp:featuredmedia":[{"embeddable":true,"href":"https:\/\/yotavis.ch\/fr\/wp-json\/wp\/v2\/media\/6903"}],"wp:attachment":[{"href":"https:\/\/yotavis.ch\/fr\/wp-json\/wp\/v2\/media?parent=3808"}],"wp:term":[{"taxonomy":"product_brand","embeddable":true,"href":"https:\/\/yotavis.ch\/fr\/wp-json\/wp\/v2\/product_brand?post=3808"},{"taxonomy":"product_cat","embeddable":true,"href":"https:\/\/yotavis.ch\/fr\/wp-json\/wp\/v2\/product_cat?post=3808"},{"taxonomy":"product_tag","embeddable":true,"href":"https:\/\/yotavis.ch\/fr\/wp-json\/wp\/v2\/product_tag?post=3808"}],"curies":[{"name":"wp","href":"https:\/\/api.w.org\/{rel}","templated":true}]}}