{"id":3812,"date":"2025-10-09T00:00:00","date_gmt":"2025-10-08T22:00:00","guid":{"rendered":"https:\/\/yotavis.ch\/product\/s06-nmsf-1m\/"},"modified":"2026-04-24T13:30:24","modified_gmt":"2026-04-24T11:30:24","slug":"s06-nmsf-1m","status":"publish","type":"product","link":"https:\/\/yotavis.ch\/fr\/produit\/s06-nmsf-1m\/","title":{"rendered":"S06-NMSF-1M"},"content":{"rendered":"<p>Le Siglent S06-NMSF-1M est un c\u00e2ble RF \u00e9quip\u00e9 de connecteurs N(M) vers SMA(F), con\u00e7u pour les fr\u00e9quences allant de DC \u00e0 6 GHz. D'une longueur de 1000 mm, il convient \u00e0 diverses applications n\u00e9cessitant une transmission pr\u00e9cise des signaux dans cette gamme de fr\u00e9quences. Le c\u00e2ble est con\u00e7u pour maintenir l'int\u00e9grit\u00e9 du signal sur toute la largeur de bande sp\u00e9cifi\u00e9e, ce qui garantit des performances fiables dans les installations RF. Ses connecteurs, Type-N m\u00e2le et SMA femelle, sont compatibles avec une large gamme d'appareils et d'instruments. Ce c\u00e2ble est id\u00e9al pour une utilisation dans des environnements o\u00f9 des connexions RF stables et coh\u00e9rentes sont n\u00e9cessaires. Sa conception permet un transfert efficace des signaux avec une perte minimale, r\u00e9pondant ainsi aux exigences professionnelles et techniques. Sa longueur et ses types de connecteurs le rendent polyvalent pour l'int\u00e9gration dans des syst\u00e8mes existants n\u00e9cessitant ces interfaces sp\u00e9cifiques.<\/p>","protected":false},"excerpt":{"rendered":"<p>C\u00e2ble RF N(M)-SMA(F) DC~6 GHz,1000 mm<\/p>","protected":false},"featured_media":6907,"comment_status":"closed","ping_status":"closed","template":"","meta":{"_acf_changed":false,"slim_seo":{"title":"S06-NMSF-1M - YOTAVIS AG","description":"C\u00e2ble RF N(M)-SMA(F) DC~6 GHz,1000 mm"}},"product_brand":[506],"product_cat":[526,530],"product_tag":[],"class_list":{"0":"post-3812","1":"product","2":"type-product","3":"status-publish","4":"has-post-thumbnail","6":"product_brand-siglent","7":"product_cat-accessories","8":"product_cat-cable","9":"pa_connector-type-n-sma","11":"first","12":"instock","13":"taxable","14":"shipping-taxable","15":"purchasable","16":"product-type-simple"},"acf":[],"_links":{"self":[{"href":"https:\/\/yotavis.ch\/fr\/wp-json\/wp\/v2\/product\/3812","targetHints":{"allow":["GET"]}}],"collection":[{"href":"https:\/\/yotavis.ch\/fr\/wp-json\/wp\/v2\/product"}],"about":[{"href":"https:\/\/yotavis.ch\/fr\/wp-json\/wp\/v2\/types\/product"}],"replies":[{"embeddable":true,"href":"https:\/\/yotavis.ch\/fr\/wp-json\/wp\/v2\/comments?post=3812"}],"wp:featuredmedia":[{"embeddable":true,"href":"https:\/\/yotavis.ch\/fr\/wp-json\/wp\/v2\/media\/6907"}],"wp:attachment":[{"href":"https:\/\/yotavis.ch\/fr\/wp-json\/wp\/v2\/media?parent=3812"}],"wp:term":[{"taxonomy":"product_brand","embeddable":true,"href":"https:\/\/yotavis.ch\/fr\/wp-json\/wp\/v2\/product_brand?post=3812"},{"taxonomy":"product_cat","embeddable":true,"href":"https:\/\/yotavis.ch\/fr\/wp-json\/wp\/v2\/product_cat?post=3812"},{"taxonomy":"product_tag","embeddable":true,"href":"https:\/\/yotavis.ch\/fr\/wp-json\/wp\/v2\/product_tag?post=3812"}],"curies":[{"name":"wp","href":"https:\/\/api.w.org\/{rel}","templated":true}]}}