{"id":3814,"date":"2025-10-09T00:00:00","date_gmt":"2025-10-08T22:00:00","guid":{"rendered":"https:\/\/yotavis.ch\/product\/s18-nmsf-1m\/"},"modified":"2026-04-24T13:30:25","modified_gmt":"2026-04-24T11:30:25","slug":"s18-nmsf-1m","status":"publish","type":"product","link":"https:\/\/yotavis.ch\/fr\/produit\/s18-nmsf-1m\/","title":{"rendered":"S18-NMSF-1M"},"content":{"rendered":"<p>Le S18-NMSF-1M est un c\u00e2ble RF \u00e9quip\u00e9 de connecteurs N(M) vers SMA(F), con\u00e7u pour \u00eatre utilis\u00e9 dans une gamme de fr\u00e9quences allant du courant continu \u00e0 18 GHz. D'une longueur de 1000 mm, il convient \u00e0 diverses applications n\u00e9cessitant une transmission pr\u00e9cise du signal sur cette distance. Le c\u00e2ble est fabriqu\u00e9 par Siglent, une marque connue pour ses \u00e9quipements \u00e9lectroniques de test et de mesure. Les connecteurs comprennent un m\u00e2le de type N \u00e0 une extr\u00e9mit\u00e9 et une femelle SMA \u00e0 l'autre, ce qui garantit la compatibilit\u00e9 avec les appareils qui utilisent ces interfaces RF standard. Ce c\u00e2ble est destin\u00e9 \u00e0 la transmission de signaux \u00e0 haute fr\u00e9quence, supportant des fr\u00e9quences allant jusqu'\u00e0 18 GHz, ce qui couvre une large gamme d'applications RF. Sa construction et sa conception sont con\u00e7ues pour maintenir l'int\u00e9grit\u00e9 du signal et minimiser les pertes dans la gamme de fr\u00e9quences sp\u00e9cifi\u00e9e. La longueur de 1000 mm offre une grande flexibilit\u00e9 dans les configurations o\u00f9 des longueurs de c\u00e2ble plus importantes sont n\u00e9cessaires.<\/p>","protected":false},"excerpt":{"rendered":"<p>C\u00e2ble RF N(M)-SMA(F) DC~18 GHz,1000 mm<\/p>","protected":false},"featured_media":6907,"comment_status":"closed","ping_status":"closed","template":"","meta":{"_acf_changed":false,"slim_seo":{"title":"S18-NMSF-1M - YOTAVIS AG","description":"C\u00e2ble RF N(M)-SMA(F) DC~18 GHz,1000 mm"}},"product_brand":[506],"product_cat":[526,530],"product_tag":[],"class_list":{"0":"post-3814","1":"product","2":"type-product","3":"status-publish","4":"has-post-thumbnail","6":"product_brand-siglent","7":"product_cat-accessories","8":"product_cat-cable","9":"pa_connector-type-n-sma","11":"first","12":"instock","13":"taxable","14":"shipping-taxable","15":"purchasable","16":"product-type-simple"},"acf":[],"_links":{"self":[{"href":"https:\/\/yotavis.ch\/fr\/wp-json\/wp\/v2\/product\/3814","targetHints":{"allow":["GET"]}}],"collection":[{"href":"https:\/\/yotavis.ch\/fr\/wp-json\/wp\/v2\/product"}],"about":[{"href":"https:\/\/yotavis.ch\/fr\/wp-json\/wp\/v2\/types\/product"}],"replies":[{"embeddable":true,"href":"https:\/\/yotavis.ch\/fr\/wp-json\/wp\/v2\/comments?post=3814"}],"wp:featuredmedia":[{"embeddable":true,"href":"https:\/\/yotavis.ch\/fr\/wp-json\/wp\/v2\/media\/6907"}],"wp:attachment":[{"href":"https:\/\/yotavis.ch\/fr\/wp-json\/wp\/v2\/media?parent=3814"}],"wp:term":[{"taxonomy":"product_brand","embeddable":true,"href":"https:\/\/yotavis.ch\/fr\/wp-json\/wp\/v2\/product_brand?post=3814"},{"taxonomy":"product_cat","embeddable":true,"href":"https:\/\/yotavis.ch\/fr\/wp-json\/wp\/v2\/product_cat?post=3814"},{"taxonomy":"product_tag","embeddable":true,"href":"https:\/\/yotavis.ch\/fr\/wp-json\/wp\/v2\/product_tag?post=3814"}],"curies":[{"name":"wp","href":"https:\/\/api.w.org\/{rel}","templated":true}]}}