{"id":3815,"date":"2025-10-09T00:00:00","date_gmt":"2025-10-08T22:00:00","guid":{"rendered":"https:\/\/yotavis.ch\/product\/sma-sma-26l\/"},"modified":"2026-04-24T13:30:26","modified_gmt":"2026-04-24T11:30:26","slug":"sma-sma-26l","status":"publish","type":"product","link":"https:\/\/yotavis.ch\/fr\/produit\/sma-sma-26l\/","title":{"rendered":"SMA-SMA-26L"},"content":{"rendered":"<p>Le SMA-SMA-26L est un c\u00e2ble \u00e9quip\u00e9 de connecteurs SMA m\u00e2les aux deux extr\u00e9mit\u00e9s, con\u00e7u pour fonctionner \u00e0 des fr\u00e9quences allant jusqu'\u00e0 26 GHz. Fabriqu\u00e9 par Siglent, ce c\u00e2ble convient aux applications haute fr\u00e9quence n\u00e9cessitant une transmission fiable des signaux. L'utilisation de connecteurs SMA garantit une connexion s\u00fbre et stable, ce qui est essentiel pour maintenir l'int\u00e9grit\u00e9 du signal dans les syst\u00e8mes RF. Sa capacit\u00e9 de fr\u00e9quence de 26 GHz le rend compatible avec une large gamme d'appareils et d'\u00e9quipements de test fonctionnant dans ce spectre. La conception du c\u00e2ble permet d'obtenir des performances efficaces dans les environnements o\u00f9 les signaux \u00e0 haute fr\u00e9quence sont fr\u00e9quents. Ce produit est destin\u00e9 \u00e0 \u00eatre utilis\u00e9 dans des configurations qui exigent une connectivit\u00e9 pr\u00e9cise et coh\u00e9rente entre les composants. Le c\u00e2ble SMA-SMA-26L est un composant qui s'int\u00e8gre dans diverses configurations techniques et \u00e9lectroniques n\u00e9cessitant des connexions d'interface SMA.<\/p>","protected":false},"excerpt":{"rendered":"<p>C\u00e2ble SMA(M)-SMA(M), 26 GHz<\/p>","protected":false},"featured_media":6910,"comment_status":"closed","ping_status":"closed","template":"","meta":{"_acf_changed":false,"slim_seo":{"title":"SMA-SMA-26L - YOTAVIS AG","description":"C\u00e2ble SMA(M)-SMA(M), 26 GHz"}},"product_brand":[506],"product_cat":[526,530],"product_tag":[],"class_list":{"0":"post-3815","1":"product","2":"type-product","3":"status-publish","4":"has-post-thumbnail","6":"product_brand-siglent","7":"product_cat-accessories","8":"product_cat-cable","9":"pa_connector-sma","11":"first","12":"instock","13":"taxable","14":"shipping-taxable","15":"purchasable","16":"product-type-simple"},"acf":[],"_links":{"self":[{"href":"https:\/\/yotavis.ch\/fr\/wp-json\/wp\/v2\/product\/3815","targetHints":{"allow":["GET"]}}],"collection":[{"href":"https:\/\/yotavis.ch\/fr\/wp-json\/wp\/v2\/product"}],"about":[{"href":"https:\/\/yotavis.ch\/fr\/wp-json\/wp\/v2\/types\/product"}],"replies":[{"embeddable":true,"href":"https:\/\/yotavis.ch\/fr\/wp-json\/wp\/v2\/comments?post=3815"}],"wp:featuredmedia":[{"embeddable":true,"href":"https:\/\/yotavis.ch\/fr\/wp-json\/wp\/v2\/media\/6910"}],"wp:attachment":[{"href":"https:\/\/yotavis.ch\/fr\/wp-json\/wp\/v2\/media?parent=3815"}],"wp:term":[{"taxonomy":"product_brand","embeddable":true,"href":"https:\/\/yotavis.ch\/fr\/wp-json\/wp\/v2\/product_brand?post=3815"},{"taxonomy":"product_cat","embeddable":true,"href":"https:\/\/yotavis.ch\/fr\/wp-json\/wp\/v2\/product_cat?post=3815"},{"taxonomy":"product_tag","embeddable":true,"href":"https:\/\/yotavis.ch\/fr\/wp-json\/wp\/v2\/product_tag?post=3815"}],"curies":[{"name":"wp","href":"https:\/\/api.w.org\/{rel}","templated":true}]}}