{"id":3816,"date":"2025-10-09T00:00:00","date_gmt":"2025-10-08T22:00:00","guid":{"rendered":"https:\/\/yotavis.ch\/product\/smaf-sma-26l\/"},"modified":"2026-04-24T13:30:26","modified_gmt":"2026-04-24T11:30:26","slug":"smaf-sma-26l","status":"publish","type":"product","link":"https:\/\/yotavis.ch\/fr\/produit\/smaf-sma-26l\/","title":{"rendered":"SMAF-SMA-26L"},"content":{"rendered":"<p>Le SMAF-SMA-26L est un c\u00e2ble \u00e9quip\u00e9 de connecteurs SMA femelles vers SMA m\u00e2les, con\u00e7u pour fonctionner \u00e0 des fr\u00e9quences allant jusqu'\u00e0 26 GHz. Fabriqu\u00e9 par Siglent, ce c\u00e2ble convient aux applications haute fr\u00e9quence n\u00e9cessitant une transmission fiable des signaux. Les connecteurs SMA assurent des connexions s\u00fbres et stables, couramment utilis\u00e9es dans les syst\u00e8mes RF et micro-ondes. Sa construction permet de traiter des signaux dans la gamme de fr\u00e9quences sp\u00e9cifi\u00e9e, ce qui le rend compatible avec divers \u00e9quipements de test et de mesure. La conception du c\u00e2ble est ax\u00e9e sur le maintien de l'int\u00e9grit\u00e9 du signal \u00e0 haute fr\u00e9quence, ce qui est essentiel dans les configurations \u00e9lectroniques avanc\u00e9es. Ce produit fait partie de la gamme de composants Siglent con\u00e7us pour la pr\u00e9cision et la performance dans les environnements de test \u00e9lectronique.<\/p>","protected":false},"excerpt":{"rendered":"<p>C\u00e2ble SMA(F)-SMA(M), 26 GHz<\/p>","protected":false},"featured_media":6911,"comment_status":"closed","ping_status":"closed","template":"","meta":{"_acf_changed":false,"slim_seo":{"title":"SMAF-SMA-26L - YOTAVIS AG","description":"C\u00e2ble SMA(F)-SMA(M), 26 GHz"}},"product_brand":[506],"product_cat":[526,530],"product_tag":[],"class_list":{"0":"post-3816","1":"product","2":"type-product","3":"status-publish","4":"has-post-thumbnail","6":"product_brand-siglent","7":"product_cat-accessories","8":"product_cat-cable","9":"pa_connector-sma","11":"first","12":"instock","13":"taxable","14":"shipping-taxable","15":"purchasable","16":"product-type-simple"},"acf":[],"_links":{"self":[{"href":"https:\/\/yotavis.ch\/fr\/wp-json\/wp\/v2\/product\/3816","targetHints":{"allow":["GET"]}}],"collection":[{"href":"https:\/\/yotavis.ch\/fr\/wp-json\/wp\/v2\/product"}],"about":[{"href":"https:\/\/yotavis.ch\/fr\/wp-json\/wp\/v2\/types\/product"}],"replies":[{"embeddable":true,"href":"https:\/\/yotavis.ch\/fr\/wp-json\/wp\/v2\/comments?post=3816"}],"wp:featuredmedia":[{"embeddable":true,"href":"https:\/\/yotavis.ch\/fr\/wp-json\/wp\/v2\/media\/6911"}],"wp:attachment":[{"href":"https:\/\/yotavis.ch\/fr\/wp-json\/wp\/v2\/media?parent=3816"}],"wp:term":[{"taxonomy":"product_brand","embeddable":true,"href":"https:\/\/yotavis.ch\/fr\/wp-json\/wp\/v2\/product_brand?post=3816"},{"taxonomy":"product_cat","embeddable":true,"href":"https:\/\/yotavis.ch\/fr\/wp-json\/wp\/v2\/product_cat?post=3816"},{"taxonomy":"product_tag","embeddable":true,"href":"https:\/\/yotavis.ch\/fr\/wp-json\/wp\/v2\/product_tag?post=3816"}],"curies":[{"name":"wp","href":"https:\/\/api.w.org\/{rel}","templated":true}]}}