{"id":3817,"date":"2025-10-09T00:00:00","date_gmt":"2025-10-08T22:00:00","guid":{"rendered":"https:\/\/yotavis.ch\/product\/v26-n35mn35f-25in\/"},"modified":"2026-04-24T13:30:26","modified_gmt":"2026-04-24T11:30:26","slug":"v26-n35mn35f-25in","status":"publish","type":"product","link":"https:\/\/yotavis.ch\/fr\/produit\/v26-n35mn35f-25in\/","title":{"rendered":"V26-N35MN35F-25IN"},"content":{"rendered":"<p>Le Siglent V26-N35MN35F-25IN est dot\u00e9 d'un connecteur NMD 3,5 mm m\u00e2le vers 3,5 mm femelle, con\u00e7u pour les applications n\u00e9cessitant une fr\u00e9quence allant jusqu'\u00e0 26,5 GHz. Ce c\u00e2ble a une longueur de 25 pouces, \u00e9quivalente \u00e0 635 millim\u00e8tres, ce qui permet une mesure pr\u00e9cise pour l'int\u00e9gration dans diverses configurations. Le type de connecteur assure la compatibilit\u00e9 avec les appareils qui utilisent des interfaces de 3,5 mm, facilitant ainsi des connexions s\u00fbres et fiables. Le produit est fabriqu\u00e9 par Siglent, une marque connue pour ses \u00e9quipements de test et de mesure \u00e9lectroniques. Sa conception prend en charge la transmission de signaux \u00e0 haute fr\u00e9quence, ce qui permet de l'utiliser dans des environnements o\u00f9 le maintien de l'int\u00e9grit\u00e9 du signal \u00e0 des fr\u00e9quences micro-ondes est essentiel. Les sp\u00e9cifications du c\u00e2ble se concentrent sur les caract\u00e9ristiques de son interface physique et \u00e9lectrique, soulignant son r\u00f4le dans les applications \u00e0 haute fr\u00e9quence. Ce produit est con\u00e7u pour les utilisateurs qui ont besoin d'un type de connecteur et d'une longueur sp\u00e9cifiques pour r\u00e9pondre \u00e0 leurs exigences techniques.<\/p>","protected":false},"excerpt":{"rendered":"<p>NMD 3.5 mm male &#8211; NMD 3.5 mm female; 26.5 GHz; length 25&#8221;\/635mm<\/p>","protected":false},"featured_media":6912,"comment_status":"closed","ping_status":"closed","template":"","meta":{"_acf_changed":false,"slim_seo":{"title":"V26-N35MN35F-25IN - YOTAVIS AG","description":"NMD 3,5 mm m\u00e2le - NMD 3,5 mm femelle ; 26,5 GHz ; longueur 25''\/635mm"}},"product_brand":[506],"product_cat":[526,530],"product_tag":[],"class_list":{"0":"post-3817","1":"product","2":"type-product","3":"status-publish","4":"has-post-thumbnail","6":"product_brand-siglent","7":"product_cat-accessories","8":"product_cat-cable","9":"pa_connector-35mm","11":"first","12":"instock","13":"taxable","14":"shipping-taxable","15":"purchasable","16":"product-type-simple"},"acf":[],"_links":{"self":[{"href":"https:\/\/yotavis.ch\/fr\/wp-json\/wp\/v2\/product\/3817","targetHints":{"allow":["GET"]}}],"collection":[{"href":"https:\/\/yotavis.ch\/fr\/wp-json\/wp\/v2\/product"}],"about":[{"href":"https:\/\/yotavis.ch\/fr\/wp-json\/wp\/v2\/types\/product"}],"replies":[{"embeddable":true,"href":"https:\/\/yotavis.ch\/fr\/wp-json\/wp\/v2\/comments?post=3817"}],"wp:featuredmedia":[{"embeddable":true,"href":"https:\/\/yotavis.ch\/fr\/wp-json\/wp\/v2\/media\/6912"}],"wp:attachment":[{"href":"https:\/\/yotavis.ch\/fr\/wp-json\/wp\/v2\/media?parent=3817"}],"wp:term":[{"taxonomy":"product_brand","embeddable":true,"href":"https:\/\/yotavis.ch\/fr\/wp-json\/wp\/v2\/product_brand?post=3817"},{"taxonomy":"product_cat","embeddable":true,"href":"https:\/\/yotavis.ch\/fr\/wp-json\/wp\/v2\/product_cat?post=3817"},{"taxonomy":"product_tag","embeddable":true,"href":"https:\/\/yotavis.ch\/fr\/wp-json\/wp\/v2\/product_tag?post=3817"}],"curies":[{"name":"wp","href":"https:\/\/api.w.org\/{rel}","templated":true}]}}