{"id":3818,"date":"2025-10-09T00:00:00","date_gmt":"2025-10-08T22:00:00","guid":{"rendered":"https:\/\/yotavis.ch\/product\/v26-n35fa35f-25in\/"},"modified":"2026-04-24T13:30:27","modified_gmt":"2026-04-24T11:30:27","slug":"v26-n35fa35f-25in","status":"publish","type":"product","link":"https:\/\/yotavis.ch\/fr\/produit\/v26-n35fa35f-25in\/","title":{"rendered":"V26-N35FA35F-25IN"},"content":{"rendered":"<p>Le V26-N35FA35F-25IN de Siglent comporte des connecteurs NMD 3,5 mm femelle vers APC 3,5 mm femelle, con\u00e7us pour les applications n\u00e9cessitant une fr\u00e9quence de 26,5 GHz. Ce produit a une longueur de 25 pouces, \u00e9quivalente \u00e0 635 millim\u00e8tres, ce qui le rend adapt\u00e9 aux configurations n\u00e9cessitant des dimensions de c\u00e2ble pr\u00e9cises. Le type de connecteur est de 3,5 mm, couramment utilis\u00e9 dans la transmission de signaux \u00e0 haute fr\u00e9quence. La conception prend en charge les performances haute fr\u00e9quence jusqu'\u00e0 26,5 GHz, ce qui garantit la compatibilit\u00e9 avec les syst\u00e8mes \u00e9lectroniques et de communication avanc\u00e9s. La longueur du c\u00e2ble et les sp\u00e9cifications du connecteur indiquent son utilisation dans des environnements o\u00f9 l'int\u00e9grit\u00e9 du signal et une perte minimale sont essentielles. Ce produit fait partie de la gamme Siglent, connue pour ses composants techniques adapt\u00e9s \u00e0 des exigences sp\u00e9cifiques en mati\u00e8re de fr\u00e9quences et de connecteurs.<\/p>","protected":false},"excerpt":{"rendered":"<p>NMD 3.5 mm female &#8211; APC 3.5 mm female; 26.5 GHz; length 25&#8221;\/635mm<\/p>","protected":false},"featured_media":6913,"comment_status":"closed","ping_status":"closed","template":"","meta":{"_acf_changed":false,"slim_seo":{"title":"V26-N35FA35F-25IN - YOTAVIS AG","description":"NMD 3,5 mm femelle - APC 3,5 mm femelle ; 26,5 GHz ; longueur 25''\/635mm"}},"product_brand":[506],"product_cat":[526,530],"product_tag":[],"class_list":{"0":"post-3818","1":"product","2":"type-product","3":"status-publish","4":"has-post-thumbnail","6":"product_brand-siglent","7":"product_cat-accessories","8":"product_cat-cable","9":"pa_connector-35mm","11":"first","12":"instock","13":"taxable","14":"shipping-taxable","15":"purchasable","16":"product-type-simple"},"acf":[],"_links":{"self":[{"href":"https:\/\/yotavis.ch\/fr\/wp-json\/wp\/v2\/product\/3818","targetHints":{"allow":["GET"]}}],"collection":[{"href":"https:\/\/yotavis.ch\/fr\/wp-json\/wp\/v2\/product"}],"about":[{"href":"https:\/\/yotavis.ch\/fr\/wp-json\/wp\/v2\/types\/product"}],"replies":[{"embeddable":true,"href":"https:\/\/yotavis.ch\/fr\/wp-json\/wp\/v2\/comments?post=3818"}],"wp:featuredmedia":[{"embeddable":true,"href":"https:\/\/yotavis.ch\/fr\/wp-json\/wp\/v2\/media\/6913"}],"wp:attachment":[{"href":"https:\/\/yotavis.ch\/fr\/wp-json\/wp\/v2\/media?parent=3818"}],"wp:term":[{"taxonomy":"product_brand","embeddable":true,"href":"https:\/\/yotavis.ch\/fr\/wp-json\/wp\/v2\/product_brand?post=3818"},{"taxonomy":"product_cat","embeddable":true,"href":"https:\/\/yotavis.ch\/fr\/wp-json\/wp\/v2\/product_cat?post=3818"},{"taxonomy":"product_tag","embeddable":true,"href":"https:\/\/yotavis.ch\/fr\/wp-json\/wp\/v2\/product_tag?post=3818"}],"curies":[{"name":"wp","href":"https:\/\/api.w.org\/{rel}","templated":true}]}}