{"id":3819,"date":"2025-10-09T00:00:00","date_gmt":"2025-10-08T22:00:00","guid":{"rendered":"https:\/\/yotavis.ch\/product\/2-92f-2-92f-40a\/"},"modified":"2026-04-24T13:30:27","modified_gmt":"2026-04-24T11:30:27","slug":"2-92f-2-92f-40a","status":"publish","type":"product","link":"https:\/\/yotavis.ch\/fr\/produit\/2-92f-2-92f-40a\/","title":{"rendered":"2.92F-2.92F-40A"},"content":{"rendered":"<p>Le Siglent 2.92F-2.92F-40A est un adaptateur 2,92 mm femelle vers 2,92 mm femelle con\u00e7u pour fonctionner \u00e0 des fr\u00e9quences allant jusqu'\u00e0 40 GHz. Il comporte des connecteurs de 2,92 mm aux deux extr\u00e9mit\u00e9s, ce qui garantit la compatibilit\u00e9 avec les appareils et les c\u00e2bles qui utilisent ce type de connecteur sp\u00e9cifique. Cet adaptateur convient aux applications haute fr\u00e9quence n\u00e9cessitant des connexions fiables aux fr\u00e9quences micro-ondes. La conception prend en charge l'int\u00e9grit\u00e9 du signal \u00e0 des fr\u00e9quences atteignant 40 GHz, ce qui le rend appropri\u00e9 pour une utilisation dans des installations de test et de mesure avanc\u00e9es. Sa construction est destin\u00e9e \u00e0 maintenir les performances sur la plage de fr\u00e9quences sp\u00e9cifi\u00e9e, en fournissant une interface stable entre les composants. Les sp\u00e9cifications de l'adaptateur mettent l'accent sur son type de connecteur et sa capacit\u00e9 de fr\u00e9quence maximale, soulignant son r\u00f4le dans les syst\u00e8mes de transmission de signaux \u00e0 haute fr\u00e9quence.<\/p>","protected":false},"excerpt":{"rendered":"<p>2.92 mm Female &#8211; 2.92 mm Female adaptor, 40 GHz<\/p>","protected":false},"featured_media":6914,"comment_status":"closed","ping_status":"closed","template":"","meta":{"_acf_changed":false,"slim_seo":{"title":"2.92F-2.92F-40A - YOTAVIS AG","description":"Adaptateur 2,92 mm femelle - 2,92 mm femelle, 40 GHz"}},"product_brand":[506],"product_cat":[526,529],"product_tag":[],"class_list":{"0":"post-3819","1":"product","2":"type-product","3":"status-publish","4":"has-post-thumbnail","6":"product_brand-siglent","7":"product_cat-accessories","8":"product_cat-adaptors","9":"pa_connector-292mm","11":"first","12":"instock","13":"taxable","14":"shipping-taxable","15":"purchasable","16":"product-type-simple"},"acf":[],"_links":{"self":[{"href":"https:\/\/yotavis.ch\/fr\/wp-json\/wp\/v2\/product\/3819","targetHints":{"allow":["GET"]}}],"collection":[{"href":"https:\/\/yotavis.ch\/fr\/wp-json\/wp\/v2\/product"}],"about":[{"href":"https:\/\/yotavis.ch\/fr\/wp-json\/wp\/v2\/types\/product"}],"replies":[{"embeddable":true,"href":"https:\/\/yotavis.ch\/fr\/wp-json\/wp\/v2\/comments?post=3819"}],"wp:featuredmedia":[{"embeddable":true,"href":"https:\/\/yotavis.ch\/fr\/wp-json\/wp\/v2\/media\/6914"}],"wp:attachment":[{"href":"https:\/\/yotavis.ch\/fr\/wp-json\/wp\/v2\/media?parent=3819"}],"wp:term":[{"taxonomy":"product_brand","embeddable":true,"href":"https:\/\/yotavis.ch\/fr\/wp-json\/wp\/v2\/product_brand?post=3819"},{"taxonomy":"product_cat","embeddable":true,"href":"https:\/\/yotavis.ch\/fr\/wp-json\/wp\/v2\/product_cat?post=3819"},{"taxonomy":"product_tag","embeddable":true,"href":"https:\/\/yotavis.ch\/fr\/wp-json\/wp\/v2\/product_tag?post=3819"}],"curies":[{"name":"wp","href":"https:\/\/api.w.org\/{rel}","templated":true}]}}