{"id":3821,"date":"2025-10-09T00:00:00","date_gmt":"2025-10-08T22:00:00","guid":{"rendered":"https:\/\/yotavis.ch\/product\/sdg7032a\/"},"modified":"2026-04-24T13:30:30","modified_gmt":"2026-04-24T11:30:30","slug":"sdg7032a","status":"publish","type":"product","link":"https:\/\/yotavis.ch\/fr\/produit\/sdg7032a\/","title":{"rendered":"SDG7032A"},"content":{"rendered":"<p>Le SDG7032A de Siglent dispose d'une fr\u00e9quence maximale de 350 MHz et offre deux canaux de sortie diff\u00e9rentiels ou asym\u00e9triques. Il supporte un taux d'\u00e9chantillonnage \u00e9lev\u00e9 de 5 GSa\/s et offre une r\u00e9solution verticale de 14 bits, garantissant une g\u00e9n\u00e9ration de forme d'onde d\u00e9taill\u00e9e. La longueur de la forme d'onde arbitraire va de 64 points \u00e0 512 millions de points, ce qui permet une personnalisation pouss\u00e9e du signal. Ce mod\u00e8le comprend un \u00e9cran tactile de 5 pouces pour l'interaction et le contr\u00f4le de l'utilisateur. Il prend en charge les modes balayage et rafale, ce qui accro\u00eet sa polyvalence en mati\u00e8re de g\u00e9n\u00e9ration de signaux. L'appareil a un temps de transition minimum de 0,5 nanoseconde et une largeur d'impulsion minimum de 1 nanoseconde. Avec une capacit\u00e9 d'amplitude allant jusqu'\u00e0 6 volts, le SDG7032A est con\u00e7u pour r\u00e9pondre \u00e0 divers besoins de test et de mesure.<\/p>","protected":false},"excerpt":{"rendered":"<p>350 MHz ; 2 canaux de sortie diff\u00e9rentiels\/simples ; taux d'\u00e9chantillonnage de 5 GSa\/s ; r\u00e9solution verticale de 14 bits ; longueur de la forme d'onde Arb : 64 pts ~ 512 Mpts ; \u00e9cran tactile de 5 pouces<\/p>","protected":false},"featured_media":6925,"comment_status":"closed","ping_status":"closed","template":"","meta":{"_acf_changed":false,"slim_seo":{"title":"SDG7032A - YOTAVIS AG","description":"350MHz; 2 differential\/single ended output channels; 5 GSa\/s sampling rate; 14-bit vertical resolution; Arb-Waveform length: 64 pts ~ 512 Mpts; 5 inch touch scr"}},"product_brand":[506],"product_cat":[541,513],"product_tag":[],"class_list":{"0":"post-3821","1":"product","2":"type-product","3":"status-publish","4":"has-post-thumbnail","6":"product_brand-siglent","7":"product_cat-awg","8":"product_cat-generator","9":"pa_amplitude-v-262","10":"pa_burst-yes","11":"pa_channels-350","12":"pa_frequency-mhz-136","13":"pa_memory-mpts-264","14":"pa_pulse-width-min-ns-266","15":"pa_sampling-rate-ms-s-263","16":"pa_sweep-yes","17":"pa_transition-time-min-ns-0-5","18":"pa_vertical-resolution-bits-113","20":"first","21":"instock","22":"taxable","23":"shipping-taxable","24":"purchasable","25":"product-type-simple"},"acf":[],"_links":{"self":[{"href":"https:\/\/yotavis.ch\/fr\/wp-json\/wp\/v2\/product\/3821","targetHints":{"allow":["GET"]}}],"collection":[{"href":"https:\/\/yotavis.ch\/fr\/wp-json\/wp\/v2\/product"}],"about":[{"href":"https:\/\/yotavis.ch\/fr\/wp-json\/wp\/v2\/types\/product"}],"replies":[{"embeddable":true,"href":"https:\/\/yotavis.ch\/fr\/wp-json\/wp\/v2\/comments?post=3821"}],"wp:featuredmedia":[{"embeddable":true,"href":"https:\/\/yotavis.ch\/fr\/wp-json\/wp\/v2\/media\/6925"}],"wp:attachment":[{"href":"https:\/\/yotavis.ch\/fr\/wp-json\/wp\/v2\/media?parent=3821"}],"wp:term":[{"taxonomy":"product_brand","embeddable":true,"href":"https:\/\/yotavis.ch\/fr\/wp-json\/wp\/v2\/product_brand?post=3821"},{"taxonomy":"product_cat","embeddable":true,"href":"https:\/\/yotavis.ch\/fr\/wp-json\/wp\/v2\/product_cat?post=3821"},{"taxonomy":"product_tag","embeddable":true,"href":"https:\/\/yotavis.ch\/fr\/wp-json\/wp\/v2\/product_tag?post=3821"}],"curies":[{"name":"wp","href":"https:\/\/api.w.org\/{rel}","templated":true}]}}