{"id":3822,"date":"2025-10-09T00:00:00","date_gmt":"2025-10-08T22:00:00","guid":{"rendered":"https:\/\/yotavis.ch\/product\/sdg7052a\/"},"modified":"2026-04-24T13:30:30","modified_gmt":"2026-04-24T11:30:30","slug":"sdg7052a","status":"publish","type":"product","link":"https:\/\/yotavis.ch\/fr\/produit\/sdg7052a\/","title":{"rendered":"SDG7052A"},"content":{"rendered":"<p>Le SDG7052A de Siglent se caract\u00e9rise par une fr\u00e9quence maximale de 500 MHz et offre deux canaux de sortie diff\u00e9rentiels ou asym\u00e9triques. Il supporte un taux d'\u00e9chantillonnage \u00e9lev\u00e9 de 5 GSa\/s et offre une r\u00e9solution verticale de 14 bits pour une g\u00e9n\u00e9ration de signaux pr\u00e9cise. La longueur de la forme d'onde arbitraire va de 64 points \u00e0 512 millions de points, ce qui permet une personnalisation pouss\u00e9e de la forme d'onde. Ce mod\u00e8le comprend un \u00e9cran tactile de 5 pouces pour une utilisation conviviale. L'appareil prend en charge les fonctions de balayage et de rafale, ce qui accro\u00eet sa polyvalence dans diverses applications. Il a un taux d'\u00e9chantillonnage de 2500 MS\/s et une profondeur de m\u00e9moire de 512 Mpts, ce qui permet un stockage et une lecture d\u00e9taill\u00e9s des formes d'onde. Le temps de transition minimal est de 0,5 ns et la largeur d'impulsion minimale est de 1 ns, ce qui permet des transitions de signaux \u00e0 grande vitesse. L'amplitude maximale de la sortie est de 6 V.<\/p>","protected":false},"excerpt":{"rendered":"<p>500MHz ; 2 canaux de sortie diff\u00e9rentiels\/simples ; taux d'\u00e9chantillonnage de 5 GSa\/s ; r\u00e9solution verticale de 14 bits ; longueur de la forme d'onde Arb : 64 pts ~ 512 Mpts ; \u00e9cran tactile de 5 pouces<\/p>","protected":false},"featured_media":6924,"comment_status":"closed","ping_status":"closed","template":"","meta":{"_acf_changed":false,"slim_seo":{"title":"SDG7052A - YOTAVIS AG","description":"500MHz; 2 differential\/single ended output channels; 5 GSa\/s sampling rate; 14-bit vertical resolution; Arb-Waveform length: 64 pts ~ 512 Mpts; 5 inch touch scr"}},"product_brand":[506],"product_cat":[541,513],"product_tag":[],"class_list":{"0":"post-3822","1":"product","2":"type-product","3":"status-publish","4":"has-post-thumbnail","6":"product_brand-siglent","7":"product_cat-awg","8":"product_cat-generator","9":"pa_amplitude-v-262","10":"pa_burst-yes","11":"pa_channels-350","12":"pa_frequency-mhz-139","13":"pa_memory-mpts-264","14":"pa_pulse-width-min-ns-266","15":"pa_sampling-rate-ms-s-263","16":"pa_sweep-yes","17":"pa_transition-time-min-ns-0-5","18":"pa_vertical-resolution-bits-113","20":"first","21":"instock","22":"taxable","23":"shipping-taxable","24":"purchasable","25":"product-type-simple"},"acf":[],"_links":{"self":[{"href":"https:\/\/yotavis.ch\/fr\/wp-json\/wp\/v2\/product\/3822","targetHints":{"allow":["GET"]}}],"collection":[{"href":"https:\/\/yotavis.ch\/fr\/wp-json\/wp\/v2\/product"}],"about":[{"href":"https:\/\/yotavis.ch\/fr\/wp-json\/wp\/v2\/types\/product"}],"replies":[{"embeddable":true,"href":"https:\/\/yotavis.ch\/fr\/wp-json\/wp\/v2\/comments?post=3822"}],"wp:featuredmedia":[{"embeddable":true,"href":"https:\/\/yotavis.ch\/fr\/wp-json\/wp\/v2\/media\/6924"}],"wp:attachment":[{"href":"https:\/\/yotavis.ch\/fr\/wp-json\/wp\/v2\/media?parent=3822"}],"wp:term":[{"taxonomy":"product_brand","embeddable":true,"href":"https:\/\/yotavis.ch\/fr\/wp-json\/wp\/v2\/product_brand?post=3822"},{"taxonomy":"product_cat","embeddable":true,"href":"https:\/\/yotavis.ch\/fr\/wp-json\/wp\/v2\/product_cat?post=3822"},{"taxonomy":"product_tag","embeddable":true,"href":"https:\/\/yotavis.ch\/fr\/wp-json\/wp\/v2\/product_tag?post=3822"}],"curies":[{"name":"wp","href":"https:\/\/api.w.org\/{rel}","templated":true}]}}