{"id":3825,"date":"2025-10-09T00:00:00","date_gmt":"2025-10-08T22:00:00","guid":{"rendered":"https:\/\/yotavis.ch\/product\/dig-lvds-2\/"},"modified":"2026-04-24T13:30:31","modified_gmt":"2026-04-24T11:30:31","slug":"dig-lvds-2","status":"publish","type":"product","link":"https:\/\/yotavis.ch\/fr\/produit\/dig-lvds-2\/","title":{"rendered":"DIG-LVDS-2"},"content":{"rendered":"<p>Le DIG-LVDS-2 est un kit de bus num\u00e9rique dot\u00e9 de la technologie LVDS et comprenant 32 c\u00e2bles RF. Il est fabriqu\u00e9 par Siglent, une marque connue pour ses \u00e9quipements de test \u00e9lectronique. Ce kit est con\u00e7u pour faciliter la transmission et le test des signaux num\u00e9riques gr\u00e2ce \u00e0 un ensemble complet de c\u00e2bles permettant de prendre en charge diff\u00e9rentes configurations. L'inclusion de 32 c\u00e2bles RF permet des options de connectivit\u00e9 \u00e9tendues, ce qui le rend adapt\u00e9 aux configurations de bus num\u00e9riques complexes. Le produit ne sp\u00e9cifie pas de puissance, de tension, de courant ou d'autres caract\u00e9ristiques \u00e9lectriques, se concentrant plut\u00f4t sur son r\u00f4le de kit de c\u00e2bles. Il est destin\u00e9 \u00e0 \u00eatre utilis\u00e9 en conjonction avec des dispositifs compatibles qui n\u00e9cessitent des connexions de bus num\u00e9rique LVDS. La conception et les composants sont adapt\u00e9s pour garantir l'int\u00e9grit\u00e9 fiable des signaux sur plusieurs canaux. Ce kit est une solution pratique pour les utilisateurs qui ont besoin d'un ensemble complet de c\u00e2bles LVDS pour les applications de bus num\u00e9rique.<\/p>","protected":false},"excerpt":{"rendered":"<p>Kit de bus num\u00e9rique-LVDS (avec 32 c\u00e2bles RF)<\/p>","protected":false},"featured_media":6928,"comment_status":"closed","ping_status":"closed","template":"","meta":{"_acf_changed":false,"slim_seo":{"title":"DIG-LVDS-2 - YOTAVIS AG","description":"Kit de bus num\u00e9rique-LVDS (avec 32 c\u00e2bles RF)"}},"product_brand":[506],"product_cat":[526,530],"product_tag":[],"class_list":{"0":"post-3825","1":"product","2":"type-product","3":"status-publish","4":"has-post-thumbnail","6":"product_brand-siglent","7":"product_cat-accessories","8":"product_cat-cable","10":"first","11":"instock","12":"taxable","13":"shipping-taxable","14":"purchasable","15":"product-type-simple"},"acf":[],"_links":{"self":[{"href":"https:\/\/yotavis.ch\/fr\/wp-json\/wp\/v2\/product\/3825","targetHints":{"allow":["GET"]}}],"collection":[{"href":"https:\/\/yotavis.ch\/fr\/wp-json\/wp\/v2\/product"}],"about":[{"href":"https:\/\/yotavis.ch\/fr\/wp-json\/wp\/v2\/types\/product"}],"replies":[{"embeddable":true,"href":"https:\/\/yotavis.ch\/fr\/wp-json\/wp\/v2\/comments?post=3825"}],"wp:featuredmedia":[{"embeddable":true,"href":"https:\/\/yotavis.ch\/fr\/wp-json\/wp\/v2\/media\/6928"}],"wp:attachment":[{"href":"https:\/\/yotavis.ch\/fr\/wp-json\/wp\/v2\/media?parent=3825"}],"wp:term":[{"taxonomy":"product_brand","embeddable":true,"href":"https:\/\/yotavis.ch\/fr\/wp-json\/wp\/v2\/product_brand?post=3825"},{"taxonomy":"product_cat","embeddable":true,"href":"https:\/\/yotavis.ch\/fr\/wp-json\/wp\/v2\/product_cat?post=3825"},{"taxonomy":"product_tag","embeddable":true,"href":"https:\/\/yotavis.ch\/fr\/wp-json\/wp\/v2\/product_tag?post=3825"}],"curies":[{"name":"wp","href":"https:\/\/api.w.org\/{rel}","templated":true}]}}