{"id":3826,"date":"2025-10-09T00:00:00","date_gmt":"2025-10-08T22:00:00","guid":{"rendered":"https:\/\/yotavis.ch\/product\/dig-lvttl\/"},"modified":"2026-04-24T13:30:32","modified_gmt":"2026-04-24T11:30:32","slug":"dig-lvttl","status":"publish","type":"product","link":"https:\/\/yotavis.ch\/fr\/produit\/dig-lvttl\/","title":{"rendered":"DIG-LVTTL"},"content":{"rendered":"<p>Le DIG-LVTTL est un kit de bus num\u00e9rique produit par Siglent. Il est con\u00e7u pour fonctionner avec des niveaux logiques LVTTL, fournissant une solution fiable pour le test et l'analyse de signaux num\u00e9riques. Ce produit ne pr\u00e9cise pas la consommation d'\u00e9nergie, la tension ou les valeurs nominales de courant. Il manque \u00e9galement des informations d\u00e9taill\u00e9es sur les num\u00e9ros de sortie, les capacit\u00e9s de contr\u00f4le \u00e0 distance, la fr\u00e9quence maximale, les canaux, la bande passante, le taux d'\u00e9chantillonnage, la profondeur de m\u00e9moire, la r\u00e9solution verticale, les canaux num\u00e9riques, les caract\u00e9ristiques de l'\u00e9cran tactile, l'amplitude, le balayage, la rafale, le temps de transition, la largeur d'impulsion, le bruit de phase, la bande passante IQ, chiffres, tensions et courants continus et alternatifs maximaux, r\u00e9sistance, valeur efficace vraie, vitesse de balayage, pr\u00e9cision de base, gamme de fr\u00e9quences, gamme dynamique, ports, conception de l'ordinateur de poche, largeur de bande d'analyse, DANL, RTSA, protocole, interface, capteurs RF, connecteurs, gamme de longueurs d'onde, vitesse, niveau maximal, IOLM, ou modularit\u00e9. L'accent reste mis sur sa fonction de kit de bus num\u00e9rique compatible avec les normes LVTTL, adapt\u00e9 \u00e0 l'int\u00e9gration dans divers environnements de test o\u00f9 l'int\u00e9grit\u00e9 du signal num\u00e9rique et la synchronisation sont critiques.<\/p>","protected":false},"excerpt":{"rendered":"<p>Kit de bus num\u00e9rique-LVTTL<\/p>","protected":false},"featured_media":6929,"comment_status":"closed","ping_status":"closed","template":"","meta":{"_acf_changed":false,"slim_seo":{"title":"DIG-LVTTL - YOTAVIS AG","description":"Kit de bus num\u00e9rique-LVTTL"}},"product_brand":[506],"product_cat":[526,530],"product_tag":[],"class_list":{"0":"post-3826","1":"product","2":"type-product","3":"status-publish","4":"has-post-thumbnail","6":"product_brand-siglent","7":"product_cat-accessories","8":"product_cat-cable","10":"first","11":"instock","12":"taxable","13":"shipping-taxable","14":"purchasable","15":"product-type-simple"},"acf":[],"_links":{"self":[{"href":"https:\/\/yotavis.ch\/fr\/wp-json\/wp\/v2\/product\/3826","targetHints":{"allow":["GET"]}}],"collection":[{"href":"https:\/\/yotavis.ch\/fr\/wp-json\/wp\/v2\/product"}],"about":[{"href":"https:\/\/yotavis.ch\/fr\/wp-json\/wp\/v2\/types\/product"}],"replies":[{"embeddable":true,"href":"https:\/\/yotavis.ch\/fr\/wp-json\/wp\/v2\/comments?post=3826"}],"wp:featuredmedia":[{"embeddable":true,"href":"https:\/\/yotavis.ch\/fr\/wp-json\/wp\/v2\/media\/6929"}],"wp:attachment":[{"href":"https:\/\/yotavis.ch\/fr\/wp-json\/wp\/v2\/media?parent=3826"}],"wp:term":[{"taxonomy":"product_brand","embeddable":true,"href":"https:\/\/yotavis.ch\/fr\/wp-json\/wp\/v2\/product_brand?post=3826"},{"taxonomy":"product_cat","embeddable":true,"href":"https:\/\/yotavis.ch\/fr\/wp-json\/wp\/v2\/product_cat?post=3826"},{"taxonomy":"product_tag","embeddable":true,"href":"https:\/\/yotavis.ch\/fr\/wp-json\/wp\/v2\/product_tag?post=3826"}],"curies":[{"name":"wp","href":"https:\/\/api.w.org\/{rel}","templated":true}]}}