{"id":3828,"date":"2025-10-09T00:00:00","date_gmt":"2025-10-08T22:00:00","guid":{"rendered":"https:\/\/yotavis.ch\/product\/ssa5085a\/"},"modified":"2026-04-24T13:30:33","modified_gmt":"2026-04-24T11:30:33","slug":"ssa5085a","status":"publish","type":"product","link":"https:\/\/yotavis.ch\/fr\/produit\/ssa5085a\/","title":{"rendered":"SSA5085A"},"content":{"rendered":"<p>Le SSA5085A de Siglent fonctionne sur une gamme de fr\u00e9quences allant de 9 kHz \u00e0 26,5 GHz, offrant une couverture \u00e9tendue pour divers besoins d'analyse de signaux. Il dispose d'une largeur de bande de r\u00e9solution (RBW) r\u00e9glable de 1 Hz \u00e0 10 MHz, permettant une r\u00e9solution de fr\u00e9quence pr\u00e9cise. L'appareil offre un niveau de bruit moyen affich\u00e9 (DANL) de -165 dBm\/Hz, assurant la d\u00e9tection de signaux de tr\u00e8s faible niveau. Son bruit de phase \u00e0 bande lat\u00e9rale unique (SSB) est inf\u00e9rieur \u00e0 -105 dBc\/Hz, ce qui contribue \u00e0 une caract\u00e9risation pr\u00e9cise du signal. Un analyseur de spectre en temps r\u00e9el (RTSA) est disponible en option, avec une largeur de bande allant jusqu'\u00e0 40 MHz, ce qui permet d'am\u00e9liorer la capacit\u00e9 d'analyse dynamique des signaux. La bande passante d'analyse est sp\u00e9cifi\u00e9e \u00e0 10 MHz, ce qui permet un examen d\u00e9taill\u00e9 des composants du signal. Le SSA5085A n'est pas portable, ce qui indique qu'il est con\u00e7u pour \u00eatre utilis\u00e9 sur un banc ou une installation fixe. La fr\u00e9quence maximale est confirm\u00e9e \u00e0 26 500 MHz et la fr\u00e9quence minimale \u00e0 9 000 Hz, ce qui correspond \u00e0 la gamme de fr\u00e9quences indiqu\u00e9e.<\/p>","protected":false},"excerpt":{"rendered":"<p>9 kHz ~ 26,5 GHz ; RBW 1 Hz ~ 10 MHz ; DANL -165 dBm\/Hz ; SSB &lt;-105 dBc\/Hz ; RTSA BW jusqu&#039;\u00e0 40 MHz (option)\n<\/p>","protected":false},"featured_media":6936,"comment_status":"closed","ping_status":"closed","template":"","meta":{"_acf_changed":false,"slim_seo":{"title":"SSA5085A - YOTAVIS AG","description":"9 kHz ~ 26,5 GHz ; RBW 1 Hz ~ 10 MHz ; DANL -165 dBm\/Hz ; SSB &lt;-105 dBc\/Hz ; RTSA BW jusqu&#039;\u00e0 40 MHz (option)"}},"product_brand":[506],"product_cat":[523,524],"product_tag":[],"class_list":{"0":"post-3828","1":"product","2":"type-product","3":"status-publish","4":"has-post-thumbnail","6":"product_brand-siglent","7":"product_cat-analyser","8":"product_cat-signal-spectrum-analyser","9":"pa_analysis-bandwidth-mhz-269","10":"pa_danl-dbm-hz-184","11":"pa_frequency-max-mhz-465","12":"pa_frequency-min-hz-177","13":"pa_handheld-no","14":"pa_rtsa-opt","16":"first","17":"instock","18":"taxable","19":"shipping-taxable","20":"purchasable","21":"product-type-simple"},"acf":[],"_links":{"self":[{"href":"https:\/\/yotavis.ch\/fr\/wp-json\/wp\/v2\/product\/3828","targetHints":{"allow":["GET"]}}],"collection":[{"href":"https:\/\/yotavis.ch\/fr\/wp-json\/wp\/v2\/product"}],"about":[{"href":"https:\/\/yotavis.ch\/fr\/wp-json\/wp\/v2\/types\/product"}],"replies":[{"embeddable":true,"href":"https:\/\/yotavis.ch\/fr\/wp-json\/wp\/v2\/comments?post=3828"}],"wp:featuredmedia":[{"embeddable":true,"href":"https:\/\/yotavis.ch\/fr\/wp-json\/wp\/v2\/media\/6936"}],"wp:attachment":[{"href":"https:\/\/yotavis.ch\/fr\/wp-json\/wp\/v2\/media?parent=3828"}],"wp:term":[{"taxonomy":"product_brand","embeddable":true,"href":"https:\/\/yotavis.ch\/fr\/wp-json\/wp\/v2\/product_brand?post=3828"},{"taxonomy":"product_cat","embeddable":true,"href":"https:\/\/yotavis.ch\/fr\/wp-json\/wp\/v2\/product_cat?post=3828"},{"taxonomy":"product_tag","embeddable":true,"href":"https:\/\/yotavis.ch\/fr\/wp-json\/wp\/v2\/product_tag?post=3828"}],"curies":[{"name":"wp","href":"https:\/\/api.w.org\/{rel}","templated":true}]}}