{"id":3831,"date":"2025-10-09T00:00:00","date_gmt":"2025-10-08T22:00:00","guid":{"rendered":"https:\/\/yotavis.ch\/product\/ssg6083a\/"},"modified":"2026-04-24T13:30:40","modified_gmt":"2026-04-24T11:30:40","slug":"ssg6083a","status":"publish","type":"product","link":"https:\/\/yotavis.ch\/fr\/produit\/ssg6083a\/","title":{"rendered":"SSG6083A"},"content":{"rendered":"<p>Le SSG6083A fonctionne sur une plage de fr\u00e9quences allant de 100 kHz \u00e0 13,6 GHz, offrant une plage de r\u00e9glage de niveau allant de -130 dBm \u00e0 +24 dBm. Il pr\u00e9sente un bruit de phase de -135 dBc\/Hz \u00e0 1 GHz avec un d\u00e9calage de 20 kHz, ce qui garantit une g\u00e9n\u00e9ration de signaux pr\u00e9cise. L'appareil est \u00e9quip\u00e9 d'un \u00e9cran tactile TFT de 5 pouces pour l'interaction avec l'utilisateur et comprend une source d'horloge standard de haute pr\u00e9cision pour maintenir la stabilit\u00e9 de la synchronisation. La capacit\u00e9 de fr\u00e9quence maximale est de 13 600 MHz, et l'amplitude maximale de sortie atteint 24 dBm. Ce mod\u00e8le est fabriqu\u00e9 par Siglent, connu pour ses \u00e9quipements de test \u00e9lectronique. La combinaison de ces sp\u00e9cifications rend le SSG6083A adapt\u00e9 aux applications n\u00e9cessitant une large couverture de fr\u00e9quence et un faible bruit de phase.<\/p>","protected":false},"excerpt":{"rendered":"<p>100 k ~ 13,6 GHz ; plage de r\u00e9glage du niveau : -130 dBm ~ +24 dBm ; bruit de phase -135 dBc\/Hz @1 GHz, d\u00e9calage de 20 kHz ; \u00e9cran tactile TFT de 5 pouces, source d'horloge standard de haute pr\u00e9cision<\/p>","protected":false},"featured_media":6949,"comment_status":"closed","ping_status":"closed","template":"","meta":{"_acf_changed":false,"slim_seo":{"title":"SSG6083A - YOTAVIS AG","description":"100 k ~ 13.6 GHz; level setting range: -130 dBm ~ +24 dBm; Phase noise -135 dBc\/Hz @1 GHz, 20 kHz offset; 5 inch TFT touch-screen, standard high accuracy clock"}},"product_brand":[506],"product_cat":[513,521],"product_tag":[],"class_list":{"0":"post-3831","1":"product","2":"type-product","3":"status-publish","4":"has-post-thumbnail","6":"product_brand-siglent","7":"product_cat-generator","8":"product_cat-rf-generator","9":"pa_amplitude-dbm-273","10":"pa_channels-384","11":"pa_frequency-mhz-270","13":"first","14":"instock","15":"taxable","16":"shipping-taxable","17":"purchasable","18":"product-type-simple"},"acf":[],"_links":{"self":[{"href":"https:\/\/yotavis.ch\/fr\/wp-json\/wp\/v2\/product\/3831","targetHints":{"allow":["GET"]}}],"collection":[{"href":"https:\/\/yotavis.ch\/fr\/wp-json\/wp\/v2\/product"}],"about":[{"href":"https:\/\/yotavis.ch\/fr\/wp-json\/wp\/v2\/types\/product"}],"replies":[{"embeddable":true,"href":"https:\/\/yotavis.ch\/fr\/wp-json\/wp\/v2\/comments?post=3831"}],"wp:featuredmedia":[{"embeddable":true,"href":"https:\/\/yotavis.ch\/fr\/wp-json\/wp\/v2\/media\/6949"}],"wp:attachment":[{"href":"https:\/\/yotavis.ch\/fr\/wp-json\/wp\/v2\/media?parent=3831"}],"wp:term":[{"taxonomy":"product_brand","embeddable":true,"href":"https:\/\/yotavis.ch\/fr\/wp-json\/wp\/v2\/product_brand?post=3831"},{"taxonomy":"product_cat","embeddable":true,"href":"https:\/\/yotavis.ch\/fr\/wp-json\/wp\/v2\/product_cat?post=3831"},{"taxonomy":"product_tag","embeddable":true,"href":"https:\/\/yotavis.ch\/fr\/wp-json\/wp\/v2\/product_tag?post=3831"}],"curies":[{"name":"wp","href":"https:\/\/api.w.org\/{rel}","templated":true}]}}