{"id":3832,"date":"2025-10-09T00:00:00","date_gmt":"2025-10-08T22:00:00","guid":{"rendered":"https:\/\/yotavis.ch\/product\/ssg6085a\/"},"modified":"2026-04-24T13:30:40","modified_gmt":"2026-04-24T11:30:40","slug":"ssg6085a","status":"publish","type":"product","link":"https:\/\/yotavis.ch\/fr\/produit\/ssg6085a\/","title":{"rendered":"SSG6085A"},"content":{"rendered":"<p>Le SSG6085A de Siglent fonctionne sur une plage de fr\u00e9quences allant de 100 kHz \u00e0 20 GHz, avec une plage de r\u00e9glage de niveau allant de -130 dBm \u00e0 +24 dBm. Il pr\u00e9sente un bruit de phase de -135 dBc\/Hz \u00e0 1 GHz avec un d\u00e9calage de 20 kHz. L'appareil comprend un \u00e9cran tactile TFT de 5 pouces pour l'interaction avec l'utilisateur et est \u00e9quip\u00e9 d'une source d'horloge standard de haute pr\u00e9cision. Sa capacit\u00e9 de fr\u00e9quence maximale est de 20 000 MHz et il supporte un niveau d'amplitude allant jusqu'\u00e0 24 dBm. La combinaison de ces sp\u00e9cifications rend le SSG6085A adapt\u00e9 aux applications n\u00e9cessitant la g\u00e9n\u00e9ration et la mesure de signaux pr\u00e9cis dans ses plages de fr\u00e9quence et d'amplitude.<\/p>","protected":false},"excerpt":{"rendered":"<p>100 k ~ 20 GHz ; plage de r\u00e9glage du niveau : -130 dBm ~ +24 dBm ; bruit de phase -135 dBc\/Hz @1 GHz, d\u00e9calage 20 kHz ; \u00e9cran tactile TFT 5 pouces, source d'horloge standard de haute pr\u00e9cision<\/p>","protected":false},"featured_media":6951,"comment_status":"closed","ping_status":"closed","template":"","meta":{"_acf_changed":false,"slim_seo":{"title":"SSG6085A - YOTAVIS AG","description":"100 k ~ 20 GHz; level setting range: -130 dBm ~ +24 dBm; Phase noise -135 dBc\/Hz @1 GHz, 20 kHz offset; 5 inch TFT touch-screen, standard high accuracy clock so"}},"product_brand":[506],"product_cat":[513,521],"product_tag":[],"class_list":{"0":"post-3832","1":"product","2":"type-product","3":"status-publish","4":"has-post-thumbnail","6":"product_brand-siglent","7":"product_cat-generator","8":"product_cat-rf-generator","9":"pa_amplitude-dbm-273","10":"pa_channels-384","11":"pa_frequency-mhz-272","13":"first","14":"instock","15":"taxable","16":"shipping-taxable","17":"purchasable","18":"product-type-simple"},"acf":[],"_links":{"self":[{"href":"https:\/\/yotavis.ch\/fr\/wp-json\/wp\/v2\/product\/3832","targetHints":{"allow":["GET"]}}],"collection":[{"href":"https:\/\/yotavis.ch\/fr\/wp-json\/wp\/v2\/product"}],"about":[{"href":"https:\/\/yotavis.ch\/fr\/wp-json\/wp\/v2\/types\/product"}],"replies":[{"embeddable":true,"href":"https:\/\/yotavis.ch\/fr\/wp-json\/wp\/v2\/comments?post=3832"}],"wp:featuredmedia":[{"embeddable":true,"href":"https:\/\/yotavis.ch\/fr\/wp-json\/wp\/v2\/media\/6951"}],"wp:attachment":[{"href":"https:\/\/yotavis.ch\/fr\/wp-json\/wp\/v2\/media?parent=3832"}],"wp:term":[{"taxonomy":"product_brand","embeddable":true,"href":"https:\/\/yotavis.ch\/fr\/wp-json\/wp\/v2\/product_brand?post=3832"},{"taxonomy":"product_cat","embeddable":true,"href":"https:\/\/yotavis.ch\/fr\/wp-json\/wp\/v2\/product_cat?post=3832"},{"taxonomy":"product_tag","embeddable":true,"href":"https:\/\/yotavis.ch\/fr\/wp-json\/wp\/v2\/product_tag?post=3832"}],"curies":[{"name":"wp","href":"https:\/\/api.w.org\/{rel}","templated":true}]}}