{"id":3834,"date":"2025-10-09T00:00:00","date_gmt":"2025-10-08T22:00:00","guid":{"rendered":"https:\/\/yotavis.ch\/product\/ssg6082a-v\/"},"modified":"2026-04-24T13:30:46","modified_gmt":"2026-04-24T11:30:46","slug":"ssg6082a-v","status":"publish","type":"product","link":"https:\/\/yotavis.ch\/fr\/produit\/ssg6082a-v\/","title":{"rendered":"SSG6082A-V"},"content":{"rendered":"<p>Le Siglent SSG6082A-V offre une gamme de fr\u00e9quences de sortie en mode CW de 9 kHz \u00e0 8 GHz et en mode IQ de 10 MHz \u00e0 8 GHz. Il pr\u00e9sente un bruit de phase typique de -132 dBc\/Hz \u00e0 un d\u00e9calage de 10 kHz lorsqu'il fonctionne \u00e0 1 GHz. La largeur de bande RF interne pour les signaux I+Q est de 500 MHz, ce qui permet une large gamme d'applications de g\u00e9n\u00e9ration de signaux. Le dispositif fonctionne \u00e0 une fr\u00e9quence maximale de 8000 MHz et peut d\u00e9livrer une amplitude allant jusqu'\u00e0 30 dBm. En outre, la largeur de bande IQ est sp\u00e9cifi\u00e9e \u00e0 1000 MHz, ce qui permet une sortie de signal de haute fid\u00e9lit\u00e9. Gr\u00e2ce \u00e0 ces sp\u00e9cifications, le SSG6082A-V convient \u00e0 divers sc\u00e9narios de test et de mesure n\u00e9cessitant des caract\u00e9ristiques pr\u00e9cises de bruit de fr\u00e9quence et de phase.<\/p>","protected":false},"excerpt":{"rendered":"<p>Gamme de fr\u00e9quences de sortie : Mode CW 9 kHz ~ 8 GHz, mode IQ 10 MHz ~ 8 GHz, bruit de phase : -132 dBc\/Hz offset 10 kHz @1 GHz (typ.), largeur de bande RF interne (I+Q) 500 MHz<\/p>","protected":false},"featured_media":6960,"comment_status":"closed","ping_status":"closed","template":"","meta":{"_acf_changed":false,"slim_seo":{"title":"SSG6082A-V - YOTAVIS AG","description":"Gamme de fr\u00e9quences de sortie : Mode CW 9 kHz ~ 8 GHz, mode IQ 10 MHz ~ 8 GHz, bruit de phase : -132 dBc\/Hz offset 10 kHz @1 GHz (typ.), largeur de bande RF interne (I+Q) 500 MHz"}},"product_brand":[506],"product_cat":[513,522],"product_tag":[],"class_list":{"0":"post-3834","1":"product","2":"type-product","3":"status-publish","4":"has-post-thumbnail","6":"product_brand-siglent","7":"product_cat-generator","8":"product_cat-rf-vector-generator","9":"pa_amplitude-dbm-276","10":"pa_channels-384","11":"pa_frequency-mhz-275","12":"pa_iq-bandwidth-mhz-471","14":"first","15":"instock","16":"taxable","17":"shipping-taxable","18":"purchasable","19":"product-type-simple"},"acf":[],"_links":{"self":[{"href":"https:\/\/yotavis.ch\/fr\/wp-json\/wp\/v2\/product\/3834","targetHints":{"allow":["GET"]}}],"collection":[{"href":"https:\/\/yotavis.ch\/fr\/wp-json\/wp\/v2\/product"}],"about":[{"href":"https:\/\/yotavis.ch\/fr\/wp-json\/wp\/v2\/types\/product"}],"replies":[{"embeddable":true,"href":"https:\/\/yotavis.ch\/fr\/wp-json\/wp\/v2\/comments?post=3834"}],"wp:featuredmedia":[{"embeddable":true,"href":"https:\/\/yotavis.ch\/fr\/wp-json\/wp\/v2\/media\/6960"}],"wp:attachment":[{"href":"https:\/\/yotavis.ch\/fr\/wp-json\/wp\/v2\/media?parent=3834"}],"wp:term":[{"taxonomy":"product_brand","embeddable":true,"href":"https:\/\/yotavis.ch\/fr\/wp-json\/wp\/v2\/product_brand?post=3834"},{"taxonomy":"product_cat","embeddable":true,"href":"https:\/\/yotavis.ch\/fr\/wp-json\/wp\/v2\/product_cat?post=3834"},{"taxonomy":"product_tag","embeddable":true,"href":"https:\/\/yotavis.ch\/fr\/wp-json\/wp\/v2\/product_tag?post=3834"}],"curies":[{"name":"wp","href":"https:\/\/api.w.org\/{rel}","templated":true}]}}