{"id":3838,"date":"2025-10-09T00:00:00","date_gmt":"2025-10-08T22:00:00","guid":{"rendered":"https:\/\/yotavis.ch\/product\/wavesurfer-3034z\/"},"modified":"2026-04-24T13:30:55","modified_gmt":"2026-04-24T11:30:55","slug":"wavesurfer-3034z","status":"publish","type":"product","link":"https:\/\/yotavis.ch\/fr\/produit\/wavesurfer-3034z\/","title":{"rendered":"WAVESURFER 3034Z#"},"content":{"rendered":"<p>Le WAVESURFER 3034Z# de Teledyne Lecroy est un oscilloscope \u00e0 m\u00e9moire num\u00e9rique dot\u00e9 d'une bande passante de 350 MHz et d'un taux d'\u00e9chantillonnage de 2000 MS\/s par voie. Il supporte quatre voies, chacune avec une profondeur de m\u00e9moire de 10 millions de points, ce qui permet une analyse d\u00e9taill\u00e9e des signaux. L'appareil est dot\u00e9 d'une r\u00e9solution verticale de 8 bits et d'un \u00e9cran tactile capacitif de 10,1 pouces de large avec affichage couleur, ce qui am\u00e9liore l'interaction avec l'utilisateur et la visualisation. Cet oscilloscope est con\u00e7u pour g\u00e9rer l'acquisition de donn\u00e9es \u00e0 grande vitesse avec un taux d'\u00e9chantillonnage de 4 G\u00e9ch\/s au total. La combinaison de sa bande passante, de sa fr\u00e9quence d'\u00e9chantillonnage et de sa profondeur de m\u00e9moire lui permet de capturer et d'analyser des formes d'ondes complexes. L'interface de l'\u00e9cran tactile offre un contr\u00f4le intuitif et une facilit\u00e9 d'utilisation pendant le fonctionnement. Le WAVESURFER 3034Z# int\u00e8gre des fonctions avanc\u00e9es dans un format compact pour des applications de mesure polyvalentes.<\/p>","protected":false},"excerpt":{"rendered":"<p>350 MHz, 4 GS\/s, 4 Ch, 10 Mpts\/Ch DSO with 10.1&#8243; Wide, Capacitive Touch Screen, Color Display<\/p>","protected":false},"featured_media":6980,"comment_status":"closed","ping_status":"closed","template":"","meta":{"_acf_changed":false,"slim_seo":{"title":"WAVESURFER 3034Z# - YOTAVIS AG","description":"DSO 350 MHz, 4 G\u00e9\/s, 4 voies, 10 Mpts\/Ch avec \u00e9cran tactile capacitif couleur de 10,1 pouces de large"}},"product_brand":[542],"product_cat":[508,507],"product_tag":[],"class_list":{"0":"post-3838","1":"product","2":"type-product","3":"status-publish","4":"has-post-thumbnail","6":"product_brand-lecroy","7":"product_cat-desktop-en","8":"product_cat-oscilloscope","9":"pa_bandwidth-mhz-76","10":"pa_channels-338","11":"pa_digital-channels-opt","12":"pa_imax-ac-a-1019","13":"pa_memory-depht-mpts-278","14":"pa_sampling-rate-channels-ms-s-347","15":"pa_touch-screen-yes","16":"pa_vertical-resolution-bits-340","18":"first","19":"instock","20":"taxable","21":"shipping-taxable","22":"purchasable","23":"product-type-simple"},"acf":[],"_links":{"self":[{"href":"https:\/\/yotavis.ch\/fr\/wp-json\/wp\/v2\/product\/3838","targetHints":{"allow":["GET"]}}],"collection":[{"href":"https:\/\/yotavis.ch\/fr\/wp-json\/wp\/v2\/product"}],"about":[{"href":"https:\/\/yotavis.ch\/fr\/wp-json\/wp\/v2\/types\/product"}],"replies":[{"embeddable":true,"href":"https:\/\/yotavis.ch\/fr\/wp-json\/wp\/v2\/comments?post=3838"}],"wp:featuredmedia":[{"embeddable":true,"href":"https:\/\/yotavis.ch\/fr\/wp-json\/wp\/v2\/media\/6980"}],"wp:attachment":[{"href":"https:\/\/yotavis.ch\/fr\/wp-json\/wp\/v2\/media?parent=3838"}],"wp:term":[{"taxonomy":"product_brand","embeddable":true,"href":"https:\/\/yotavis.ch\/fr\/wp-json\/wp\/v2\/product_brand?post=3838"},{"taxonomy":"product_cat","embeddable":true,"href":"https:\/\/yotavis.ch\/fr\/wp-json\/wp\/v2\/product_cat?post=3838"},{"taxonomy":"product_tag","embeddable":true,"href":"https:\/\/yotavis.ch\/fr\/wp-json\/wp\/v2\/product_tag?post=3838"}],"curies":[{"name":"wp","href":"https:\/\/api.w.org\/{rel}","templated":true}]}}