{"id":3839,"date":"2025-10-09T00:00:00","date_gmt":"2025-10-08T22:00:00","guid":{"rendered":"https:\/\/yotavis.ch\/product\/wavesurfer-3054z\/"},"modified":"2026-04-24T13:30:55","modified_gmt":"2026-04-24T11:30:55","slug":"wavesurfer-3054z","status":"publish","type":"product","link":"https:\/\/yotavis.ch\/fr\/produit\/wavesurfer-3054z\/","title":{"rendered":"WAVESURFER 3054Z#"},"content":{"rendered":"<p>Le WAVESURFER 3054Z# de Teledyne Lecroy est un oscilloscope \u00e0 stockage num\u00e9rique dot\u00e9 d'une bande passante de 500 MHz et d'une fr\u00e9quence d'\u00e9chantillonnage de 4 G\u00e9ch\/s sur quatre voies. Chaque voie est \u00e9quip\u00e9e d'une profondeur de m\u00e9moire de 10 millions de points, ce qui permet une capture et une analyse d\u00e9taill\u00e9es des signaux. L'appareil offre une r\u00e9solution verticale de 8 bits, ce qui permet des mesures pr\u00e9cises. Il comprend un \u00e9cran tactile capacitif de 10,1 pouces de large avec un affichage couleur, am\u00e9liorant l'interaction avec l'utilisateur et la visualisation des formes d'onde. L'oscilloscope prend en charge un taux d'\u00e9chantillonnage de 2000 MS\/s par canal, garantissant une acquisition de donn\u00e9es \u00e0 grande vitesse. Avec quatre canaux d'entr\u00e9e, il convient \u00e0 la surveillance et aux tests multi-signaux. La combinaison de ces caract\u00e9ristiques fait du WAVESURFER 3054Z# un instrument polyvalent pour diverses applications de mesure \u00e9lectronique.<\/p>","protected":false},"excerpt":{"rendered":"<p>500 MHz, 4 GS\/s, 4 Ch, 10 Mpts\/Ch DSO with 10.1&#8243; Wide, Capacitive Touch Screen, Color Display<\/p>","protected":false},"featured_media":6979,"comment_status":"closed","ping_status":"closed","template":"","meta":{"_acf_changed":false,"slim_seo":{"title":"WAVESURFER 3054Z# - YOTAVIS AG","description":"DSO 500 MHz, 4 GS\/s, 4 voies, 10 Mpts\/Ch avec \u00e9cran tactile capacitif couleur de 10,1 pouces de large"}},"product_brand":[542],"product_cat":[508,507],"product_tag":[],"class_list":{"0":"post-3839","1":"product","2":"type-product","3":"status-publish","4":"has-post-thumbnail","6":"product_brand-lecroy","7":"product_cat-desktop-en","8":"product_cat-oscilloscope","9":"pa_bandwidth-mhz-83","10":"pa_channels-338","11":"pa_digital-channels-opt","12":"pa_imax-ac-a-1019","13":"pa_memory-depht-mpts-278","14":"pa_sampling-rate-channels-ms-s-347","15":"pa_touch-screen-yes","16":"pa_vertical-resolution-bits-340","18":"first","19":"instock","20":"taxable","21":"shipping-taxable","22":"purchasable","23":"product-type-simple"},"acf":[],"_links":{"self":[{"href":"https:\/\/yotavis.ch\/fr\/wp-json\/wp\/v2\/product\/3839","targetHints":{"allow":["GET"]}}],"collection":[{"href":"https:\/\/yotavis.ch\/fr\/wp-json\/wp\/v2\/product"}],"about":[{"href":"https:\/\/yotavis.ch\/fr\/wp-json\/wp\/v2\/types\/product"}],"replies":[{"embeddable":true,"href":"https:\/\/yotavis.ch\/fr\/wp-json\/wp\/v2\/comments?post=3839"}],"wp:featuredmedia":[{"embeddable":true,"href":"https:\/\/yotavis.ch\/fr\/wp-json\/wp\/v2\/media\/6979"}],"wp:attachment":[{"href":"https:\/\/yotavis.ch\/fr\/wp-json\/wp\/v2\/media?parent=3839"}],"wp:term":[{"taxonomy":"product_brand","embeddable":true,"href":"https:\/\/yotavis.ch\/fr\/wp-json\/wp\/v2\/product_brand?post=3839"},{"taxonomy":"product_cat","embeddable":true,"href":"https:\/\/yotavis.ch\/fr\/wp-json\/wp\/v2\/product_cat?post=3839"},{"taxonomy":"product_tag","embeddable":true,"href":"https:\/\/yotavis.ch\/fr\/wp-json\/wp\/v2\/product_tag?post=3839"}],"curies":[{"name":"wp","href":"https:\/\/api.w.org\/{rel}","templated":true}]}}