{"id":3840,"date":"2025-10-09T00:00:00","date_gmt":"2025-10-08T22:00:00","guid":{"rendered":"https:\/\/yotavis.ch\/product\/wavesurfer-3104z\/"},"modified":"2026-04-24T13:30:57","modified_gmt":"2026-04-24T11:30:57","slug":"wavesurfer-3104z","status":"publish","type":"product","link":"https:\/\/yotavis.ch\/fr\/produit\/wavesurfer-3104z\/","title":{"rendered":"WAVESURFER 3104Z#"},"content":{"rendered":"<p>Le WAVESURFER 3104Z# de Teledyne Lecroy est un oscilloscope \u00e0 m\u00e9moire num\u00e9rique dot\u00e9 d'une bande passante de 1 GHz et d'une fr\u00e9quence d'\u00e9chantillonnage de 4 G\u00e9ch\/s sur quatre voies. Chaque voie est \u00e9quip\u00e9e d'une profondeur de m\u00e9moire de 10 millions de points, ce qui permet une capture et une analyse d\u00e9taill\u00e9es des signaux. L'appareil est dot\u00e9 d'un \u00e9cran tactile capacitif de 10,1 pouces avec affichage couleur, ce qui am\u00e9liore l'interaction avec l'utilisateur et la visualisation des formes d'onde. Il offre une r\u00e9solution verticale de 8 bits, ce qui permet des mesures pr\u00e9cises. L'oscilloscope prend en charge un taux d'\u00e9chantillonnage de 2000 MS\/s par canal, garantissant une acquisition de donn\u00e9es \u00e0 grande vitesse. La combinaison de ces sp\u00e9cifications le rend adapt\u00e9 \u00e0 diverses applications n\u00e9cessitant l'analyse de signaux \u00e0 haute fr\u00e9quence et la capture de donn\u00e9es multicanaux.<\/p>","protected":false},"excerpt":{"rendered":"<p>1 GHz, 4 GS\/s, 4 Ch, 10 Mpts\/Ch DSO with 10.1&#8243; Wide, Capacitive Touch Screen, Color Display<\/p>","protected":false},"featured_media":6975,"comment_status":"closed","ping_status":"closed","template":"","meta":{"_acf_changed":false,"slim_seo":{"title":"WAVESURFER 3104Z# - YOTAVIS AG","description":"1 GHz, 4 G\u00e9ch\/s, 4 voies, 10 Mpts\/Ch DSO avec \u00e9cran tactile capacitif de 10,1 pouces, affichage couleur"}},"product_brand":[542],"product_cat":[508,507],"product_tag":[],"class_list":{"0":"post-3840","1":"product","2":"type-product","3":"status-publish","4":"has-post-thumbnail","6":"product_brand-lecroy","7":"product_cat-desktop-en","8":"product_cat-oscilloscope","9":"pa_bandwidth-mhz-84","10":"pa_channels-338","11":"pa_digital-channels-opt","12":"pa_imax-ac-a-1019","13":"pa_memory-depht-mpts-278","14":"pa_sampling-rate-channels-ms-s-347","15":"pa_touch-screen-yes","16":"pa_vertical-resolution-bits-340","18":"first","19":"instock","20":"taxable","21":"shipping-taxable","22":"purchasable","23":"product-type-simple"},"acf":[],"_links":{"self":[{"href":"https:\/\/yotavis.ch\/fr\/wp-json\/wp\/v2\/product\/3840","targetHints":{"allow":["GET"]}}],"collection":[{"href":"https:\/\/yotavis.ch\/fr\/wp-json\/wp\/v2\/product"}],"about":[{"href":"https:\/\/yotavis.ch\/fr\/wp-json\/wp\/v2\/types\/product"}],"replies":[{"embeddable":true,"href":"https:\/\/yotavis.ch\/fr\/wp-json\/wp\/v2\/comments?post=3840"}],"wp:featuredmedia":[{"embeddable":true,"href":"https:\/\/yotavis.ch\/fr\/wp-json\/wp\/v2\/media\/6975"}],"wp:attachment":[{"href":"https:\/\/yotavis.ch\/fr\/wp-json\/wp\/v2\/media?parent=3840"}],"wp:term":[{"taxonomy":"product_brand","embeddable":true,"href":"https:\/\/yotavis.ch\/fr\/wp-json\/wp\/v2\/product_brand?post=3840"},{"taxonomy":"product_cat","embeddable":true,"href":"https:\/\/yotavis.ch\/fr\/wp-json\/wp\/v2\/product_cat?post=3840"},{"taxonomy":"product_tag","embeddable":true,"href":"https:\/\/yotavis.ch\/fr\/wp-json\/wp\/v2\/product_tag?post=3840"}],"curies":[{"name":"wp","href":"https:\/\/api.w.org\/{rel}","templated":true}]}}