{"id":3842,"date":"2025-10-09T00:00:00","date_gmt":"2025-10-08T22:00:00","guid":{"rendered":"https:\/\/yotavis.ch\/product\/ws3k-mso\/"},"modified":"2026-04-24T13:30:58","modified_gmt":"2026-04-24T11:30:58","slug":"ws3k-mso","status":"publish","type":"product","link":"https:\/\/yotavis.ch\/fr\/produit\/ws3k-mso\/","title":{"rendered":"WS3K-MSO"},"content":{"rendered":"<p>Le WS3K-MSO est une sonde \u00e0 signaux mixtes, des accessoires et une licence con\u00e7us pour \u00eatre utilis\u00e9s avec les mod\u00e8les WaveSurfer 3000 et 3000z. Elle est fabriqu\u00e9e par Teledyne Lecroy, une soci\u00e9t\u00e9 connue pour ses \u00e9quipements de test \u00e9lectroniques. Cet ensemble de produits comprend les composants n\u00e9cessaires pour am\u00e9liorer la fonctionnalit\u00e9 de la s\u00e9rie WaveSurfer 3000, permettant des capacit\u00e9s d'analyse de signaux mixtes. L'inclusion de la sonde et des accessoires garantit la compatibilit\u00e9 et la facilit\u00e9 d'int\u00e9gration avec le syst\u00e8me d'oscilloscope existant. En outre, la licence fournie permet aux utilisateurs de d\u00e9bloquer des fonctions sp\u00e9cifiques adapt\u00e9es aux op\u00e9rations de signaux mixtes. Cette combinaison permet de r\u00e9aliser des tests et des mesures avanc\u00e9s en \u00e9largissant la polyvalence de l'oscilloscope. Le WS3K-MSO est con\u00e7u pour \u00eatre utilis\u00e9 en compl\u00e9ment du WaveSurfer 3000 et 3000z, facilitant une analyse plus compl\u00e8te des signaux sans n\u00e9cessiter d'instrument s\u00e9par\u00e9.<\/p>","protected":false},"excerpt":{"rendered":"<p>Sonde \u00e0 signaux mixtes, accessoires et licence pour WaveSurfer 3000 \/ 3000z<\/p>","protected":false},"featured_media":6989,"comment_status":"closed","ping_status":"closed","template":"","meta":{"_acf_changed":false,"slim_seo":{"title":"WS3K-MSO - YOTAVIS AG","description":"Sonde \u00e0 signaux mixtes, accessoires et licence pour WaveSurfer 3000 \/ 3000z"}},"product_brand":[542],"product_cat":[510,509],"product_tag":[],"class_list":{"0":"post-3842","1":"product","2":"type-product","3":"status-publish","4":"has-post-thumbnail","6":"product_brand-lecroy","7":"product_cat-others-en","8":"product_cat-probes-en","9":"pa_imax-ac-a-1019","11":"first","12":"instock","13":"taxable","14":"shipping-taxable","15":"purchasable","16":"product-type-simple"},"acf":[],"_links":{"self":[{"href":"https:\/\/yotavis.ch\/fr\/wp-json\/wp\/v2\/product\/3842","targetHints":{"allow":["GET"]}}],"collection":[{"href":"https:\/\/yotavis.ch\/fr\/wp-json\/wp\/v2\/product"}],"about":[{"href":"https:\/\/yotavis.ch\/fr\/wp-json\/wp\/v2\/types\/product"}],"replies":[{"embeddable":true,"href":"https:\/\/yotavis.ch\/fr\/wp-json\/wp\/v2\/comments?post=3842"}],"wp:featuredmedia":[{"embeddable":true,"href":"https:\/\/yotavis.ch\/fr\/wp-json\/wp\/v2\/media\/6989"}],"wp:attachment":[{"href":"https:\/\/yotavis.ch\/fr\/wp-json\/wp\/v2\/media?parent=3842"}],"wp:term":[{"taxonomy":"product_brand","embeddable":true,"href":"https:\/\/yotavis.ch\/fr\/wp-json\/wp\/v2\/product_brand?post=3842"},{"taxonomy":"product_cat","embeddable":true,"href":"https:\/\/yotavis.ch\/fr\/wp-json\/wp\/v2\/product_cat?post=3842"},{"taxonomy":"product_tag","embeddable":true,"href":"https:\/\/yotavis.ch\/fr\/wp-json\/wp\/v2\/product_tag?post=3842"}],"curies":[{"name":"wp","href":"https:\/\/api.w.org\/{rel}","templated":true}]}}