{"id":3843,"date":"2025-10-09T00:00:00","date_gmt":"2025-10-08T22:00:00","guid":{"rendered":"https:\/\/yotavis.ch\/product\/ap033\/"},"modified":"2026-04-24T13:31:00","modified_gmt":"2026-04-24T11:31:00","slug":"ap033","status":"publish","type":"product","link":"https:\/\/yotavis.ch\/fr\/produit\/ap033\/","title":{"rendered":"AP033"},"content":{"rendered":"<p>L'AP033 est une sonde diff\u00e9rentielle de 500 MHz fabriqu\u00e9e par Teledyne Lecroy. Elle dispose d'une bande passante de 500 MHz et supporte une tension maximale de 5 V. La sonde s'interface avec les \u00e9quipements LeCroy, assurant ainsi la compatibilit\u00e9 au sein de cet \u00e9cosyst\u00e8me. Ce dispositif est con\u00e7u pour mesurer des signaux diff\u00e9rentiels avec pr\u00e9cision, ce qui le rend adapt\u00e9 \u00e0 diverses applications de test et de mesure. Ses sp\u00e9cifications visent \u00e0 fournir des lectures de tension pr\u00e9cises jusqu'\u00e0 la tension maximale sp\u00e9cifi\u00e9e. La conception et l'interface de la sonde lui permettent d'\u00eatre int\u00e9gr\u00e9e de mani\u00e8re transparente avec d'autres instruments LeCroy, facilitant ainsi l'acquisition et l'analyse des donn\u00e9es. L'AP033 est con\u00e7ue pour r\u00e9pondre aux exigences des utilisateurs qui ont besoin de sonder des signaux diff\u00e9rentiels fiables \u00e0 des fr\u00e9quences allant jusqu'\u00e0 500 MHz.<\/p>","protected":false},"excerpt":{"rendered":"<p>Sonde diff\u00e9rentielle 500 MHz<\/p>","protected":false},"featured_media":6991,"comment_status":"closed","ping_status":"closed","template":"","meta":{"_acf_changed":false,"slim_seo":{"title":"AP033 - YOTAVIS AG","description":"Sonde diff\u00e9rentielle 500 MHz"}},"product_brand":[542],"product_cat":[535,509],"product_tag":[],"class_list":{"0":"post-3843","1":"product","2":"type-product","3":"status-publish","4":"has-post-thumbnail","6":"product_brand-lecroy","7":"product_cat-differential-probes-en","8":"product_cat-probes-en","9":"pa_bandwidth-mhz-83","10":"pa_imax-ac-a-1019","11":"pa_interface-lecroy","12":"pa_voltage-max-v-237","14":"first","15":"instock","16":"taxable","17":"shipping-taxable","18":"purchasable","19":"product-type-simple"},"acf":[],"_links":{"self":[{"href":"https:\/\/yotavis.ch\/fr\/wp-json\/wp\/v2\/product\/3843","targetHints":{"allow":["GET"]}}],"collection":[{"href":"https:\/\/yotavis.ch\/fr\/wp-json\/wp\/v2\/product"}],"about":[{"href":"https:\/\/yotavis.ch\/fr\/wp-json\/wp\/v2\/types\/product"}],"replies":[{"embeddable":true,"href":"https:\/\/yotavis.ch\/fr\/wp-json\/wp\/v2\/comments?post=3843"}],"wp:featuredmedia":[{"embeddable":true,"href":"https:\/\/yotavis.ch\/fr\/wp-json\/wp\/v2\/media\/6991"}],"wp:attachment":[{"href":"https:\/\/yotavis.ch\/fr\/wp-json\/wp\/v2\/media?parent=3843"}],"wp:term":[{"taxonomy":"product_brand","embeddable":true,"href":"https:\/\/yotavis.ch\/fr\/wp-json\/wp\/v2\/product_brand?post=3843"},{"taxonomy":"product_cat","embeddable":true,"href":"https:\/\/yotavis.ch\/fr\/wp-json\/wp\/v2\/product_cat?post=3843"},{"taxonomy":"product_tag","embeddable":true,"href":"https:\/\/yotavis.ch\/fr\/wp-json\/wp\/v2\/product_tag?post=3843"}],"curies":[{"name":"wp","href":"https:\/\/api.w.org\/{rel}","templated":true}]}}