{"id":3845,"date":"2025-10-09T00:00:00","date_gmt":"2025-10-08T22:00:00","guid":{"rendered":"https:\/\/yotavis.ch\/product\/zd1000\/"},"modified":"2026-04-24T13:31:01","modified_gmt":"2026-04-24T11:31:01","slug":"zd1000","status":"publish","type":"product","link":"https:\/\/yotavis.ch\/fr\/produit\/zd1000\/","title":{"rendered":"ZD1000"},"content":{"rendered":"<p>La sonde diff\u00e9rentielle active ZD1000 de Teledyne Lecroy est con\u00e7ue pour fonctionner \u00e0 une largeur de bande de 1000 MHz, ce qui la rend adapt\u00e9e aux mesures de signaux \u00e0 haute fr\u00e9quence. Elle offre une capacit\u00e9 de fr\u00e9quence de 1 GHz et une faible capacit\u00e9 d'entr\u00e9e de 1,0 pF, ce qui permet de minimiser les effets de charge sur le circuit test\u00e9. La sonde supporte une tension maximale de \u00b18 V, ce qui lui permet de g\u00e9rer une gamme d'amplitudes de signaux en toute s\u00e9curit\u00e9. Elle s'interface avec les \u00e9quipements LeCroy, ce qui garantit sa compatibilit\u00e9 avec une grande vari\u00e9t\u00e9 d'instruments de test et de mesure. La sonde ZD1000 est con\u00e7ue pour fournir des mesures diff\u00e9rentielles pr\u00e9cises, essentielles \u00e0 l'analyse des signaux dans les syst\u00e8mes \u00e9lectroniques complexes. Sa conception est ax\u00e9e sur le maintien de l'int\u00e9grit\u00e9 du signal tout en offrant des performances fiables dans des environnements de test exigeants.<\/p>","protected":false},"excerpt":{"rendered":"<p>1 GHz, sonde diff\u00e9rentielle active de 1,0 pF, \u00b18 V<\/p>","protected":false},"featured_media":6994,"comment_status":"closed","ping_status":"closed","template":"","meta":{"_acf_changed":false,"slim_seo":{"title":"ZD1000 - YOTAVIS AG","description":"1 GHz, sonde diff\u00e9rentielle active de 1,0 pF, \u00b18 V"}},"product_brand":[542],"product_cat":[535,509],"product_tag":[],"class_list":{"0":"post-3845","1":"product","2":"type-product","3":"status-publish","4":"has-post-thumbnail","6":"product_brand-lecroy","7":"product_cat-differential-probes-en","8":"product_cat-probes-en","9":"pa_bandwidth-mhz-84","10":"pa_imax-ac-a-1019","11":"pa_interface-lecroy","12":"pa_voltage-max-v-86","14":"first","15":"instock","16":"taxable","17":"shipping-taxable","18":"purchasable","19":"product-type-simple"},"acf":[],"_links":{"self":[{"href":"https:\/\/yotavis.ch\/fr\/wp-json\/wp\/v2\/product\/3845","targetHints":{"allow":["GET"]}}],"collection":[{"href":"https:\/\/yotavis.ch\/fr\/wp-json\/wp\/v2\/product"}],"about":[{"href":"https:\/\/yotavis.ch\/fr\/wp-json\/wp\/v2\/types\/product"}],"replies":[{"embeddable":true,"href":"https:\/\/yotavis.ch\/fr\/wp-json\/wp\/v2\/comments?post=3845"}],"wp:featuredmedia":[{"embeddable":true,"href":"https:\/\/yotavis.ch\/fr\/wp-json\/wp\/v2\/media\/6994"}],"wp:attachment":[{"href":"https:\/\/yotavis.ch\/fr\/wp-json\/wp\/v2\/media?parent=3845"}],"wp:term":[{"taxonomy":"product_brand","embeddable":true,"href":"https:\/\/yotavis.ch\/fr\/wp-json\/wp\/v2\/product_brand?post=3845"},{"taxonomy":"product_cat","embeddable":true,"href":"https:\/\/yotavis.ch\/fr\/wp-json\/wp\/v2\/product_cat?post=3845"},{"taxonomy":"product_tag","embeddable":true,"href":"https:\/\/yotavis.ch\/fr\/wp-json\/wp\/v2\/product_tag?post=3845"}],"curies":[{"name":"wp","href":"https:\/\/api.w.org\/{rel}","templated":true}]}}