{"id":3848,"date":"2025-10-09T00:00:00","date_gmt":"2025-10-08T22:00:00","guid":{"rendered":"https:\/\/yotavis.ch\/product\/zs1500\/"},"modified":"2026-04-24T13:31:05","modified_gmt":"2026-04-24T11:31:05","slug":"zs1500","status":"publish","type":"product","link":"https:\/\/yotavis.ch\/fr\/produit\/zs1500\/","title":{"rendered":"ZS1500"},"content":{"rendered":"<p>Le ZS1500 de Teledyne Lecroy est une sonde de tension active avec une largeur de bande de 1,5 GHz et une capacit\u00e9 d'entr\u00e9e de 0,9 pF. Elle pr\u00e9sente une r\u00e9sistance d'entr\u00e9e \u00e9lev\u00e9e de 1 m\u00e9ga-\u03a9, ce qui la rend adapt\u00e9e aux mesures de tension pr\u00e9cises. La sonde a une tension nominale maximale de 8 volts, ce qui lui permet de g\u00e9rer une gamme de niveaux de signaux dans cette limite. Elle s'interface directement avec les \u00e9quipements LeCroy, ce qui assure la compatibilit\u00e9 et la facilit\u00e9 d'int\u00e9gration. La conception est ax\u00e9e sur la fourniture de lectures de tension pr\u00e9cises \u00e0 des fr\u00e9quences \u00e9lev\u00e9es, gr\u00e2ce \u00e0 sa bande passante substantielle. Cette sonde est id\u00e9ale pour les applications n\u00e9cessitant une analyse d\u00e9taill\u00e9e des signaux \u00e0 des fr\u00e9quences allant jusqu'\u00e0 1,5 GHz.<\/p>","protected":false},"excerpt":{"rendered":"<p>Sonde de tension active 1,5 GHz, 0,9 pF, 1 m\u00e9ga-\u03a9<\/p>","protected":false},"featured_media":6998,"comment_status":"closed","ping_status":"closed","template":"","meta":{"_acf_changed":false,"slim_seo":{"title":"ZS1500 - YOTAVIS AG","description":"Sonde de tension active 1,5 GHz, 0,9 pF, 1 m\u00e9ga-\u03a9"}},"product_brand":[542],"product_cat":[511,509],"product_tag":[],"class_list":{"0":"post-3848","1":"product","2":"type-product","3":"status-publish","4":"has-post-thumbnail","6":"product_brand-lecroy","7":"product_cat-active-probes-en","8":"product_cat-probes-en","9":"pa_bandwidth-mhz-240","10":"pa_imax-ac-a-1019","11":"pa_interface-lecroy","12":"pa_voltage-max-v-86","14":"first","15":"instock","16":"taxable","17":"shipping-taxable","18":"purchasable","19":"product-type-simple"},"acf":[],"_links":{"self":[{"href":"https:\/\/yotavis.ch\/fr\/wp-json\/wp\/v2\/product\/3848","targetHints":{"allow":["GET"]}}],"collection":[{"href":"https:\/\/yotavis.ch\/fr\/wp-json\/wp\/v2\/product"}],"about":[{"href":"https:\/\/yotavis.ch\/fr\/wp-json\/wp\/v2\/types\/product"}],"replies":[{"embeddable":true,"href":"https:\/\/yotavis.ch\/fr\/wp-json\/wp\/v2\/comments?post=3848"}],"wp:featuredmedia":[{"embeddable":true,"href":"https:\/\/yotavis.ch\/fr\/wp-json\/wp\/v2\/media\/6998"}],"wp:attachment":[{"href":"https:\/\/yotavis.ch\/fr\/wp-json\/wp\/v2\/media?parent=3848"}],"wp:term":[{"taxonomy":"product_brand","embeddable":true,"href":"https:\/\/yotavis.ch\/fr\/wp-json\/wp\/v2\/product_brand?post=3848"},{"taxonomy":"product_cat","embeddable":true,"href":"https:\/\/yotavis.ch\/fr\/wp-json\/wp\/v2\/product_cat?post=3848"},{"taxonomy":"product_tag","embeddable":true,"href":"https:\/\/yotavis.ch\/fr\/wp-json\/wp\/v2\/product_tag?post=3848"}],"curies":[{"name":"wp","href":"https:\/\/api.w.org\/{rel}","templated":true}]}}